{"id":116,"date":"2017-12-12T14:19:40","date_gmt":"2017-12-12T13:19:40","guid":{"rendered":"http:\/\/crtech.fr\/?page_id=116"},"modified":"2021-09-07T11:46:24","modified_gmt":"2021-09-07T09:46:24","slug":"deroulement-des-cours","status":"publish","type":"page","link":"https:\/\/crtech.fr\/?page_id=116","title":{"rendered":"D\u00e9roulement des cours de technologie sur le cycle 4"},"content":{"rendered":"<h3 style=\"text-align: center;\"><span style=\"font-family: tahoma, arial, helvetica, sans-serif; font-size: 14pt;\"><u>D\u00e9roulement des cours de technologie<\/u><\/span><\/h3>\n<p style=\"text-align: justify;\">Les s\u00e9ances de cours sont de 1h30 hebdomadaires en 5\u00b0 4\u00b0 et 3\u00b0, en classe enti\u00e8re, les effectifs allant jusqu&rsquo;\u00e0 30. Les \u00e9l\u00e8ves de 4\u00b0 et de 3\u00b0 b\u00e9n\u00e9ficient d&rsquo;une heure quinzaine d\u00e9doubl\u00e9e.<\/p>\n<p style=\"text-align: justify;\">Les effectifs sont ensuite r\u00e9partis en \u00e9quipes de 4 \u00e0 5 \u00e9l\u00e8ves, utilisant jusqu\u2019\u00e0 6 \u00eelots lors des activit\u00e9s.<\/p>\n<p style=\"text-align: justify;\">Concernant les cours <strong>(particuli\u00e8rement en classes enti\u00e8res)\u00a0:<\/strong> <strong>ce fonctionnement implique beaucoup de rigueur de s\u00e9rieux et de d&rsquo;autodiscipline de la part des \u00e9l\u00e8ves<\/strong>.<\/p>\n<p style=\"text-align: justify;\">La configuration de la salle est adapt\u00e9e \u00e0 ce mode de fonctionnement :<\/p>\n<ul>\n<li style=\"list-style-type: none;\">\n<ul style=\"text-align: justify;\">\n<li>6 \u00eelots de travail comprenant chacun deux postes informatiques, 5 places assises.<\/li>\n<li>Un espace num\u00e9rique de travail int\u00e9grant un site internet ressource accessible ici : <em style=\"font-size: 1rem;\"><a href=\"http:\/\/www.crtech.fr\/\">http:\/\/www.crtech.fr<\/a><\/em><\/li>\n<li>Un tableau num\u00e9rique interactif avec vid\u00e9oprojecteur et haut parleurs muraux,<\/li>\n<li>Un espace d\u00e9di\u00e9 \u00e0 l&rsquo;\u00e9tude\/manipulation d&rsquo;objets techniques et\/ou \u00e0 la concertation, \u00e9laboration de documents sur les \u00eelots.<\/li>\n<li>Un espace d\u00e9di\u00e9 \u00e0 la r\u00e9alisation de projets et\/ou manipulations exp\u00e9rimentales (deux \u00e9tablis en zone de r\u00e9alisations).<\/li>\n<li>Une imprimante 3 D, deux traceurs\/d\u00e9coupe vinyles et une machine de C.F.A.O.<\/li>\n<\/ul>\n<\/li>\n<\/ul>\n<ul>\n<li style=\"list-style-type: none;\"><\/li>\n<\/ul>\n<p style=\"text-align: justify;\">Les m\u00e9thodes d&rsquo;enseignements alternent entre :<br \/>\n<strong>&#8211; d\u00e9marche d&rsquo;investigation <span style=\"font-size: 12pt; font-family: tahoma, arial, helvetica, sans-serif;\"><a href=\"http:\/\/crtech.fr\/wp-content\/uploads\/2017\/12\/demarche.pdf\" target=\"_blank\" rel=\"noopener noreferrer\"><img decoding=\"async\" class=\"alignnone wp-image-68\" src=\"http:\/\/crtech.fr\/wp-content\/uploads\/2017\/12\/icone_pdf.png\" alt=\"\" width=\"50\" height=\"50\" \/><\/a><\/span><\/strong>,<br \/>\n&#8211; <strong>r\u00e9solution de probl\u00e8mes<\/strong>,<br \/>\n<strong>&#8211; classe invers\u00e9e <span style=\"font-size: 12pt; font-family: tahoma, arial, helvetica, sans-serif;\"><a href=\"http:\/\/crtech.fr\/wp-content\/uploads\/2017\/12\/classe-inversee.png\" target=\"_blank\" rel=\"noopener noreferrer\"><img decoding=\"async\" class=\"alignnone wp-image-118\" src=\"http:\/\/crtech.fr\/wp-content\/uploads\/2017\/12\/classe-inversee-300x255.png\" alt=\"\" width=\"100\" height=\"85\" srcset=\"https:\/\/crtech.fr\/wp-content\/uploads\/2017\/12\/classe-inversee-300x255.png 300w, https:\/\/crtech.fr\/wp-content\/uploads\/2017\/12\/classe-inversee-768x654.png 768w, https:\/\/crtech.fr\/wp-content\/uploads\/2017\/12\/classe-inversee-1024x872.png 1024w, https:\/\/crtech.fr\/wp-content\/uploads\/2017\/12\/classe-inversee.png 1934w\" sizes=\"(max-width: 100px) 100vw, 100px\" \/><\/a><\/span><\/strong>,<br \/>\n&#8211; <strong>bilans concert\u00e9s<\/strong> aboutissant \u00e0 des <strong>fiches synth\u00e8ses,<br \/>\n&#8211; \u00e9valuations par comp\u00e9tences.<\/strong><\/p>\n<p style=\"text-align: justify;\">Un document synth\u00e8se des notions \u00e0 conna\u00eetre conclut chaque fin de s\u00e9quence d&rsquo;activit\u00e9 <em>(il est disponible dans la colonne de droite de chaque centre d&rsquo;int\u00e9r\u00eat, ou tout en bas des menus d\u00e9roulants de chaque niveau sous forme d&rsquo;E-Classeurs synth\u00e8ses reprenant tous ces documents)<\/em>, <strong>les \u00e9l\u00e8ves doivent prendre connaissance de <\/strong><strong>ces notions th\u00e9oriques correspondantes une fois le centre d\u2019int\u00e9r\u00eat achev\u00e9.<\/strong><\/p>\n<p style=\"text-align: justify;\">Une \u00e9valuation des comp\u00e9tences acquises lors de ces s\u00e9quences est effectu\u00e9e en fin de s\u00e9quence.<\/p>\n<p style=\"text-align: justify;\">L&rsquo;essentiel du travail se fait en classe, except\u00e9 pour les pr\u00e9parations en <strong>classe invers\u00e9e<\/strong> pour lesquelles les \u00e9l\u00e8ves ont un travail de d\u00e9couvertes pr\u00e9liminaires \u00e0 effectuer \u00e0 la maison. Lorsque c&rsquo;est le cas, ceci est pr\u00e9cis\u00e9 en d\u00e9but d&rsquo;activit\u00e9 sous le titre du centre d&rsquo;int\u00e9r\u00eat \u00e9tudi\u00e9, dans un cadre intitul\u00e9 \u00ab\u00a0<em><u>Travail pr\u00e9paratoire en \u00ab\u00a0classe invers\u00e9e\u00a0\u00bb<\/u><\/em><em>.<\/em><\/p>\n<p style=\"text-align: justify;\">Les \u00e9valuations des comp\u00e9tences sont individuelles, elles sont le bilan de l&rsquo;\u00e9valuation du travail de l&rsquo;\u00e9quipe, pond\u00e9r\u00e9e par l&rsquo;investissement individuel et la participation de chacun.<\/p>\n<p style=\"text-align: justify;\"><u>Au sein de l\u2019\u00e9quipe de Technologie, en accord avec nos IPR, nous avons opt\u00e9 pour un usage g\u00e9n\u00e9ralis\u00e9 du num\u00e9rique et d\u2019<strong>E-Classeurs<\/strong>\u00a0pour les raisons suivantes :<\/u><\/p>\n<ul>\n<li style=\"list-style-type: none;\">\n<ul style=\"text-align: justify;\">\n<li>Nous souhaitons adopter des pratiques p\u00e9dagogiques innovantes,<\/li>\n<li>Par souci de coh\u00e9rence avec le contrat d&rsquo;objectif du coll\u00e8ge concernant la strat\u00e9gie de recyclage mise en place, et afin d&rsquo;\u00eatre plus \u00ab\u00a0\u00e9co-citoyen\u00a0\u00bb,<\/li>\n<li>Pour all\u00e9ger le poids des cartables : les \u00e9l\u00e8ves n&rsquo;ont plus de documents papier \u00e0 transporter entre le domicile et le coll\u00e8ge.<\/li>\n<li>Ces documents num\u00e9riques sont \u00e0 compl\u00e9ter par les \u00e9l\u00e8ves directement sur les postes informatique du r\u00e9seau p\u00e9dagogique\u00a0:leur qualit\u00e9 bien sup\u00e9rieure aux anciennes versions papier (puisque num\u00e9riques et couleurs), le stockage est ais\u00e9 et s\u00e9curis\u00e9, les \u00e9l\u00e8ves peuvent agrandir les tailles des caract\u00e8res des documents si n\u00e9cessaire.<\/li>\n<li>Le travail en \u00e9quipe est renforc\u00e9 par une meilleure interaction entre les \u00e9l\u00e8ves et la production finale de meilleure qualit\u00e9.<\/li>\n<\/ul>\n<\/li>\n<\/ul>\n<p style=\"text-align: justify;\"><strong>Tous les documents d&rsquo;activit\u00e9s ou fiches de synth\u00e8ses sont disponibles, consultables et t\u00e9l\u00e9chargeables depuis ce site, il n&rsquo;est donc pas utile de les imprimer ou de les photocopier.*<\/strong><\/p>\n<p style=\"text-align: justify;\"><strong>\u00a0<\/strong><strong><em>* Sur demande, lors de besoin particulier<\/em><\/strong><strong>\u00a0<em>(PAP, PAI, PPS, etc.)<\/em><\/strong><strong><em>, nous pouvons fournir aux \u00e9l\u00e8ves les versions papiers des documents utilis\u00e9s en classe.<\/em><\/strong><\/p>\n","protected":false},"excerpt":{"rendered":"<p>D\u00e9roulement des cours de technologie Les s\u00e9ances de cours sont de 1h30 hebdomadaires en 5\u00b0 4\u00b0 et 3\u00b0, en classe enti\u00e8re, les effectifs allant jusqu&rsquo;\u00e0 30. Les \u00e9l\u00e8ves de 4\u00b0 et de 3\u00b0 b\u00e9n\u00e9ficient d&rsquo;une heure quinzaine d\u00e9doubl\u00e9e. Les effectifs sont ensuite r\u00e9partis en \u00e9quipes de 4 \u00e0 5 \u00e9l\u00e8ves, utilisant jusqu\u2019\u00e0 6 \u00eelots lors des activit\u00e9s. Concernant les cours<\/p>\n<p><a class=\"more-link\" href=\"https:\/\/crtech.fr\/?page_id=116\">Read More<\/a><\/p>\n","protected":false},"author":2,"featured_media":0,"parent":58,"menu_order":0,"comment_status":"closed","ping_status":"closed","template":"","meta":{"__cvm_playback_settings":[],"__cvm_video_id":"","footnotes":""},"class_list":["post-116","page","type-page","status-publish","hentry"],"yoast_head":"<!-- This site is optimized with the Yoast SEO plugin v27.4 - https:\/\/yoast.com\/product\/yoast-seo-wordpress\/ -->\n<title>D\u00e9roulement des cours de technologie sur le cycle 4 - Technologie cycle 4 au coll\u00e8ge Jean Monnet de Saint-Jorioz<\/title>\n<meta name=\"robots\" content=\"index, follow, max-snippet:-1, max-image-preview:large, max-video-preview:-1\" \/>\n<link rel=\"canonical\" href=\"https:\/\/crtech.fr\/?page_id=116\" \/>\n<meta property=\"og:locale\" content=\"fr_FR\" \/>\n<meta property=\"og:type\" content=\"article\" \/>\n<meta property=\"og:title\" content=\"D\u00e9roulement des cours de technologie sur le cycle 4 - Technologie cycle 4 au coll\u00e8ge Jean Monnet de Saint-Jorioz\" \/>\n<meta property=\"og:description\" content=\"D\u00e9roulement des cours de technologie Les s\u00e9ances de cours sont de 1h30 hebdomadaires en 5\u00b0 4\u00b0 et 3\u00b0, en classe enti\u00e8re, les effectifs allant jusqu&rsquo;\u00e0 30. Les \u00e9l\u00e8ves de 4\u00b0 et de 3\u00b0 b\u00e9n\u00e9ficient d&rsquo;une heure quinzaine d\u00e9doubl\u00e9e. Les effectifs sont ensuite r\u00e9partis en \u00e9quipes de 4 \u00e0 5 \u00e9l\u00e8ves, utilisant jusqu\u2019\u00e0 6 \u00eelots lors des activit\u00e9s. Concernant les coursRead More\" \/>\n<meta property=\"og:url\" content=\"https:\/\/crtech.fr\/?page_id=116\" \/>\n<meta property=\"og:site_name\" content=\"Technologie cycle 4 au coll\u00e8ge Jean Monnet de Saint-Jorioz\" \/>\n<meta property=\"article:modified_time\" content=\"2021-09-07T09:46:24+00:00\" \/>\n<meta property=\"og:image\" content=\"http:\/\/crtech.fr\/wp-content\/uploads\/2017\/12\/icone_pdf.png\" \/>\n<meta name=\"twitter:card\" content=\"summary_large_image\" \/>\n<meta name=\"twitter:label1\" content=\"Dur\u00e9e de lecture estim\u00e9e\" \/>\n\t<meta name=\"twitter:data1\" content=\"3 minutes\" \/>\n<script type=\"application\/ld+json\" class=\"yoast-schema-graph\">{\"@context\":\"https:\\\/\\\/schema.org\",\"@graph\":[{\"@type\":\"WebPage\",\"@id\":\"https:\\\/\\\/crtech.fr\\\/?page_id=116\",\"url\":\"https:\\\/\\\/crtech.fr\\\/?page_id=116\",\"name\":\"D\u00e9roulement des cours de technologie sur le cycle 4 - Technologie cycle 4 au coll\u00e8ge Jean Monnet de Saint-Jorioz\",\"isPartOf\":{\"@id\":\"https:\\\/\\\/crtech.fr\\\/#website\"},\"primaryImageOfPage\":{\"@id\":\"https:\\\/\\\/crtech.fr\\\/?page_id=116#primaryimage\"},\"image\":{\"@id\":\"https:\\\/\\\/crtech.fr\\\/?page_id=116#primaryimage\"},\"thumbnailUrl\":\"http:\\\/\\\/crtech.fr\\\/wp-content\\\/uploads\\\/2017\\\/12\\\/icone_pdf.png\",\"datePublished\":\"2017-12-12T13:19:40+00:00\",\"dateModified\":\"2021-09-07T09:46:24+00:00\",\"breadcrumb\":{\"@id\":\"https:\\\/\\\/crtech.fr\\\/?page_id=116#breadcrumb\"},\"inLanguage\":\"fr-FR\",\"potentialAction\":[{\"@type\":\"ReadAction\",\"target\":[\"https:\\\/\\\/crtech.fr\\\/?page_id=116\"]}]},{\"@type\":\"ImageObject\",\"inLanguage\":\"fr-FR\",\"@id\":\"https:\\\/\\\/crtech.fr\\\/?page_id=116#primaryimage\",\"url\":\"https:\\\/\\\/crtech.fr\\\/wp-content\\\/uploads\\\/2017\\\/12\\\/icone_pdf.png\",\"contentUrl\":\"https:\\\/\\\/crtech.fr\\\/wp-content\\\/uploads\\\/2017\\\/12\\\/icone_pdf.png\",\"width\":100,\"height\":100},{\"@type\":\"BreadcrumbList\",\"@id\":\"https:\\\/\\\/crtech.fr\\\/?page_id=116#breadcrumb\",\"itemListElement\":[{\"@type\":\"ListItem\",\"position\":1,\"name\":\"Accueil\",\"item\":\"https:\\\/\\\/crtech.fr\\\/\"},{\"@type\":\"ListItem\",\"position\":2,\"name\":\"Accueil\",\"item\":\"https:\\\/\\\/crtech.fr\\\/\"},{\"@type\":\"ListItem\",\"position\":3,\"name\":\"D\u00e9roulement des cours de technologie sur le cycle 4\"}]},{\"@type\":\"WebSite\",\"@id\":\"https:\\\/\\\/crtech.fr\\\/#website\",\"url\":\"https:\\\/\\\/crtech.fr\\\/\",\"name\":\"Technologie cycle 4 au coll\u00e8ge Jean Monnet de Saint-Jorioz\",\"description\":\"Bienvenue sur cette plateforme d&#039;activit\u00e9s et de ressources\",\"potentialAction\":[{\"@type\":\"SearchAction\",\"target\":{\"@type\":\"EntryPoint\",\"urlTemplate\":\"https:\\\/\\\/crtech.fr\\\/?s={search_term_string}\"},\"query-input\":{\"@type\":\"PropertyValueSpecification\",\"valueRequired\":true,\"valueName\":\"search_term_string\"}}],\"inLanguage\":\"fr-FR\"}]}<\/script>\n<!-- \/ Yoast SEO plugin. -->","yoast_head_json":{"title":"D\u00e9roulement des cours de technologie sur le cycle 4 - Technologie cycle 4 au coll\u00e8ge Jean Monnet de Saint-Jorioz","robots":{"index":"index","follow":"follow","max-snippet":"max-snippet:-1","max-image-preview":"max-image-preview:large","max-video-preview":"max-video-preview:-1"},"canonical":"https:\/\/crtech.fr\/?page_id=116","og_locale":"fr_FR","og_type":"article","og_title":"D\u00e9roulement des cours de technologie sur le cycle 4 - Technologie cycle 4 au coll\u00e8ge Jean Monnet de Saint-Jorioz","og_description":"D\u00e9roulement des cours de technologie Les s\u00e9ances de cours sont de 1h30 hebdomadaires en 5\u00b0 4\u00b0 et 3\u00b0, en classe enti\u00e8re, les effectifs allant jusqu&rsquo;\u00e0 30. Les \u00e9l\u00e8ves de 4\u00b0 et de 3\u00b0 b\u00e9n\u00e9ficient d&rsquo;une heure quinzaine d\u00e9doubl\u00e9e. Les effectifs sont ensuite r\u00e9partis en \u00e9quipes de 4 \u00e0 5 \u00e9l\u00e8ves, utilisant jusqu\u2019\u00e0 6 \u00eelots lors des activit\u00e9s. Concernant les coursRead More","og_url":"https:\/\/crtech.fr\/?page_id=116","og_site_name":"Technologie cycle 4 au coll\u00e8ge Jean Monnet de Saint-Jorioz","article_modified_time":"2021-09-07T09:46:24+00:00","og_image":[{"url":"http:\/\/crtech.fr\/wp-content\/uploads\/2017\/12\/icone_pdf.png","type":"","width":"","height":""}],"twitter_card":"summary_large_image","twitter_misc":{"Dur\u00e9e de lecture estim\u00e9e":"3 minutes"},"schema":{"@context":"https:\/\/schema.org","@graph":[{"@type":"WebPage","@id":"https:\/\/crtech.fr\/?page_id=116","url":"https:\/\/crtech.fr\/?page_id=116","name":"D\u00e9roulement des cours de technologie sur le cycle 4 - Technologie cycle 4 au coll\u00e8ge Jean Monnet de Saint-Jorioz","isPartOf":{"@id":"https:\/\/crtech.fr\/#website"},"primaryImageOfPage":{"@id":"https:\/\/crtech.fr\/?page_id=116#primaryimage"},"image":{"@id":"https:\/\/crtech.fr\/?page_id=116#primaryimage"},"thumbnailUrl":"http:\/\/crtech.fr\/wp-content\/uploads\/2017\/12\/icone_pdf.png","datePublished":"2017-12-12T13:19:40+00:00","dateModified":"2021-09-07T09:46:24+00:00","breadcrumb":{"@id":"https:\/\/crtech.fr\/?page_id=116#breadcrumb"},"inLanguage":"fr-FR","potentialAction":[{"@type":"ReadAction","target":["https:\/\/crtech.fr\/?page_id=116"]}]},{"@type":"ImageObject","inLanguage":"fr-FR","@id":"https:\/\/crtech.fr\/?page_id=116#primaryimage","url":"https:\/\/crtech.fr\/wp-content\/uploads\/2017\/12\/icone_pdf.png","contentUrl":"https:\/\/crtech.fr\/wp-content\/uploads\/2017\/12\/icone_pdf.png","width":100,"height":100},{"@type":"BreadcrumbList","@id":"https:\/\/crtech.fr\/?page_id=116#breadcrumb","itemListElement":[{"@type":"ListItem","position":1,"name":"Accueil","item":"https:\/\/crtech.fr\/"},{"@type":"ListItem","position":2,"name":"Accueil","item":"https:\/\/crtech.fr\/"},{"@type":"ListItem","position":3,"name":"D\u00e9roulement des cours de technologie sur le cycle 4"}]},{"@type":"WebSite","@id":"https:\/\/crtech.fr\/#website","url":"https:\/\/crtech.fr\/","name":"Technologie cycle 4 au coll\u00e8ge Jean Monnet de Saint-Jorioz","description":"Bienvenue sur cette plateforme d&#039;activit\u00e9s et de ressources","potentialAction":[{"@type":"SearchAction","target":{"@type":"EntryPoint","urlTemplate":"https:\/\/crtech.fr\/?s={search_term_string}"},"query-input":{"@type":"PropertyValueSpecification","valueRequired":true,"valueName":"search_term_string"}}],"inLanguage":"fr-FR"}]}},"_links":{"self":[{"href":"https:\/\/crtech.fr\/index.php?rest_route=\/wp\/v2\/pages\/116","targetHints":{"allow":["GET"]}}],"collection":[{"href":"https:\/\/crtech.fr\/index.php?rest_route=\/wp\/v2\/pages"}],"about":[{"href":"https:\/\/crtech.fr\/index.php?rest_route=\/wp\/v2\/types\/page"}],"author":[{"embeddable":true,"href":"https:\/\/crtech.fr\/index.php?rest_route=\/wp\/v2\/users\/2"}],"replies":[{"embeddable":true,"href":"https:\/\/crtech.fr\/index.php?rest_route=%2Fwp%2Fv2%2Fcomments&post=116"}],"version-history":[{"count":0,"href":"https:\/\/crtech.fr\/index.php?rest_route=\/wp\/v2\/pages\/116\/revisions"}],"up":[{"embeddable":true,"href":"https:\/\/crtech.fr\/index.php?rest_route=\/wp\/v2\/pages\/58"}],"wp:attachment":[{"href":"https:\/\/crtech.fr\/index.php?rest_route=%2Fwp%2Fv2%2Fmedia&parent=116"}],"curies":[{"name":"wp","href":"https:\/\/api.w.org\/{rel}","templated":true}]}}