{"id":1769,"date":"2019-06-18T09:23:45","date_gmt":"2019-06-18T07:23:45","guid":{"rendered":"http:\/\/crtech.fr\/?page_id=1769"},"modified":"2021-04-30T13:39:59","modified_gmt":"2021-04-30T11:39:59","slug":"1769-2","status":"publish","type":"page","link":"https:\/\/crtech.fr\/?page_id=1769","title":{"rendered":"Centre d&rsquo;int\u00e9r\u00eat N\u00b06 : Programmation SCRATCH"},"content":{"rendered":"<p><span style=\"color: #0000ff;\"><strong><span style=\"font-family: tahoma, arial, helvetica, sans-serif; font-size: 12pt;\">Scratch en ligne pour programmer \u00e0 la maison ou en classe, directement depuis un navigateur<\/span><\/strong><\/span><\/p>\n<p><span style=\"color: #000000;\"><strong><span style=\"font-family: tahoma, arial, helvetica, sans-serif; font-size: 12pt;\"><a style=\"color: #000000;\" href=\"https:\/\/scratch.mit.edu\/projects\/editor\/?tutorial=getStarted\" target=\"_blank\" rel=\"noopener noreferrer\"><img decoding=\"async\" class=\"aligncenter\" src=\"http:\/\/crtech.fr\/wp-content\/uploads\/2019\/02\/Scratch-300x289.jpg\" alt=\"\" width=\"126\" height=\"121\" \/><\/a><\/span><\/strong><\/span><\/p>\n<p style=\"line-height: 1.71429; margin-bottom: 1.71429rem;\" align=\"center\"><span style=\"font-family: tahoma, arial, helvetica, sans-serif; font-size: 12pt; color: #000000;\"><u><b>Prise en main de Scratch<a href=\"http:\/\/crtech.fr\/wp-content\/uploads\/2019\/02\/scratch_-_prise_en_main.pdf\" target=\"_blank\" rel=\"noopener noreferrer\"><img decoding=\"async\" class=\"aligncenter\" src=\"http:\/\/crtech.fr\/wp-content\/uploads\/2017\/12\/icone_pdf.png\" alt=\"\" width=\"50\" height=\"50\" \/><\/a><\/b><\/u><\/span><\/p>\n<p align=\"center\"><span style=\"text-decoration: underline;\"><span style=\"color: #000000; text-decoration: underline;\"><strong><span style=\"font-family: tahoma, arial, helvetica, sans-serif; font-size: 12pt;\">Tuto g\u00e9n\u00e9ralit\u00e9s Scratch<\/span><\/strong><\/span><\/span><\/p>\n<p align=\"center\"><a href=\"https:\/\/fr.calameo.com\/read\/002006056375d284a2c5c\" target=\"_blank\" rel=\"noopener noreferrer\"><img decoding=\"async\" class=\"alignnone wp-image-427\" src=\"http:\/\/crtech.fr\/wp-content\/uploads\/2017\/12\/calameo-logo-300x225.png\" alt=\"\" width=\"126\" height=\"95\" \/><\/a><\/p>\n<p style=\"text-align: justify;\"><span style=\"font-family: tahoma, arial, helvetica, sans-serif; font-size: 14pt; color: #000000;\">R\u00e9aliser les programmes* ci-dessous en fonction des consignes donn\u00e9es par le professeur :<\/span><\/p>\n<p style=\"text-align: justify;\"><span style=\"font-family: tahoma, arial, helvetica, sans-serif; font-size: 14pt; color: #000000;\">Catch the Fish :<\/span><\/p>\n<p style=\"text-align: justify;\"><span style=\"font-family: tahoma, arial, helvetica, sans-serif; font-size: 14pt; color: #000000;\"><a style=\"color: #000000;\" href=\"http:\/\/crtech.fr\/wp-content\/uploads\/2019\/06\/catch-the-fish.pdf\" target=\"_blank\" rel=\"noopener noreferrer\"><img loading=\"lazy\" decoding=\"async\" class=\"alignnone wp-image-1775 size-full\" src=\"http:\/\/crtech.fr\/wp-content\/uploads\/2019\/06\/Logo-fish.jpg\" alt=\"\" width=\"265\" height=\"216\" \/><\/a><\/span><\/p>\n<p style=\"text-align: justify;\"><span style=\"font-family: tahoma, arial, helvetica, sans-serif; font-size: 14pt; color: #000000;\">Copter :<\/span><\/p>\n<p style=\"text-align: justify;\"><span style=\"font-family: tahoma, arial, helvetica, sans-serif; font-size: 14pt; color: #000000;\"><a style=\"color: #000000;\" href=\"http:\/\/crtech.fr\/wp-content\/uploads\/2019\/06\/copter.pdf\" target=\"_blank\" rel=\"noopener noreferrer\"><img loading=\"lazy\" decoding=\"async\" class=\"alignnone wp-image-1777 size-full\" src=\"http:\/\/crtech.fr\/wp-content\/uploads\/2019\/06\/Logo-copter.jpg\" alt=\"\" width=\"265\" height=\"215\" \/><\/a><br \/>\nLutin \u00ab\u00a0copter\u00a0\u00bb \u00e0 t\u00e9l\u00e9charger si n\u00e9cessaire pour l&rsquo;importer dans Scratch (clic droit, puis \u00ab\u00a0enregistrer l&rsquo;image sous\u00a0\u00bb) et ensuite importer lutin dans Scratch :<\/span><\/p>\n<p style=\"text-align: justify;\"><span style=\"font-family: tahoma, arial, helvetica, sans-serif; font-size: 14pt; color: #000000;\"> <img loading=\"lazy\" decoding=\"async\" class=\"alignnone size-full wp-image-2097\" src=\"http:\/\/crtech.fr\/wp-content\/uploads\/2021\/04\/helicoptere_image.png\" alt=\"\" width=\"218\" height=\"179\" \/><\/span><\/p>\n<p style=\"text-align: justify;\"><span style=\"font-family: tahoma, arial, helvetica, sans-serif; font-size: 14pt; color: #000000;\">Soccer :<\/span><\/p>\n<p style=\"text-align: justify;\"><span style=\"font-family: tahoma, arial, helvetica, sans-serif; font-size: 14pt; color: #000000;\"><a style=\"color: #000000;\" href=\"http:\/\/crtech.fr\/wp-content\/uploads\/2019\/06\/soccer.pdf\" target=\"_blank\" rel=\"noopener noreferrer\"><img loading=\"lazy\" decoding=\"async\" class=\"alignnone wp-image-1776 size-full\" src=\"http:\/\/crtech.fr\/wp-content\/uploads\/2019\/06\/Logo-soccer.jpg\" alt=\"\" width=\"263\" height=\"216\" \/><\/a><\/span><\/p>\n<p style=\"text-align: justify;\"><span style=\"font-size: 10pt; font-family: tahoma, arial, helvetica, sans-serif;\">*<span style=\"color: #000000;\">ressources issues du site <a href=\"https:\/\/voyageursdunumerique.org\/\" target=\"_blank\" rel=\"noopener noreferrer\">https:\/\/voyageursdunumerique.org\/<\/a><\/span><\/span><\/p>\n","protected":false},"excerpt":{"rendered":"<p>Scratch en ligne pour programmer \u00e0 la maison ou en classe, directement depuis un navigateur Prise en main de Scratch Tuto g\u00e9n\u00e9ralit\u00e9s Scratch R\u00e9aliser les programmes* ci-dessous en fonction des consignes donn\u00e9es par le professeur : Catch the Fish : Copter : Lutin \u00ab\u00a0copter\u00a0\u00bb \u00e0 t\u00e9l\u00e9charger si n\u00e9cessaire pour l&rsquo;importer dans Scratch (clic droit, puis \u00ab\u00a0enregistrer l&rsquo;image sous\u00a0\u00bb) et ensuite<\/p>\n<p><a class=\"more-link\" href=\"https:\/\/crtech.fr\/?page_id=1769\">Read More<\/a><\/p>\n","protected":false},"author":2,"featured_media":0,"parent":32,"menu_order":0,"comment_status":"closed","ping_status":"closed","template":"","meta":{"__cvm_playback_settings":[],"__cvm_video_id":"","footnotes":""},"class_list":["post-1769","page","type-page","status-publish","hentry"],"yoast_head":"<!-- This site is optimized with the Yoast SEO plugin v27.4 - https:\/\/yoast.com\/product\/yoast-seo-wordpress\/ -->\n<title>Centre d&#039;int\u00e9r\u00eat N\u00b06 : Programmation SCRATCH - Technologie cycle 4 au coll\u00e8ge Jean Monnet de Saint-Jorioz<\/title>\n<meta name=\"robots\" content=\"index, follow, max-snippet:-1, max-image-preview:large, max-video-preview:-1\" \/>\n<link rel=\"canonical\" href=\"https:\/\/crtech.fr\/?page_id=1769\" \/>\n<meta property=\"og:locale\" content=\"fr_FR\" \/>\n<meta property=\"og:type\" content=\"article\" \/>\n<meta property=\"og:title\" content=\"Centre d&#039;int\u00e9r\u00eat N\u00b06 : Programmation SCRATCH - Technologie cycle 4 au coll\u00e8ge Jean Monnet de Saint-Jorioz\" \/>\n<meta property=\"og:description\" content=\"Scratch en ligne pour programmer \u00e0 la maison ou en classe, directement depuis un navigateur Prise en main de Scratch Tuto g\u00e9n\u00e9ralit\u00e9s Scratch R\u00e9aliser les programmes* ci-dessous en fonction des consignes donn\u00e9es par le professeur : Catch the Fish : Copter : Lutin \u00ab\u00a0copter\u00a0\u00bb \u00e0 t\u00e9l\u00e9charger si n\u00e9cessaire pour l&rsquo;importer dans Scratch (clic droit, puis \u00ab\u00a0enregistrer l&rsquo;image sous\u00a0\u00bb) et ensuiteRead More\" \/>\n<meta property=\"og:url\" content=\"https:\/\/crtech.fr\/?page_id=1769\" \/>\n<meta property=\"og:site_name\" content=\"Technologie cycle 4 au coll\u00e8ge Jean Monnet de Saint-Jorioz\" \/>\n<meta property=\"article:modified_time\" content=\"2021-04-30T11:39:59+00:00\" \/>\n<meta property=\"og:image\" content=\"http:\/\/crtech.fr\/wp-content\/uploads\/2019\/02\/Scratch-300x289.jpg\" \/>\n<meta name=\"twitter:card\" content=\"summary_large_image\" \/>\n<script type=\"application\/ld+json\" class=\"yoast-schema-graph\">{\"@context\":\"https:\\\/\\\/schema.org\",\"@graph\":[{\"@type\":\"WebPage\",\"@id\":\"https:\\\/\\\/crtech.fr\\\/?page_id=1769\",\"url\":\"https:\\\/\\\/crtech.fr\\\/?page_id=1769\",\"name\":\"Centre d'int\u00e9r\u00eat N\u00b06 : Programmation SCRATCH - Technologie cycle 4 au coll\u00e8ge Jean Monnet de Saint-Jorioz\",\"isPartOf\":{\"@id\":\"https:\\\/\\\/crtech.fr\\\/#website\"},\"primaryImageOfPage\":{\"@id\":\"https:\\\/\\\/crtech.fr\\\/?page_id=1769#primaryimage\"},\"image\":{\"@id\":\"https:\\\/\\\/crtech.fr\\\/?page_id=1769#primaryimage\"},\"thumbnailUrl\":\"http:\\\/\\\/crtech.fr\\\/wp-content\\\/uploads\\\/2019\\\/02\\\/Scratch-300x289.jpg\",\"datePublished\":\"2019-06-18T07:23:45+00:00\",\"dateModified\":\"2021-04-30T11:39:59+00:00\",\"breadcrumb\":{\"@id\":\"https:\\\/\\\/crtech.fr\\\/?page_id=1769#breadcrumb\"},\"inLanguage\":\"fr-FR\",\"potentialAction\":[{\"@type\":\"ReadAction\",\"target\":[\"https:\\\/\\\/crtech.fr\\\/?page_id=1769\"]}]},{\"@type\":\"ImageObject\",\"inLanguage\":\"fr-FR\",\"@id\":\"https:\\\/\\\/crtech.fr\\\/?page_id=1769#primaryimage\",\"url\":\"https:\\\/\\\/crtech.fr\\\/wp-content\\\/uploads\\\/2019\\\/02\\\/Scratch.jpg\",\"contentUrl\":\"https:\\\/\\\/crtech.fr\\\/wp-content\\\/uploads\\\/2019\\\/02\\\/Scratch.jpg\",\"width\":498,\"height\":480},{\"@type\":\"BreadcrumbList\",\"@id\":\"https:\\\/\\\/crtech.fr\\\/?page_id=1769#breadcrumb\",\"itemListElement\":[{\"@type\":\"ListItem\",\"position\":1,\"name\":\"Accueil\",\"item\":\"https:\\\/\\\/crtech.fr\\\/\"},{\"@type\":\"ListItem\",\"position\":2,\"name\":\"Ressources 4\u00b0\",\"item\":\"https:\\\/\\\/crtech.fr\\\/?page_id=32\"},{\"@type\":\"ListItem\",\"position\":3,\"name\":\"Centre d&rsquo;int\u00e9r\u00eat N\u00b06 : Programmation SCRATCH\"}]},{\"@type\":\"WebSite\",\"@id\":\"https:\\\/\\\/crtech.fr\\\/#website\",\"url\":\"https:\\\/\\\/crtech.fr\\\/\",\"name\":\"Technologie cycle 4 au coll\u00e8ge Jean Monnet de Saint-Jorioz\",\"description\":\"Bienvenue sur cette plateforme d&#039;activit\u00e9s et de ressources\",\"potentialAction\":[{\"@type\":\"SearchAction\",\"target\":{\"@type\":\"EntryPoint\",\"urlTemplate\":\"https:\\\/\\\/crtech.fr\\\/?s={search_term_string}\"},\"query-input\":{\"@type\":\"PropertyValueSpecification\",\"valueRequired\":true,\"valueName\":\"search_term_string\"}}],\"inLanguage\":\"fr-FR\"}]}<\/script>\n<!-- \/ Yoast SEO plugin. -->","yoast_head_json":{"title":"Centre d'int\u00e9r\u00eat N\u00b06 : Programmation SCRATCH - Technologie cycle 4 au coll\u00e8ge Jean Monnet de Saint-Jorioz","robots":{"index":"index","follow":"follow","max-snippet":"max-snippet:-1","max-image-preview":"max-image-preview:large","max-video-preview":"max-video-preview:-1"},"canonical":"https:\/\/crtech.fr\/?page_id=1769","og_locale":"fr_FR","og_type":"article","og_title":"Centre d'int\u00e9r\u00eat N\u00b06 : Programmation SCRATCH - Technologie cycle 4 au coll\u00e8ge Jean Monnet de Saint-Jorioz","og_description":"Scratch en ligne pour programmer \u00e0 la maison ou en classe, directement depuis un navigateur Prise en main de Scratch Tuto g\u00e9n\u00e9ralit\u00e9s Scratch R\u00e9aliser les programmes* ci-dessous en fonction des consignes donn\u00e9es par le professeur : Catch the Fish : Copter : Lutin \u00ab\u00a0copter\u00a0\u00bb \u00e0 t\u00e9l\u00e9charger si n\u00e9cessaire pour l&rsquo;importer dans Scratch (clic droit, puis \u00ab\u00a0enregistrer l&rsquo;image sous\u00a0\u00bb) et ensuiteRead More","og_url":"https:\/\/crtech.fr\/?page_id=1769","og_site_name":"Technologie cycle 4 au coll\u00e8ge Jean Monnet de Saint-Jorioz","article_modified_time":"2021-04-30T11:39:59+00:00","og_image":[{"url":"http:\/\/crtech.fr\/wp-content\/uploads\/2019\/02\/Scratch-300x289.jpg","type":"","width":"","height":""}],"twitter_card":"summary_large_image","schema":{"@context":"https:\/\/schema.org","@graph":[{"@type":"WebPage","@id":"https:\/\/crtech.fr\/?page_id=1769","url":"https:\/\/crtech.fr\/?page_id=1769","name":"Centre d'int\u00e9r\u00eat N\u00b06 : Programmation SCRATCH - Technologie cycle 4 au coll\u00e8ge Jean Monnet de Saint-Jorioz","isPartOf":{"@id":"https:\/\/crtech.fr\/#website"},"primaryImageOfPage":{"@id":"https:\/\/crtech.fr\/?page_id=1769#primaryimage"},"image":{"@id":"https:\/\/crtech.fr\/?page_id=1769#primaryimage"},"thumbnailUrl":"http:\/\/crtech.fr\/wp-content\/uploads\/2019\/02\/Scratch-300x289.jpg","datePublished":"2019-06-18T07:23:45+00:00","dateModified":"2021-04-30T11:39:59+00:00","breadcrumb":{"@id":"https:\/\/crtech.fr\/?page_id=1769#breadcrumb"},"inLanguage":"fr-FR","potentialAction":[{"@type":"ReadAction","target":["https:\/\/crtech.fr\/?page_id=1769"]}]},{"@type":"ImageObject","inLanguage":"fr-FR","@id":"https:\/\/crtech.fr\/?page_id=1769#primaryimage","url":"https:\/\/crtech.fr\/wp-content\/uploads\/2019\/02\/Scratch.jpg","contentUrl":"https:\/\/crtech.fr\/wp-content\/uploads\/2019\/02\/Scratch.jpg","width":498,"height":480},{"@type":"BreadcrumbList","@id":"https:\/\/crtech.fr\/?page_id=1769#breadcrumb","itemListElement":[{"@type":"ListItem","position":1,"name":"Accueil","item":"https:\/\/crtech.fr\/"},{"@type":"ListItem","position":2,"name":"Ressources 4\u00b0","item":"https:\/\/crtech.fr\/?page_id=32"},{"@type":"ListItem","position":3,"name":"Centre d&rsquo;int\u00e9r\u00eat N\u00b06 : Programmation SCRATCH"}]},{"@type":"WebSite","@id":"https:\/\/crtech.fr\/#website","url":"https:\/\/crtech.fr\/","name":"Technologie cycle 4 au coll\u00e8ge Jean Monnet de Saint-Jorioz","description":"Bienvenue sur cette plateforme d&#039;activit\u00e9s et de ressources","potentialAction":[{"@type":"SearchAction","target":{"@type":"EntryPoint","urlTemplate":"https:\/\/crtech.fr\/?s={search_term_string}"},"query-input":{"@type":"PropertyValueSpecification","valueRequired":true,"valueName":"search_term_string"}}],"inLanguage":"fr-FR"}]}},"_links":{"self":[{"href":"https:\/\/crtech.fr\/index.php?rest_route=\/wp\/v2\/pages\/1769","targetHints":{"allow":["GET"]}}],"collection":[{"href":"https:\/\/crtech.fr\/index.php?rest_route=\/wp\/v2\/pages"}],"about":[{"href":"https:\/\/crtech.fr\/index.php?rest_route=\/wp\/v2\/types\/page"}],"author":[{"embeddable":true,"href":"https:\/\/crtech.fr\/index.php?rest_route=\/wp\/v2\/users\/2"}],"replies":[{"embeddable":true,"href":"https:\/\/crtech.fr\/index.php?rest_route=%2Fwp%2Fv2%2Fcomments&post=1769"}],"version-history":[{"count":0,"href":"https:\/\/crtech.fr\/index.php?rest_route=\/wp\/v2\/pages\/1769\/revisions"}],"up":[{"embeddable":true,"href":"https:\/\/crtech.fr\/index.php?rest_route=\/wp\/v2\/pages\/32"}],"wp:attachment":[{"href":"https:\/\/crtech.fr\/index.php?rest_route=%2Fwp%2Fv2%2Fmedia&parent=1769"}],"curies":[{"name":"wp","href":"https:\/\/api.w.org\/{rel}","templated":true}]}}