{"id":300,"date":"2017-12-13T19:05:49","date_gmt":"2017-12-13T18:05:49","guid":{"rendered":"http:\/\/crtech.fr\/?page_id=300"},"modified":"2018-01-15T12:44:38","modified_gmt":"2018-01-15T11:44:38","slug":"centre-dinteret-n3-production-denergie-electrique","status":"publish","type":"page","link":"https:\/\/crtech.fr\/?page_id=300","title":{"rendered":"Centre d\u2019int\u00e9r\u00eat N\u00b03 : Production d&rsquo;\u00e9nergie \u00e9lectrique"},"content":{"rendered":"<table style=\"width: 1205px;\">\n<tbody>\n<tr style=\"height: 27px;\">\n<td style=\"border: 1px solid; width: 264px;\">\u00a0<img decoding=\"async\" class=\"size-full wp-image-1557 aligncenter\" src=\"http:\/\/crtech.fr\/wp-content\/uploads\/2018\/01\/poteaux-\u00e9lect.jpg\" alt=\"\" width=\"219\" height=\"217\" srcset=\"https:\/\/crtech.fr\/wp-content\/uploads\/2018\/01\/poteaux-\u00e9lect.jpg 219w, https:\/\/crtech.fr\/wp-content\/uploads\/2018\/01\/poteaux-\u00e9lect-150x150.jpg 150w\" sizes=\"(max-width: 219px) 100vw, 219px\" \/><\/td>\n<td style=\"border: 1px solid; width: 630px;\">\n<p style=\"font-weight: 400; text-align: center;\"><span style=\"font-family: tahoma, arial, helvetica, sans-serif; font-size: 14pt; color: #000000;\"><b>Centre d&rsquo;int\u00e9r\u00eat 3<\/b><\/span><\/p>\n<p style=\"font-weight: 400; text-align: justify; padding-left: 30px;\"><span style=\"font-family: tahoma, arial, helvetica, sans-serif; font-size: 12pt; color: #000000;\">Comment produire de l&rsquo;\u00e9nergie \u00e9lectrique ?<\/span><\/p>\n<p style=\"text-align: justify; padding-left: 30px;\"><span style=\"font-family: tahoma, arial, helvetica, sans-serif; font-size: 12pt; color: #000000;\">L&rsquo;\u00e9nergie \u00e9lectrique repr\u00e9sente environ un tiers de l&rsquo;\u00e9nergie consomm\u00e9e dans le monde. Aujourd&rsquo;hui l&rsquo;\u00e9nergie \u00e9lectrique est omnipr\u00e9sente dans les pays d\u00e9velopp\u00e9s. Nous allons voir comment il est possible de produire de l&rsquo;\u00e9nergie \u00e9lectrique.<\/span><\/p>\n<\/td>\n<td style=\"border: 1px solid; width: 299px;\">\u00a0<a href=\"http:\/\/crtech.fr\/wp-content\/uploads\/2018\/01\/energie3.jpg\" target=\"_blank\" rel=\"noopener\"><img decoding=\"async\" class=\"aligncenter wp-image-1556\" src=\"http:\/\/crtech.fr\/wp-content\/uploads\/2018\/01\/energie3-276x300.jpg\" alt=\"\" width=\"200\" height=\"217\" srcset=\"https:\/\/crtech.fr\/wp-content\/uploads\/2018\/01\/energie3-276x300.jpg 276w, https:\/\/crtech.fr\/wp-content\/uploads\/2018\/01\/energie3-768x835.jpg 768w, https:\/\/crtech.fr\/wp-content\/uploads\/2018\/01\/energie3-941x1024.jpg 941w, https:\/\/crtech.fr\/wp-content\/uploads\/2018\/01\/energie3-800x870.jpg 800w, https:\/\/crtech.fr\/wp-content\/uploads\/2018\/01\/energie3.jpg 970w\" sizes=\"(max-width: 200px) 100vw, 200px\" \/><\/a><\/td>\n<\/tr>\n<\/tbody>\n<\/table>\n<table style=\"width: 1199px;\">\n<tbody>\n<tr style=\"height: 74px;\">\n<td style=\"border: 1px solid; width: 452px; text-align: center;\">\n<p style=\"text-align: center;\" align=\"justify\"><span style=\"font-family: tahoma, arial, helvetica, sans-serif; font-size: 14pt; color: #000000;\"><strong>S\u00e9quences \/ Activit\u00e9s<\/strong><\/span><\/p>\n<\/td>\n<td style=\"border: 1px solid; width: 184px; text-align: center;\"><span style=\"font-family: tahoma, arial, helvetica, sans-serif; font-size: 14pt; color: #000000;\"><strong>Ressources<\/strong><\/span><\/td>\n<td style=\"border: 1px solid; width: 354px; text-align: center;\"><span style=\"font-family: tahoma, arial, helvetica, sans-serif; font-size: 14pt; color: #000000;\"><strong>Comp\u00e9tences travaill\u00e9es<\/strong><\/span><br \/>\n<span style=\"font-family: tahoma, arial, helvetica, sans-serif; font-size: 14pt; color: #000000;\"> <strong> Rattachement au socle<\/strong><\/span><br \/>\n<span style=\"font-size: 14pt; color: #000000;\"><strong><span style=\"font-family: tahoma, arial, helvetica, sans-serif;\">Fiches synth\u00e8ses\u00a0<\/span><\/strong><\/span><\/td>\n<\/tr>\n<tr style=\"height: 74px;\">\n<td style=\"border: 1px solid; width: 452px;\">\n<p style=\"padding-left: 30px;\" align=\"justify\"><span style=\"font-family: tahoma, arial, helvetica, sans-serif; font-size: 12pt; color: #000000;\"><b>1- D\u00e9crivez le fonctionnement des diff\u00e9rentes centrales \u00e9lectriques existantes.<\/b><\/span><\/p>\n<p style=\"padding-left: 30px;\" align=\"justify\"><span style=\"font-family: tahoma, arial, helvetica, sans-serif; font-size: 12pt; color: #000000;\"><b>2- D\u00e9terminer la source d&rsquo;\u00e9nergie utilis\u00e9e par chacune des centrales existantes.<\/b><\/span><\/p>\n<p style=\"padding-left: 30px;\" align=\"justify\"><span style=\"font-family: tahoma, arial, helvetica, sans-serif; font-size: 12pt; color: #000000;\"><b>3- Classez ces sources par famille : \u00e9nergie nucl\u00e9aire, \u00e9nergie renouvelable &amp; non renouvelable.<\/b><\/span><\/p>\n<p style=\"padding-left: 30px;\" align=\"justify\"><span style=\"font-family: tahoma, arial, helvetica, sans-serif; font-size: 12pt; color: #000000;\"><b>4- Indiquer le caract\u00e8re plus ou moins polluant des sources d&rsquo;\u00e9nergie utilis\u00e9es.<\/b><\/span><\/p>\n<p style=\"padding-left: 30px;\" align=\"justify\"><span style=\"font-family: tahoma, arial, helvetica, sans-serif; font-size: 12pt; color: #000000;\"><b>5- Chiffrez le besoin en \u00e9nergie \u00e9lectrique d&rsquo;une ville d&rsquo;environ 60000 habitants et proposez une solution technique pour l&rsquo;alimenter.<\/b><\/span><\/p>\n<p style=\"text-align: center;\"><span style=\"font-family: tahoma, arial, helvetica, sans-serif; font-size: 12pt; color: #000000;\"><b>Activit\u00e9 \u00e9l\u00e8ves<\/b><b><a href=\"http:\/\/crtech.fr\/wp-content\/uploads\/2018\/01\/Produire-electricite.pdf\" target=\"_blank\" rel=\"noopener\"><img decoding=\"async\" class=\"aligncenter wp-image-581\" src=\"http:\/\/crtech.fr\/wp-content\/uploads\/2017\/12\/ordi3-265x300.gif\" alt=\"\" width=\"75\" height=\"85\" srcset=\"https:\/\/crtech.fr\/wp-content\/uploads\/2017\/12\/ordi3-265x300.gif 265w, https:\/\/crtech.fr\/wp-content\/uploads\/2017\/12\/ordi3-768x868.gif 768w, https:\/\/crtech.fr\/wp-content\/uploads\/2017\/12\/ordi3-800x904.gif 800w\" sizes=\"(max-width: 75px) 100vw, 75px\" \/><\/a><br \/>\n<\/b><\/span><\/p>\n<\/td>\n<td style=\"border: 1px solid; width: 184px; text-align: center;\"><span style=\"font-family: tahoma, arial, helvetica, sans-serif; font-size: 12pt; color: #000000;\"><b><a style=\"color: #000000;\" href=\"http:\/\/lcs.curie.lyc14.ac-caen.fr\/~site\/centrales_web\/co\/module_centrales.html\" target=\"_blank\" rel=\"noopener\"><img loading=\"lazy\" decoding=\"async\" class=\"alignnone wp-image-581\" src=\"http:\/\/crtech.fr\/wp-content\/uploads\/2017\/12\/ordi3-265x300.gif\" alt=\"\" width=\"75\" height=\"85\" srcset=\"https:\/\/crtech.fr\/wp-content\/uploads\/2017\/12\/ordi3-265x300.gif 265w, https:\/\/crtech.fr\/wp-content\/uploads\/2017\/12\/ordi3-768x868.gif 768w, https:\/\/crtech.fr\/wp-content\/uploads\/2017\/12\/ordi3-800x904.gif 800w\" sizes=\"(max-width: 75px) 100vw, 75px\" \/><\/a><br \/>\nLes centrales \u00e9lectriques<br \/>\n<\/b><em><span style=\"font-size: 10pt;\">Activit\u00e9 d\u00e9velopp\u00e9e par Philippe PETER de l&rsquo;acad\u00e9mie <\/span><\/em><\/span><em><span style=\"font-family: tahoma, arial, helvetica, sans-serif; font-size: 10pt; color: #000000;\">de CAEN<br \/>\n<a href=\"http:\/\/creativecommons.org\/licenses\/by-nc-sa\/3.0\/deed.fr\" target=\"_blank\" rel=\"noopener\"><img loading=\"lazy\" decoding=\"async\" class=\"alignnone wp-image-1579 size-full\" src=\"http:\/\/crtech.fr\/wp-content\/uploads\/2018\/01\/by-nc-sa.png\" alt=\"\" width=\"80\" height=\"15\" \/><\/a><br \/>\n<\/span><\/em><\/td>\n<td style=\"border: 1px solid; width: 354px; text-align: center;\">&nbsp;<\/p>\n<p><span style=\"text-decoration: underline; color: #000000;\"><strong><span style=\"font-family: tahoma, arial, helvetica, sans-serif; font-size: 12pt;\">Analyser le fonctionnement et la structure d&rsquo;un objet<\/span><\/strong><\/span><\/p>\n<ul>\n<li style=\"text-align: justify;\"><span style=\"font-size: 12pt; font-family: tahoma, arial, helvetica, sans-serif; color: #000000;\">Identifier le(s) mat\u00e9riau(x), les flux d\u2019\u00e9nergie\u00a0et d\u2019information sur un objet et d\u00e9crire les\u00a0transformations qui s\u2019op\u00e8rent.<br \/>\n<a href=\"http:\/\/crtech.fr\/wp-content\/uploads\/2018\/01\/MSOST-1-4-FE2a-Sources-d-energie.jpg\" target=\"_blank\" rel=\"noopener\"><img loading=\"lazy\" decoding=\"async\" class=\"alignnone wp-image-1120\" title=\"Sources d\u2019\u00e9nergies 1\/2\" src=\"http:\/\/crtech.fr\/wp-content\/uploads\/2018\/01\/MSOST-1-4-FE2a-Sources-d-energie-300x169.jpg\" alt=\"\" width=\"120\" height=\"68\" srcset=\"https:\/\/crtech.fr\/wp-content\/uploads\/2018\/01\/MSOST-1-4-FE2a-Sources-d-energie-300x169.jpg 300w, https:\/\/crtech.fr\/wp-content\/uploads\/2018\/01\/MSOST-1-4-FE2a-Sources-d-energie-768x432.jpg 768w, https:\/\/crtech.fr\/wp-content\/uploads\/2018\/01\/MSOST-1-4-FE2a-Sources-d-energie-1024x576.jpg 1024w, https:\/\/crtech.fr\/wp-content\/uploads\/2018\/01\/MSOST-1-4-FE2a-Sources-d-energie-800x450.jpg 800w, https:\/\/crtech.fr\/wp-content\/uploads\/2018\/01\/MSOST-1-4-FE2a-Sources-d-energie.jpg 1600w\" sizes=\"(max-width: 120px) 100vw, 120px\" \/><\/a>\u00a0<a href=\"http:\/\/crtech.fr\/wp-content\/uploads\/2018\/01\/MSOST-1-4-FE2b-Sources-d-energie.jpg\" target=\"_blank\" rel=\"noopener\"><img loading=\"lazy\" decoding=\"async\" class=\"alignnone wp-image-1121\" title=\"Sources d\u2019\u00e9nergies 2\/2\" src=\"http:\/\/crtech.fr\/wp-content\/uploads\/2018\/01\/MSOST-1-4-FE2b-Sources-d-energie-300x169.jpg\" alt=\"\" width=\"120\" height=\"68\" srcset=\"https:\/\/crtech.fr\/wp-content\/uploads\/2018\/01\/MSOST-1-4-FE2b-Sources-d-energie-300x169.jpg 300w, https:\/\/crtech.fr\/wp-content\/uploads\/2018\/01\/MSOST-1-4-FE2b-Sources-d-energie-768x432.jpg 768w, https:\/\/crtech.fr\/wp-content\/uploads\/2018\/01\/MSOST-1-4-FE2b-Sources-d-energie-1024x576.jpg 1024w, https:\/\/crtech.fr\/wp-content\/uploads\/2018\/01\/MSOST-1-4-FE2b-Sources-d-energie-800x450.jpg 800w, https:\/\/crtech.fr\/wp-content\/uploads\/2018\/01\/MSOST-1-4-FE2b-Sources-d-energie.jpg 1600w\" sizes=\"(max-width: 120px) 100vw, 120px\" \/><\/a><\/span><\/li>\n<\/ul>\n<p style=\"font-weight: 400;\"><span style=\"font-family: tahoma, arial, helvetica, sans-serif; font-size: 12pt; color: #000000;\"><strong><u>Adopter un comportement \u00e9thique et responsable<\/u><\/strong><\/span><\/p>\n<ul>\n<li style=\"font-weight: 400; text-align: justify;\"><span style=\"font-family: tahoma, arial, helvetica, sans-serif; font-size: 12pt; color: #000000;\"><strong> Analyser l\u2019impact environnemental d&rsquo;un objet et de ses constituants.<\/strong><\/span><\/li>\n<\/ul>\n<p style=\"font-weight: 400;\"><span style=\"font-family: tahoma, arial, helvetica, sans-serif; font-size: 12pt; color: #000000;\"><strong>\u00a0<\/strong><\/span><\/p>\n<p style=\"font-weight: 400;\"><span style=\"font-family: tahoma, arial, helvetica, sans-serif; font-size: 12pt; color: #000000;\"><strong><u>Se situer dans l\u2019espace et dans le temps<\/u><\/strong><\/span><\/p>\n<ul>\n<li style=\"font-weight: 400; text-align: justify;\"><span style=\"font-family: tahoma, arial, helvetica, sans-serif; font-size: 12pt; color: #000000;\"><strong> Regrouper des objets en familles et lign\u00e9es.<\/strong><\/span><\/li>\n<li style=\"font-weight: 400; text-align: justify;\"><span style=\"font-family: tahoma, arial, helvetica, sans-serif; font-size: 12pt; color: #000000;\"><strong> Relier les \u00e9volutions technologiques aux inventions et innovations qui marquent des ruptures dans les solutions techniques.<\/strong><\/span><\/li>\n<\/ul>\n<\/td>\n<\/tr>\n<tr style=\"height: 74px;\">\n<td style=\"border: 1px solid; width: 990px;\" colspan=\"3\">\n<p style=\"text-align: center;\"><span style=\"font-family: tahoma, arial, helvetica, sans-serif; font-size: 12pt; color: #000000;\"><span style=\"font-size: 14pt;\"><i><b>Synth\u00e8se Structuration<br \/>\n<\/b><\/i><\/span><b><i>Energies 1\/2 :\u00a0<a style=\"color: #000000;\" href=\"http:\/\/crtech.fr\/wp-content\/uploads\/2018\/01\/energie_31.pdf\" target=\"_blank\" rel=\"noopener\"><img loading=\"lazy\" decoding=\"async\" class=\"wp-image-581 alignnone\" src=\"http:\/\/crtech.fr\/wp-content\/uploads\/2017\/12\/ordi3-265x300.gif\" alt=\"\" width=\"75\" height=\"85\" srcset=\"https:\/\/crtech.fr\/wp-content\/uploads\/2017\/12\/ordi3-265x300.gif 265w, https:\/\/crtech.fr\/wp-content\/uploads\/2017\/12\/ordi3-768x868.gif 768w, https:\/\/crtech.fr\/wp-content\/uploads\/2017\/12\/ordi3-800x904.gif 800w\" sizes=\"(max-width: 75px) 100vw, 75px\" \/><\/a>\u00a0 \u00a0 \u00a0 \u00a0 \u00a0 \u00a0 \u00a0 \u00a0 \u00a0 \u00a0\u00a0<\/i><\/b><\/span><span style=\"font-family: tahoma, arial, helvetica, sans-serif; font-size: 12pt; color: #000000;\"><b><i><\/i><\/b><b><i>Energies 2\/2 :\u00a0<a style=\"color: #000000;\" href=\"http:\/\/crtech.fr\/wp-content\/uploads\/2018\/01\/energie_32.pdf\" target=\"_blank\" rel=\"noopener\"><img loading=\"lazy\" decoding=\"async\" class=\"alignnone wp-image-581\" src=\"http:\/\/crtech.fr\/wp-content\/uploads\/2017\/12\/ordi3-265x300.gif\" alt=\"\" width=\"75\" height=\"85\" srcset=\"https:\/\/crtech.fr\/wp-content\/uploads\/2017\/12\/ordi3-265x300.gif 265w, https:\/\/crtech.fr\/wp-content\/uploads\/2017\/12\/ordi3-768x868.gif 768w, https:\/\/crtech.fr\/wp-content\/uploads\/2017\/12\/ordi3-800x904.gif 800w\" sizes=\"(max-width: 75px) 100vw, 75px\" \/><\/a><br \/>\n<\/i><\/b><\/span><\/p>\n<\/td>\n<\/tr>\n<\/tbody>\n<\/table>\n<p>&nbsp;<\/p>\n","protected":false},"excerpt":{"rendered":"<p>\u00a0 Centre d&rsquo;int\u00e9r\u00eat 3 Comment produire de l&rsquo;\u00e9nergie \u00e9lectrique ? L&rsquo;\u00e9nergie \u00e9lectrique repr\u00e9sente environ un tiers de l&rsquo;\u00e9nergie consomm\u00e9e dans le monde. Aujourd&rsquo;hui l&rsquo;\u00e9nergie \u00e9lectrique est omnipr\u00e9sente dans les pays d\u00e9velopp\u00e9s. Nous allons voir comment il est possible de produire de l&rsquo;\u00e9nergie \u00e9lectrique. \u00a0 S\u00e9quences \/ Activit\u00e9s Ressources Comp\u00e9tences travaill\u00e9es Rattachement au socle Fiches synth\u00e8ses\u00a0 1- D\u00e9crivez le fonctionnement des<\/p>\n<p><a class=\"more-link\" href=\"https:\/\/crtech.fr\/?page_id=300\">Read More<\/a><\/p>\n","protected":false},"author":2,"featured_media":0,"parent":53,"menu_order":0,"comment_status":"closed","ping_status":"closed","template":"","meta":{"__cvm_playback_settings":[],"__cvm_video_id":"","footnotes":""},"class_list":["post-300","page","type-page","status-publish","hentry"],"yoast_head":"<!-- This site is optimized with the Yoast SEO plugin v27.4 - https:\/\/yoast.com\/product\/yoast-seo-wordpress\/ -->\n<title>Centre d\u2019int\u00e9r\u00eat N\u00b03 : Production d&#039;\u00e9nergie \u00e9lectrique - Technologie cycle 4 au coll\u00e8ge Jean Monnet de Saint-Jorioz<\/title>\n<meta name=\"robots\" content=\"index, follow, max-snippet:-1, max-image-preview:large, max-video-preview:-1\" \/>\n<link rel=\"canonical\" href=\"https:\/\/crtech.fr\/?page_id=300\" \/>\n<meta property=\"og:locale\" content=\"fr_FR\" \/>\n<meta property=\"og:type\" content=\"article\" \/>\n<meta property=\"og:title\" content=\"Centre d\u2019int\u00e9r\u00eat N\u00b03 : Production d&#039;\u00e9nergie \u00e9lectrique - Technologie cycle 4 au coll\u00e8ge Jean Monnet de Saint-Jorioz\" \/>\n<meta property=\"og:description\" content=\"\u00a0 Centre d&rsquo;int\u00e9r\u00eat 3 Comment produire de l&rsquo;\u00e9nergie \u00e9lectrique ? L&rsquo;\u00e9nergie \u00e9lectrique repr\u00e9sente environ un tiers de l&rsquo;\u00e9nergie consomm\u00e9e dans le monde. Aujourd&rsquo;hui l&rsquo;\u00e9nergie \u00e9lectrique est omnipr\u00e9sente dans les pays d\u00e9velopp\u00e9s. Nous allons voir comment il est possible de produire de l&rsquo;\u00e9nergie \u00e9lectrique. \u00a0 S\u00e9quences \/ Activit\u00e9s Ressources Comp\u00e9tences travaill\u00e9es Rattachement au socle Fiches synth\u00e8ses\u00a0 1- D\u00e9crivez le fonctionnement desRead More\" \/>\n<meta property=\"og:url\" content=\"https:\/\/crtech.fr\/?page_id=300\" \/>\n<meta property=\"og:site_name\" content=\"Technologie cycle 4 au coll\u00e8ge Jean Monnet de Saint-Jorioz\" \/>\n<meta property=\"article:modified_time\" content=\"2018-01-15T11:44:38+00:00\" \/>\n<meta property=\"og:image\" content=\"http:\/\/crtech.fr\/wp-content\/uploads\/2018\/01\/energie3-276x300.jpg\" \/>\n<meta name=\"twitter:card\" content=\"summary_large_image\" \/>\n<meta name=\"twitter:label1\" content=\"Dur\u00e9e de lecture estim\u00e9e\" \/>\n\t<meta name=\"twitter:data1\" content=\"1 minute\" \/>\n<script type=\"application\/ld+json\" class=\"yoast-schema-graph\">{\"@context\":\"https:\\\/\\\/schema.org\",\"@graph\":[{\"@type\":\"WebPage\",\"@id\":\"https:\\\/\\\/crtech.fr\\\/?page_id=300\",\"url\":\"https:\\\/\\\/crtech.fr\\\/?page_id=300\",\"name\":\"Centre d\u2019int\u00e9r\u00eat N\u00b03 : Production d'\u00e9nergie \u00e9lectrique - Technologie cycle 4 au coll\u00e8ge Jean Monnet de Saint-Jorioz\",\"isPartOf\":{\"@id\":\"https:\\\/\\\/crtech.fr\\\/#website\"},\"primaryImageOfPage\":{\"@id\":\"https:\\\/\\\/crtech.fr\\\/?page_id=300#primaryimage\"},\"image\":{\"@id\":\"https:\\\/\\\/crtech.fr\\\/?page_id=300#primaryimage\"},\"thumbnailUrl\":\"http:\\\/\\\/crtech.fr\\\/wp-content\\\/uploads\\\/2018\\\/01\\\/energie3-276x300.jpg\",\"datePublished\":\"2017-12-13T18:05:49+00:00\",\"dateModified\":\"2018-01-15T11:44:38+00:00\",\"breadcrumb\":{\"@id\":\"https:\\\/\\\/crtech.fr\\\/?page_id=300#breadcrumb\"},\"inLanguage\":\"fr-FR\",\"potentialAction\":[{\"@type\":\"ReadAction\",\"target\":[\"https:\\\/\\\/crtech.fr\\\/?page_id=300\"]}]},{\"@type\":\"ImageObject\",\"inLanguage\":\"fr-FR\",\"@id\":\"https:\\\/\\\/crtech.fr\\\/?page_id=300#primaryimage\",\"url\":\"https:\\\/\\\/crtech.fr\\\/wp-content\\\/uploads\\\/2018\\\/01\\\/energie3.jpg\",\"contentUrl\":\"https:\\\/\\\/crtech.fr\\\/wp-content\\\/uploads\\\/2018\\\/01\\\/energie3.jpg\",\"width\":970,\"height\":1055},{\"@type\":\"BreadcrumbList\",\"@id\":\"https:\\\/\\\/crtech.fr\\\/?page_id=300#breadcrumb\",\"itemListElement\":[{\"@type\":\"ListItem\",\"position\":1,\"name\":\"Accueil\",\"item\":\"https:\\\/\\\/crtech.fr\\\/\"},{\"@type\":\"ListItem\",\"position\":2,\"name\":\"Ressources 3\u00b0\",\"item\":\"https:\\\/\\\/crtech.fr\\\/?page_id=53\"},{\"@type\":\"ListItem\",\"position\":3,\"name\":\"Centre d\u2019int\u00e9r\u00eat N\u00b03 : Production d&rsquo;\u00e9nergie \u00e9lectrique\"}]},{\"@type\":\"WebSite\",\"@id\":\"https:\\\/\\\/crtech.fr\\\/#website\",\"url\":\"https:\\\/\\\/crtech.fr\\\/\",\"name\":\"Technologie cycle 4 au coll\u00e8ge Jean Monnet de Saint-Jorioz\",\"description\":\"Bienvenue sur cette plateforme d&#039;activit\u00e9s et de ressources\",\"potentialAction\":[{\"@type\":\"SearchAction\",\"target\":{\"@type\":\"EntryPoint\",\"urlTemplate\":\"https:\\\/\\\/crtech.fr\\\/?s={search_term_string}\"},\"query-input\":{\"@type\":\"PropertyValueSpecification\",\"valueRequired\":true,\"valueName\":\"search_term_string\"}}],\"inLanguage\":\"fr-FR\"}]}<\/script>\n<!-- \/ Yoast SEO plugin. -->","yoast_head_json":{"title":"Centre d\u2019int\u00e9r\u00eat N\u00b03 : Production d'\u00e9nergie \u00e9lectrique - Technologie cycle 4 au coll\u00e8ge Jean Monnet de Saint-Jorioz","robots":{"index":"index","follow":"follow","max-snippet":"max-snippet:-1","max-image-preview":"max-image-preview:large","max-video-preview":"max-video-preview:-1"},"canonical":"https:\/\/crtech.fr\/?page_id=300","og_locale":"fr_FR","og_type":"article","og_title":"Centre d\u2019int\u00e9r\u00eat N\u00b03 : Production d'\u00e9nergie \u00e9lectrique - Technologie cycle 4 au coll\u00e8ge Jean Monnet de Saint-Jorioz","og_description":"\u00a0 Centre d&rsquo;int\u00e9r\u00eat 3 Comment produire de l&rsquo;\u00e9nergie \u00e9lectrique ? L&rsquo;\u00e9nergie \u00e9lectrique repr\u00e9sente environ un tiers de l&rsquo;\u00e9nergie consomm\u00e9e dans le monde. Aujourd&rsquo;hui l&rsquo;\u00e9nergie \u00e9lectrique est omnipr\u00e9sente dans les pays d\u00e9velopp\u00e9s. Nous allons voir comment il est possible de produire de l&rsquo;\u00e9nergie \u00e9lectrique. \u00a0 S\u00e9quences \/ Activit\u00e9s Ressources Comp\u00e9tences travaill\u00e9es Rattachement au socle Fiches synth\u00e8ses\u00a0 1- D\u00e9crivez le fonctionnement desRead More","og_url":"https:\/\/crtech.fr\/?page_id=300","og_site_name":"Technologie cycle 4 au coll\u00e8ge Jean Monnet de Saint-Jorioz","article_modified_time":"2018-01-15T11:44:38+00:00","og_image":[{"url":"http:\/\/crtech.fr\/wp-content\/uploads\/2018\/01\/energie3-276x300.jpg","type":"","width":"","height":""}],"twitter_card":"summary_large_image","twitter_misc":{"Dur\u00e9e de lecture estim\u00e9e":"1 minute"},"schema":{"@context":"https:\/\/schema.org","@graph":[{"@type":"WebPage","@id":"https:\/\/crtech.fr\/?page_id=300","url":"https:\/\/crtech.fr\/?page_id=300","name":"Centre d\u2019int\u00e9r\u00eat N\u00b03 : Production d'\u00e9nergie \u00e9lectrique - Technologie cycle 4 au coll\u00e8ge Jean Monnet de Saint-Jorioz","isPartOf":{"@id":"https:\/\/crtech.fr\/#website"},"primaryImageOfPage":{"@id":"https:\/\/crtech.fr\/?page_id=300#primaryimage"},"image":{"@id":"https:\/\/crtech.fr\/?page_id=300#primaryimage"},"thumbnailUrl":"http:\/\/crtech.fr\/wp-content\/uploads\/2018\/01\/energie3-276x300.jpg","datePublished":"2017-12-13T18:05:49+00:00","dateModified":"2018-01-15T11:44:38+00:00","breadcrumb":{"@id":"https:\/\/crtech.fr\/?page_id=300#breadcrumb"},"inLanguage":"fr-FR","potentialAction":[{"@type":"ReadAction","target":["https:\/\/crtech.fr\/?page_id=300"]}]},{"@type":"ImageObject","inLanguage":"fr-FR","@id":"https:\/\/crtech.fr\/?page_id=300#primaryimage","url":"https:\/\/crtech.fr\/wp-content\/uploads\/2018\/01\/energie3.jpg","contentUrl":"https:\/\/crtech.fr\/wp-content\/uploads\/2018\/01\/energie3.jpg","width":970,"height":1055},{"@type":"BreadcrumbList","@id":"https:\/\/crtech.fr\/?page_id=300#breadcrumb","itemListElement":[{"@type":"ListItem","position":1,"name":"Accueil","item":"https:\/\/crtech.fr\/"},{"@type":"ListItem","position":2,"name":"Ressources 3\u00b0","item":"https:\/\/crtech.fr\/?page_id=53"},{"@type":"ListItem","position":3,"name":"Centre d\u2019int\u00e9r\u00eat N\u00b03 : Production d&rsquo;\u00e9nergie \u00e9lectrique"}]},{"@type":"WebSite","@id":"https:\/\/crtech.fr\/#website","url":"https:\/\/crtech.fr\/","name":"Technologie cycle 4 au coll\u00e8ge Jean Monnet de Saint-Jorioz","description":"Bienvenue sur cette plateforme d&#039;activit\u00e9s et de ressources","potentialAction":[{"@type":"SearchAction","target":{"@type":"EntryPoint","urlTemplate":"https:\/\/crtech.fr\/?s={search_term_string}"},"query-input":{"@type":"PropertyValueSpecification","valueRequired":true,"valueName":"search_term_string"}}],"inLanguage":"fr-FR"}]}},"_links":{"self":[{"href":"https:\/\/crtech.fr\/index.php?rest_route=\/wp\/v2\/pages\/300","targetHints":{"allow":["GET"]}}],"collection":[{"href":"https:\/\/crtech.fr\/index.php?rest_route=\/wp\/v2\/pages"}],"about":[{"href":"https:\/\/crtech.fr\/index.php?rest_route=\/wp\/v2\/types\/page"}],"author":[{"embeddable":true,"href":"https:\/\/crtech.fr\/index.php?rest_route=\/wp\/v2\/users\/2"}],"replies":[{"embeddable":true,"href":"https:\/\/crtech.fr\/index.php?rest_route=%2Fwp%2Fv2%2Fcomments&post=300"}],"version-history":[{"count":0,"href":"https:\/\/crtech.fr\/index.php?rest_route=\/wp\/v2\/pages\/300\/revisions"}],"up":[{"embeddable":true,"href":"https:\/\/crtech.fr\/index.php?rest_route=\/wp\/v2\/pages\/53"}],"wp:attachment":[{"href":"https:\/\/crtech.fr\/index.php?rest_route=%2Fwp%2Fv2%2Fmedia&parent=300"}],"curies":[{"name":"wp","href":"https:\/\/api.w.org\/{rel}","templated":true}]}}