{"id":303,"date":"2017-12-13T19:06:34","date_gmt":"2017-12-13T18:06:34","guid":{"rendered":"http:\/\/crtech.fr\/?page_id=303"},"modified":"2018-01-15T12:58:01","modified_gmt":"2018-01-15T11:58:01","slug":"centre-dinteret-n4-evolution-dans-le-temps","status":"publish","type":"page","link":"https:\/\/crtech.fr\/?page_id=303","title":{"rendered":"Centre d\u2019int\u00e9r\u00eat N\u00b04 : Evolution dans le temps"},"content":{"rendered":"<table style=\"width: 1205px;\">\n<tbody>\n<tr style=\"height: 27px;\">\n<td style=\"border: 1px solid; width: 264px;\">\u00a0<img decoding=\"async\" class=\"size-medium wp-image-1571 aligncenter\" src=\"http:\/\/crtech.fr\/wp-content\/uploads\/2018\/01\/evolution-technologie-300x116.png\" alt=\"\" width=\"300\" height=\"116\" srcset=\"https:\/\/crtech.fr\/wp-content\/uploads\/2018\/01\/evolution-technologie-300x116.png 300w, https:\/\/crtech.fr\/wp-content\/uploads\/2018\/01\/evolution-technologie.png 425w\" sizes=\"(max-width: 300px) 100vw, 300px\" \/><\/td>\n<td style=\"border: 1px solid; width: 630px;\">\n<p style=\"font-weight: 400; text-align: center;\"><span style=\"font-family: tahoma, arial, helvetica, sans-serif; font-size: 14pt; color: #000000;\"><b>Centre d&rsquo;int\u00e9r\u00eat 4<\/b><\/span><\/p>\n<p style=\"font-weight: 400; padding-left: 30px; text-align: center;\"><span style=\"font-family: tahoma, arial, helvetica, sans-serif; font-size: 12pt; color: #000000;\">Comment \u00e7a a \u00e9volu\u00e9 dans le temps ?<\/span><\/p>\n<\/td>\n<td style=\"border: 1px solid; width: 299px;\">\u00a0<img decoding=\"async\" class=\"size-full wp-image-1570 aligncenter\" src=\"http:\/\/crtech.fr\/wp-content\/uploads\/2018\/01\/evolutionportable.png\" alt=\"\" width=\"208\" height=\"164\" \/><\/td>\n<\/tr>\n<\/tbody>\n<\/table>\n<p>&nbsp;<\/p>\n<table style=\"width: 1179px;\">\n<tbody>\n<tr>\n<td style=\"border: 1px solid black; width: 267px; text-align: center;\"><strong style=\"color: #000000; font-family: tahoma, arial, helvetica, sans-serif; font-size: 18.6667px; text-align: center;\">S\u00e9quences \/ Activit\u00e9s<\/strong><\/td>\n<td style=\"border: 1px solid black; width: 230px; text-align: center;\"><strong style=\"color: #000000; font-family: tahoma, arial, helvetica, sans-serif; font-size: 18.6667px; text-align: center;\">Ressources<\/strong><\/td>\n<td style=\"border: 1px solid black; width: 652px; text-align: center;\"><span style=\"font-family: tahoma, arial, helvetica, sans-serif; font-size: 14pt; color: #000000;\"><strong>Comp\u00e9tences travaill\u00e9es<\/strong><\/span><br style=\"text-align: center;\" \/><span style=\"text-align: center; font-family: tahoma, arial, helvetica, sans-serif; font-size: 14pt; color: #000000;\"><strong>Rattachement au socle<\/strong><\/span><br style=\"text-align: center;\" \/><span style=\"text-align: center; font-size: 14pt; color: #000000;\"><strong><span style=\"font-family: tahoma, arial, helvetica, sans-serif;\">Fiches synth\u00e8ses\u00a0<\/span><\/strong><\/span><\/td>\n<\/tr>\n<tr>\n<td style=\"border: 1px solid black; width: 267px;\">\n<p style=\"text-align: center;\"><span style=\"font-family: tahoma, arial, helvetica, sans-serif; font-size: 12pt; color: #000000;\"><b><span>Activit\u00e9 1<\/span><br \/>\n<a style=\"color: #0f3647;\" href=\"http:\/\/crtech.fr\/wp-content\/uploads\/2018\/01\/Travail_1-_Evolution_objet_technique.pdf\" target=\"_blank\" rel=\"noopener\"><img decoding=\"async\" class=\"alignnone wp-image-581\" src=\"http:\/\/crtech.fr\/wp-content\/uploads\/2017\/12\/ordi3-265x300.gif\" alt=\"\" width=\"75\" height=\"85\" srcset=\"https:\/\/crtech.fr\/wp-content\/uploads\/2017\/12\/ordi3-265x300.gif 265w, https:\/\/crtech.fr\/wp-content\/uploads\/2017\/12\/ordi3-768x868.gif 768w, https:\/\/crtech.fr\/wp-content\/uploads\/2017\/12\/ordi3-800x904.gif 800w\" sizes=\"(max-width: 75px) 100vw, 75px\" \/><\/a><br \/>\n<\/b><\/span><\/p>\n<p style=\"text-align: center;\"><span style=\"font-size: 12pt;\"><span style=\"font-family: tahoma, arial, helvetica, sans-serif; color: #000000;\"><b><span>Activit\u00e9 2<\/span><br \/>\n<\/b><\/span><span style=\"font-family: tahoma, arial, helvetica, sans-serif; color: #000000;\"><b><a href=\"http:\/\/crtech.fr\/wp-content\/uploads\/2018\/01\/Travail_2_-_Evolution_objet_technique.pdf\" target=\"_blank\" rel=\"noopener\"><img decoding=\"async\" class=\"alignnone wp-image-581\" src=\"http:\/\/crtech.fr\/wp-content\/uploads\/2017\/12\/ordi3-265x300.gif\" alt=\"\" width=\"75\" height=\"85\" srcset=\"https:\/\/crtech.fr\/wp-content\/uploads\/2017\/12\/ordi3-265x300.gif 265w, https:\/\/crtech.fr\/wp-content\/uploads\/2017\/12\/ordi3-768x868.gif 768w, https:\/\/crtech.fr\/wp-content\/uploads\/2017\/12\/ordi3-800x904.gif 800w\" sizes=\"(max-width: 75px) 100vw, 75px\" \/><\/a><\/b><\/span><\/span><\/p>\n<p style=\"text-align: center;\"><span style=\"font-size: 12pt;\"><span style=\"font-family: tahoma, arial, helvetica, sans-serif; color: #000000;\"><b><span>Activit\u00e9 3<br \/>\n<\/span><\/b><\/span><span style=\"font-family: tahoma, arial, helvetica, sans-serif; color: #000000;\"><b><a href=\"http:\/\/crtech.fr\/wp-content\/uploads\/2018\/01\/Travail_3_-_Evolution_objet_technique.pdf\" target=\"_blank\" rel=\"noopener\"><img loading=\"lazy\" decoding=\"async\" class=\"aligncenter wp-image-581\" style=\"margin-top: 0.857143rem; margin-bottom: 0.857143rem;\" src=\"http:\/\/crtech.fr\/wp-content\/uploads\/2017\/12\/ordi3-265x300.gif\" alt=\"\" width=\"75\" height=\"85\" srcset=\"https:\/\/crtech.fr\/wp-content\/uploads\/2017\/12\/ordi3-265x300.gif 265w, https:\/\/crtech.fr\/wp-content\/uploads\/2017\/12\/ordi3-768x868.gif 768w, https:\/\/crtech.fr\/wp-content\/uploads\/2017\/12\/ordi3-800x904.gif 800w\" sizes=\"(max-width: 75px) 100vw, 75px\" \/><\/a><\/b><\/span><\/span><\/p>\n<\/td>\n<td style=\"border: 1px solid black; width: 230px;\">\n<p style=\"line-height: 1.71429; margin-bottom: 1.71429rem; text-align: center;\"><span style=\"font-family: tahoma, arial, helvetica, sans-serif; color: #000000; font-size: 12pt;\"><b>Dur\u00e9e de vie<br \/>\n<\/b><\/span><span style=\"font-family: tahoma, arial, helvetica, sans-serif; color: #000000; font-size: 12pt;\"><b><\/b><b><a style=\"color: #000000;\" href=\"http:\/\/crtech.fr\/wp-content\/uploads\/2018\/01\/EOT-3e-Annexe_travail_1.pdf\" target=\"_blank\" rel=\"noopener\"><img decoding=\"async\" class=\"alignnone wp-image-581\" src=\"http:\/\/crtech.fr\/wp-content\/uploads\/2017\/12\/ordi3-265x300.gif\" alt=\"\" width=\"75\" height=\"85\" srcset=\"https:\/\/crtech.fr\/wp-content\/uploads\/2017\/12\/ordi3-265x300.gif 265w, https:\/\/crtech.fr\/wp-content\/uploads\/2017\/12\/ordi3-768x868.gif 768w, https:\/\/crtech.fr\/wp-content\/uploads\/2017\/12\/ordi3-800x904.gif 800w\" sizes=\"(max-width: 75px) 100vw, 75px\" \/><\/a><\/b><\/span><\/p>\n<p style=\"line-height: 1.71429; margin-bottom: 1.71429rem; text-align: center;\"><b><\/b><span style=\"font-family: tahoma, arial, helvetica, sans-serif; color: #000000; font-size: 12pt;\"><b>Dates<br \/>\n<\/b><\/span><span style=\"font-family: tahoma, arial, helvetica, sans-serif; color: #000000; font-size: 12pt;\"><b><\/b><b><a style=\"color: #000000;\" href=\"http:\/\/crtech.fr\/wp-content\/uploads\/2018\/01\/EOT-3e-Annexes_Travail_2.pdf\" target=\"_blank\" rel=\"noopener\"><img decoding=\"async\" class=\"alignnone wp-image-581\" src=\"http:\/\/crtech.fr\/wp-content\/uploads\/2017\/12\/ordi3-265x300.gif\" alt=\"\" width=\"75\" height=\"85\" srcset=\"https:\/\/crtech.fr\/wp-content\/uploads\/2017\/12\/ordi3-265x300.gif 265w, https:\/\/crtech.fr\/wp-content\/uploads\/2017\/12\/ordi3-768x868.gif 768w, https:\/\/crtech.fr\/wp-content\/uploads\/2017\/12\/ordi3-800x904.gif 800w\" sizes=\"(max-width: 75px) 100vw, 75px\" \/><\/a><\/b><\/span><\/p>\n<p style=\"line-height: 1.71429; margin-bottom: 1.71429rem; text-align: center;\"><b><\/b><b><span style=\"font-family: tahoma, arial, helvetica, sans-serif; font-size: 12pt; color: #000000;\">AIBO<\/span><br \/>\n<\/b><span style=\"font-family: tahoma, arial, helvetica, sans-serif; color: #000000; font-size: 12pt;\"><b><\/b><b><a style=\"color: #000000;\" href=\"http:\/\/crtech.fr\/wp-content\/uploads\/2018\/01\/EOT-3e-Annexes_Travail_3.pdf\" target=\"_blank\" rel=\"noopener\"><img decoding=\"async\" class=\"alignnone wp-image-581\" src=\"http:\/\/crtech.fr\/wp-content\/uploads\/2017\/12\/ordi3-265x300.gif\" alt=\"\" width=\"75\" height=\"85\" srcset=\"https:\/\/crtech.fr\/wp-content\/uploads\/2017\/12\/ordi3-265x300.gif 265w, https:\/\/crtech.fr\/wp-content\/uploads\/2017\/12\/ordi3-768x868.gif 768w, https:\/\/crtech.fr\/wp-content\/uploads\/2017\/12\/ordi3-800x904.gif 800w\" sizes=\"(max-width: 75px) 100vw, 75px\" \/><\/a><\/b><\/span><\/p>\n<\/td>\n<td style=\"border: 1px solid black; width: 652px;\">\n<p style=\"text-align: center;\"><span style=\"text-decoration: underline;\"><strong><span style=\"font-family: tahoma, arial, helvetica, sans-serif; font-size: 12pt; color: #000000; text-decoration: underline;\">Comparer et commenter les \u00e9volutions des objets et syst\u00e8mes.<\/span><\/strong><\/span><\/p>\n<ul style=\"margin-bottom: 1.71429rem; line-height: 1.71429; text-align: left;\">\n<li style=\"margin-left: 1.71429rem;\"><span style=\"font-family: tahoma, arial, helvetica, sans-serif; font-size: 12pt; color: #000000;\">Regrouper des objets en familles et lign\u00e9es.<br \/>\n<a style=\"font-family: inherit; font-size: inherit;\" href=\"http:\/\/crtech.fr\/wp-content\/uploads\/2018\/01\/OTSCIS-1-1-FE1-Levolution-des-objets.jpg\" target=\"_blank\" rel=\"noopener\"><img loading=\"lazy\" decoding=\"async\" class=\"alignnone wp-image-1104\" title=\"L'\u00e9volution des objets\" src=\"http:\/\/crtech.fr\/wp-content\/uploads\/2018\/01\/OTSCIS-1-1-FE1-Levolution-des-objets-300x169.jpg\" alt=\"\" width=\"120\" height=\"68\" srcset=\"https:\/\/crtech.fr\/wp-content\/uploads\/2018\/01\/OTSCIS-1-1-FE1-Levolution-des-objets-300x169.jpg 300w, https:\/\/crtech.fr\/wp-content\/uploads\/2018\/01\/OTSCIS-1-1-FE1-Levolution-des-objets-768x432.jpg 768w, https:\/\/crtech.fr\/wp-content\/uploads\/2018\/01\/OTSCIS-1-1-FE1-Levolution-des-objets-1024x576.jpg 1024w, https:\/\/crtech.fr\/wp-content\/uploads\/2018\/01\/OTSCIS-1-1-FE1-Levolution-des-objets-800x450.jpg 800w, https:\/\/crtech.fr\/wp-content\/uploads\/2018\/01\/OTSCIS-1-1-FE1-Levolution-des-objets.jpg 1600w\" sizes=\"(max-width: 120px) 100vw, 120px\" \/><\/a>\u00a0<a href=\"http:\/\/crtech.fr\/wp-content\/uploads\/2018\/01\/OTSCIS-1-1-FE2-Impacts-societaux-et-environnementaux.jpg\" target=\"_blank\" rel=\"noopener\"><img loading=\"lazy\" decoding=\"async\" class=\"alignnone wp-image-1105\" title=\"Impacts soci\u00e9taux et environnementaux dus aux objets\" src=\"http:\/\/crtech.fr\/wp-content\/uploads\/2018\/01\/OTSCIS-1-1-FE2-Impacts-societaux-et-environnementaux-300x169.jpg\" alt=\"\" width=\"120\" height=\"68\" srcset=\"https:\/\/crtech.fr\/wp-content\/uploads\/2018\/01\/OTSCIS-1-1-FE2-Impacts-societaux-et-environnementaux-300x169.jpg 300w, https:\/\/crtech.fr\/wp-content\/uploads\/2018\/01\/OTSCIS-1-1-FE2-Impacts-societaux-et-environnementaux-768x432.jpg 768w, https:\/\/crtech.fr\/wp-content\/uploads\/2018\/01\/OTSCIS-1-1-FE2-Impacts-societaux-et-environnementaux-1024x576.jpg 1024w, https:\/\/crtech.fr\/wp-content\/uploads\/2018\/01\/OTSCIS-1-1-FE2-Impacts-societaux-et-environnementaux-800x450.jpg 800w, https:\/\/crtech.fr\/wp-content\/uploads\/2018\/01\/OTSCIS-1-1-FE2-Impacts-societaux-et-environnementaux.jpg 1600w\" sizes=\"(max-width: 120px) 100vw, 120px\" \/><\/a><\/span><\/li>\n<li style=\"margin-left: 1.71429rem; text-align: justify;\"><span style=\"font-family: tahoma, arial, helvetica, sans-serif; font-size: 12pt; color: #000000;\">Relier les \u00e9volutions technologiques aux inventions et innovations qui marquent des ruptures dans les solutions techniques.<\/span><br \/>\n<a href=\"http:\/\/crtech.fr\/wp-content\/uploads\/2018\/01\/OTSCIS-1-1-FE1-Levolution-des-objets.jpg\" target=\"_blank\" rel=\"noopener\"><img loading=\"lazy\" decoding=\"async\" class=\"alignnone wp-image-1104\" title=\"L\u2019\u00e9volution des objets\" src=\"http:\/\/crtech.fr\/wp-content\/uploads\/2018\/01\/OTSCIS-1-1-FE1-Levolution-des-objets-300x169.jpg\" alt=\"\" width=\"120\" height=\"68\" srcset=\"https:\/\/crtech.fr\/wp-content\/uploads\/2018\/01\/OTSCIS-1-1-FE1-Levolution-des-objets-300x169.jpg 300w, https:\/\/crtech.fr\/wp-content\/uploads\/2018\/01\/OTSCIS-1-1-FE1-Levolution-des-objets-768x432.jpg 768w, https:\/\/crtech.fr\/wp-content\/uploads\/2018\/01\/OTSCIS-1-1-FE1-Levolution-des-objets-1024x576.jpg 1024w, https:\/\/crtech.fr\/wp-content\/uploads\/2018\/01\/OTSCIS-1-1-FE1-Levolution-des-objets-800x450.jpg 800w, https:\/\/crtech.fr\/wp-content\/uploads\/2018\/01\/OTSCIS-1-1-FE1-Levolution-des-objets.jpg 1600w\" sizes=\"(max-width: 120px) 100vw, 120px\" \/><\/a><\/li>\n<li style=\"margin-left: 1.71429rem; text-align: justify;\"><span style=\"color: #000000; font-family: tahoma, arial, helvetica, sans-serif; font-size: 12pt;\">Comparer et commenter les \u00e9volutions des objets en articulant diff\u00e9rentes points de vue fonctionnel, structurel, environnemental, scientifique, social, historique et \u00e9conomique.<br \/>\n<a href=\"http:\/\/crtech.fr\/wp-content\/uploads\/2018\/01\/OTSCIS-1-1-FE2-Impacts-societaux-et-environnementaux.jpg\" target=\"_blank\" rel=\"noopener\"><img loading=\"lazy\" decoding=\"async\" class=\"alignnone wp-image-1105\" title=\"Impacts soci\u00e9taux et environnementaux dus\u00a0aux objets\" src=\"http:\/\/crtech.fr\/wp-content\/uploads\/2018\/01\/OTSCIS-1-1-FE2-Impacts-societaux-et-environnementaux-300x169.jpg\" alt=\"\" width=\"120\" height=\"68\" srcset=\"https:\/\/crtech.fr\/wp-content\/uploads\/2018\/01\/OTSCIS-1-1-FE2-Impacts-societaux-et-environnementaux-300x169.jpg 300w, https:\/\/crtech.fr\/wp-content\/uploads\/2018\/01\/OTSCIS-1-1-FE2-Impacts-societaux-et-environnementaux-768x432.jpg 768w, https:\/\/crtech.fr\/wp-content\/uploads\/2018\/01\/OTSCIS-1-1-FE2-Impacts-societaux-et-environnementaux-1024x576.jpg 1024w, https:\/\/crtech.fr\/wp-content\/uploads\/2018\/01\/OTSCIS-1-1-FE2-Impacts-societaux-et-environnementaux-800x450.jpg 800w, https:\/\/crtech.fr\/wp-content\/uploads\/2018\/01\/OTSCIS-1-1-FE2-Impacts-societaux-et-environnementaux.jpg 1600w\" sizes=\"(max-width: 120px) 100vw, 120px\" \/><\/a><\/span><\/li>\n<\/ul>\n<\/td>\n<\/tr>\n<\/tbody>\n<\/table>\n<p>&nbsp;<\/p>\n","protected":false},"excerpt":{"rendered":"<p>\u00a0 Centre d&rsquo;int\u00e9r\u00eat 4 Comment \u00e7a a \u00e9volu\u00e9 dans le temps ? \u00a0 &nbsp; S\u00e9quences \/ Activit\u00e9s Ressources Comp\u00e9tences travaill\u00e9esRattachement au socleFiches synth\u00e8ses\u00a0 Activit\u00e9 1 Activit\u00e9 2 Activit\u00e9 3 Dur\u00e9e de vie Dates AIBO Comparer et commenter les \u00e9volutions des objets et syst\u00e8mes. Regrouper des objets en familles et lign\u00e9es. \u00a0 Relier les \u00e9volutions technologiques aux inventions et innovations qui<\/p>\n<p><a class=\"more-link\" href=\"https:\/\/crtech.fr\/?page_id=303\">Read More<\/a><\/p>\n","protected":false},"author":2,"featured_media":0,"parent":53,"menu_order":0,"comment_status":"closed","ping_status":"closed","template":"","meta":{"__cvm_playback_settings":[],"__cvm_video_id":"","footnotes":""},"class_list":["post-303","page","type-page","status-publish","hentry"],"yoast_head":"<!-- This site is optimized with the Yoast SEO plugin v27.4 - https:\/\/yoast.com\/product\/yoast-seo-wordpress\/ -->\n<title>Centre d\u2019int\u00e9r\u00eat N\u00b04 : Evolution dans le temps - Technologie cycle 4 au coll\u00e8ge Jean Monnet de Saint-Jorioz<\/title>\n<meta name=\"robots\" content=\"index, follow, max-snippet:-1, max-image-preview:large, max-video-preview:-1\" \/>\n<link rel=\"canonical\" href=\"https:\/\/crtech.fr\/?page_id=303\" \/>\n<meta property=\"og:locale\" content=\"fr_FR\" \/>\n<meta property=\"og:type\" content=\"article\" \/>\n<meta property=\"og:title\" content=\"Centre d\u2019int\u00e9r\u00eat N\u00b04 : Evolution dans le temps - Technologie cycle 4 au coll\u00e8ge Jean Monnet de Saint-Jorioz\" \/>\n<meta property=\"og:description\" content=\"\u00a0 Centre d&rsquo;int\u00e9r\u00eat 4 Comment \u00e7a a \u00e9volu\u00e9 dans le temps ? \u00a0 &nbsp; S\u00e9quences \/ Activit\u00e9s Ressources Comp\u00e9tences travaill\u00e9esRattachement au socleFiches synth\u00e8ses\u00a0 Activit\u00e9 1 Activit\u00e9 2 Activit\u00e9 3 Dur\u00e9e de vie Dates AIBO Comparer et commenter les \u00e9volutions des objets et syst\u00e8mes. Regrouper des objets en familles et lign\u00e9es. \u00a0 Relier les \u00e9volutions technologiques aux inventions et innovations quiRead More\" \/>\n<meta property=\"og:url\" content=\"https:\/\/crtech.fr\/?page_id=303\" \/>\n<meta property=\"og:site_name\" content=\"Technologie cycle 4 au coll\u00e8ge Jean Monnet de Saint-Jorioz\" \/>\n<meta property=\"article:modified_time\" content=\"2018-01-15T11:58:01+00:00\" \/>\n<meta property=\"og:image\" content=\"http:\/\/crtech.fr\/wp-content\/uploads\/2018\/01\/evolution-technologie-300x116.png\" \/>\n<meta name=\"twitter:card\" content=\"summary_large_image\" \/>\n<script type=\"application\/ld+json\" class=\"yoast-schema-graph\">{\"@context\":\"https:\\\/\\\/schema.org\",\"@graph\":[{\"@type\":\"WebPage\",\"@id\":\"https:\\\/\\\/crtech.fr\\\/?page_id=303\",\"url\":\"https:\\\/\\\/crtech.fr\\\/?page_id=303\",\"name\":\"Centre d\u2019int\u00e9r\u00eat N\u00b04 : Evolution dans le temps - Technologie cycle 4 au coll\u00e8ge Jean Monnet de Saint-Jorioz\",\"isPartOf\":{\"@id\":\"https:\\\/\\\/crtech.fr\\\/#website\"},\"primaryImageOfPage\":{\"@id\":\"https:\\\/\\\/crtech.fr\\\/?page_id=303#primaryimage\"},\"image\":{\"@id\":\"https:\\\/\\\/crtech.fr\\\/?page_id=303#primaryimage\"},\"thumbnailUrl\":\"http:\\\/\\\/crtech.fr\\\/wp-content\\\/uploads\\\/2018\\\/01\\\/evolution-technologie-300x116.png\",\"datePublished\":\"2017-12-13T18:06:34+00:00\",\"dateModified\":\"2018-01-15T11:58:01+00:00\",\"breadcrumb\":{\"@id\":\"https:\\\/\\\/crtech.fr\\\/?page_id=303#breadcrumb\"},\"inLanguage\":\"fr-FR\",\"potentialAction\":[{\"@type\":\"ReadAction\",\"target\":[\"https:\\\/\\\/crtech.fr\\\/?page_id=303\"]}]},{\"@type\":\"ImageObject\",\"inLanguage\":\"fr-FR\",\"@id\":\"https:\\\/\\\/crtech.fr\\\/?page_id=303#primaryimage\",\"url\":\"https:\\\/\\\/crtech.fr\\\/wp-content\\\/uploads\\\/2018\\\/01\\\/evolution-technologie.png\",\"contentUrl\":\"https:\\\/\\\/crtech.fr\\\/wp-content\\\/uploads\\\/2018\\\/01\\\/evolution-technologie.png\",\"width\":425,\"height\":165},{\"@type\":\"BreadcrumbList\",\"@id\":\"https:\\\/\\\/crtech.fr\\\/?page_id=303#breadcrumb\",\"itemListElement\":[{\"@type\":\"ListItem\",\"position\":1,\"name\":\"Accueil\",\"item\":\"https:\\\/\\\/crtech.fr\\\/\"},{\"@type\":\"ListItem\",\"position\":2,\"name\":\"Ressources 3\u00b0\",\"item\":\"https:\\\/\\\/crtech.fr\\\/?page_id=53\"},{\"@type\":\"ListItem\",\"position\":3,\"name\":\"Centre d\u2019int\u00e9r\u00eat N\u00b04 : Evolution dans le temps\"}]},{\"@type\":\"WebSite\",\"@id\":\"https:\\\/\\\/crtech.fr\\\/#website\",\"url\":\"https:\\\/\\\/crtech.fr\\\/\",\"name\":\"Technologie cycle 4 au coll\u00e8ge Jean Monnet de Saint-Jorioz\",\"description\":\"Bienvenue sur cette plateforme d&#039;activit\u00e9s et de ressources\",\"potentialAction\":[{\"@type\":\"SearchAction\",\"target\":{\"@type\":\"EntryPoint\",\"urlTemplate\":\"https:\\\/\\\/crtech.fr\\\/?s={search_term_string}\"},\"query-input\":{\"@type\":\"PropertyValueSpecification\",\"valueRequired\":true,\"valueName\":\"search_term_string\"}}],\"inLanguage\":\"fr-FR\"}]}<\/script>\n<!-- \/ Yoast SEO plugin. -->","yoast_head_json":{"title":"Centre d\u2019int\u00e9r\u00eat N\u00b04 : Evolution dans le temps - Technologie cycle 4 au coll\u00e8ge Jean Monnet de Saint-Jorioz","robots":{"index":"index","follow":"follow","max-snippet":"max-snippet:-1","max-image-preview":"max-image-preview:large","max-video-preview":"max-video-preview:-1"},"canonical":"https:\/\/crtech.fr\/?page_id=303","og_locale":"fr_FR","og_type":"article","og_title":"Centre d\u2019int\u00e9r\u00eat N\u00b04 : Evolution dans le temps - Technologie cycle 4 au coll\u00e8ge Jean Monnet de Saint-Jorioz","og_description":"\u00a0 Centre d&rsquo;int\u00e9r\u00eat 4 Comment \u00e7a a \u00e9volu\u00e9 dans le temps ? \u00a0 &nbsp; S\u00e9quences \/ Activit\u00e9s Ressources Comp\u00e9tences travaill\u00e9esRattachement au socleFiches synth\u00e8ses\u00a0 Activit\u00e9 1 Activit\u00e9 2 Activit\u00e9 3 Dur\u00e9e de vie Dates AIBO Comparer et commenter les \u00e9volutions des objets et syst\u00e8mes. Regrouper des objets en familles et lign\u00e9es. \u00a0 Relier les \u00e9volutions technologiques aux inventions et innovations quiRead More","og_url":"https:\/\/crtech.fr\/?page_id=303","og_site_name":"Technologie cycle 4 au coll\u00e8ge Jean Monnet de Saint-Jorioz","article_modified_time":"2018-01-15T11:58:01+00:00","og_image":[{"url":"http:\/\/crtech.fr\/wp-content\/uploads\/2018\/01\/evolution-technologie-300x116.png","type":"","width":"","height":""}],"twitter_card":"summary_large_image","schema":{"@context":"https:\/\/schema.org","@graph":[{"@type":"WebPage","@id":"https:\/\/crtech.fr\/?page_id=303","url":"https:\/\/crtech.fr\/?page_id=303","name":"Centre d\u2019int\u00e9r\u00eat N\u00b04 : Evolution dans le temps - Technologie cycle 4 au coll\u00e8ge Jean Monnet de Saint-Jorioz","isPartOf":{"@id":"https:\/\/crtech.fr\/#website"},"primaryImageOfPage":{"@id":"https:\/\/crtech.fr\/?page_id=303#primaryimage"},"image":{"@id":"https:\/\/crtech.fr\/?page_id=303#primaryimage"},"thumbnailUrl":"http:\/\/crtech.fr\/wp-content\/uploads\/2018\/01\/evolution-technologie-300x116.png","datePublished":"2017-12-13T18:06:34+00:00","dateModified":"2018-01-15T11:58:01+00:00","breadcrumb":{"@id":"https:\/\/crtech.fr\/?page_id=303#breadcrumb"},"inLanguage":"fr-FR","potentialAction":[{"@type":"ReadAction","target":["https:\/\/crtech.fr\/?page_id=303"]}]},{"@type":"ImageObject","inLanguage":"fr-FR","@id":"https:\/\/crtech.fr\/?page_id=303#primaryimage","url":"https:\/\/crtech.fr\/wp-content\/uploads\/2018\/01\/evolution-technologie.png","contentUrl":"https:\/\/crtech.fr\/wp-content\/uploads\/2018\/01\/evolution-technologie.png","width":425,"height":165},{"@type":"BreadcrumbList","@id":"https:\/\/crtech.fr\/?page_id=303#breadcrumb","itemListElement":[{"@type":"ListItem","position":1,"name":"Accueil","item":"https:\/\/crtech.fr\/"},{"@type":"ListItem","position":2,"name":"Ressources 3\u00b0","item":"https:\/\/crtech.fr\/?page_id=53"},{"@type":"ListItem","position":3,"name":"Centre d\u2019int\u00e9r\u00eat N\u00b04 : Evolution dans le temps"}]},{"@type":"WebSite","@id":"https:\/\/crtech.fr\/#website","url":"https:\/\/crtech.fr\/","name":"Technologie cycle 4 au coll\u00e8ge Jean Monnet de Saint-Jorioz","description":"Bienvenue sur cette plateforme d&#039;activit\u00e9s et de ressources","potentialAction":[{"@type":"SearchAction","target":{"@type":"EntryPoint","urlTemplate":"https:\/\/crtech.fr\/?s={search_term_string}"},"query-input":{"@type":"PropertyValueSpecification","valueRequired":true,"valueName":"search_term_string"}}],"inLanguage":"fr-FR"}]}},"_links":{"self":[{"href":"https:\/\/crtech.fr\/index.php?rest_route=\/wp\/v2\/pages\/303","targetHints":{"allow":["GET"]}}],"collection":[{"href":"https:\/\/crtech.fr\/index.php?rest_route=\/wp\/v2\/pages"}],"about":[{"href":"https:\/\/crtech.fr\/index.php?rest_route=\/wp\/v2\/types\/page"}],"author":[{"embeddable":true,"href":"https:\/\/crtech.fr\/index.php?rest_route=\/wp\/v2\/users\/2"}],"replies":[{"embeddable":true,"href":"https:\/\/crtech.fr\/index.php?rest_route=%2Fwp%2Fv2%2Fcomments&post=303"}],"version-history":[{"count":0,"href":"https:\/\/crtech.fr\/index.php?rest_route=\/wp\/v2\/pages\/303\/revisions"}],"up":[{"embeddable":true,"href":"https:\/\/crtech.fr\/index.php?rest_route=\/wp\/v2\/pages\/53"}],"wp:attachment":[{"href":"https:\/\/crtech.fr\/index.php?rest_route=%2Fwp%2Fv2%2Fmedia&parent=303"}],"curies":[{"name":"wp","href":"https:\/\/api.w.org\/{rel}","templated":true}]}}