{"id":34,"date":"2017-12-11T11:12:11","date_gmt":"2017-12-11T10:12:11","guid":{"rendered":"http:\/\/crtech.fr\/?page_id=34"},"modified":"2023-09-19T14:01:15","modified_gmt":"2023-09-19T12:01:15","slug":"professeur-principal","status":"publish","type":"page","link":"https:\/\/crtech.fr\/?page_id=34","title":{"rendered":"Professeur principal des 4\u00b0D"},"content":{"rendered":"<p style=\"font-weight: 400; text-align: center;\"><span style=\"font-family: tahoma, arial, helvetica, sans-serif; font-size: 14pt;\"><strong>4<sup>\u00e8me<\/sup>\u00a0: CYCLE CENTRAL\u00a0:<\/strong><\/span><\/p>\n<p style=\"text-align: justify;\"><span style=\"font-family: tahoma, arial, helvetica, sans-serif; font-size: 12pt;\">L&rsquo;objectif du cycle central est de fortifier les apprentissages, d\u00e9velopper l\u2019autonomie et permettre aux \u00e9l\u00e8ves d&rsquo;approfondir et d&rsquo;\u00e9largir leurs champs de comp\u00e9tences.<\/span><\/p>\n<p style=\"font-weight: 400; text-align: center;\"><span style=\"font-family: tahoma, arial, helvetica, sans-serif; font-size: 12pt;\"><strong><u>Consignes du Professeur Principal\u00a0:<\/u><\/strong><\/span><\/p>\n<p style=\"text-align: justify;\"><span style=\"font-family: tahoma, arial, helvetica, sans-serif; font-size: 12pt;\">Merci de bien rendre les divers documents distribu\u00e9s dans les temps, v\u00e9rifier quotidiennement les devoirs des \u00e9l\u00e8ves dans leurs agendas et \u00e9ventuellement sur <a href=\"https:\/\/0740036m.index-education.net\/pronote\/\" target=\"_blank\" rel=\"noopener noreferrer\">PRONOTE<\/a> (NB : c&rsquo;est l&rsquo;agenda qui fait foi) ainsi que leur carnets de correspondance tr\u00e8s r\u00e9guli\u00e8rement pour signature des informations \u00e9ventuelles.<\/span><\/p>\n<p style=\"text-align: justify;\"><span style=\"font-family: tahoma, arial, helvetica, sans-serif; font-size: 12pt;\">En cas de demande de rendez-vous, merci de le faire sur Pronote (rubrique discussion) ou sur le carnet des \u00e9l\u00e8ves, en vous assurant de bien laisser un d\u00e9lai suffisant pour avoir le retour d\u2019informations avant le rendez-vous.<\/span><\/p>\n<p><a href=\"https:\/\/view.genial.ly\/5d89da6ccf76580f727e98e1\" target=\"_blank\" rel=\"noopener noreferrer\"><img decoding=\"async\" class=\"alignnone wp-image-1908 size-medium\" src=\"http:\/\/crtech.fr\/wp-content\/uploads\/2019\/10\/Web-M\u00e9mo-300x150.jpg\" alt=\"\" width=\"300\" height=\"150\" srcset=\"https:\/\/crtech.fr\/wp-content\/uploads\/2019\/10\/Web-M\u00e9mo-300x150.jpg 300w, https:\/\/crtech.fr\/wp-content\/uploads\/2019\/10\/Web-M\u00e9mo-768x384.jpg 768w, https:\/\/crtech.fr\/wp-content\/uploads\/2019\/10\/Web-M\u00e9mo-1024x513.jpg 1024w, https:\/\/crtech.fr\/wp-content\/uploads\/2019\/10\/Web-M\u00e9mo-800x400.jpg 800w, https:\/\/crtech.fr\/wp-content\/uploads\/2019\/10\/Web-M\u00e9mo.jpg 1918w\" sizes=\"(max-width: 300px) 100vw, 300px\" \/><\/a><\/p>\n<p style=\"text-align: center;\"><span style=\"font-family: tahoma, arial, helvetica, sans-serif; font-size: 12pt;\"><u><strong>Diverses informations d&rsquo;orientation :<\/strong><\/u><\/span><\/p>\n<p style=\"text-align: justify;\"><span style=\"font-family: tahoma, arial, helvetica, sans-serif; font-size: 12pt;\"><strong>Apr\u00e8s la 4\u00e8me :\u00a0<em><a href=\"http:\/\/crtech.fr\/wp-content\/uploads\/2017\/12\/Apres-la-4e.pdf\" target=\"_blank\" rel=\"noopener noreferrer\"><img decoding=\"async\" class=\"alignnone wp-image-68\" src=\"http:\/\/crtech.fr\/wp-content\/uploads\/2017\/12\/icone_pdf.png\" alt=\"\" width=\"50\" height=\"50\" \/><\/a><\/em><\/strong><\/span><\/p>\n<p style=\"text-align: justify;\"><span style=\"font-family: tahoma, arial, helvetica, sans-serif; font-size: 12pt;\"><strong>Comment s&rsquo;informer :\u00a0<em><a href=\"http:\/\/crtech.fr\/wp-content\/uploads\/2017\/12\/Info-orientation.pdf\" target=\"_blank\" rel=\"noopener noreferrer\"><img decoding=\"async\" class=\"alignnone wp-image-68\" src=\"http:\/\/crtech.fr\/wp-content\/uploads\/2017\/12\/icone_pdf.png\" alt=\"\" width=\"50\" height=\"50\" \/><\/a><\/em><\/strong><\/span><\/p>\n<p style=\"text-align: justify;\"><span style=\"font-family: tahoma, arial, helvetica, sans-serif; font-size: 12pt;\"><strong>R\u00e9capitulation Bac Pro :\u00a0<em><a href=\"http:\/\/crtech.fr\/wp-content\/uploads\/2017\/12\/Bac-pro-et-CAP.pdf\" target=\"_blank\" rel=\"noopener noreferrer\"><img decoding=\"async\" class=\"alignnone wp-image-68\" src=\"http:\/\/crtech.fr\/wp-content\/uploads\/2017\/12\/icone_pdf.png\" alt=\"\" width=\"50\" height=\"50\" \/><\/a><\/em><\/strong><\/span><\/p>\n<p style=\"text-align: justify;\"><span style=\"font-family: tahoma, arial, helvetica, sans-serif; font-size: 12pt;\"><strong>Atelier orientation :\u00a0<em><a href=\"http:\/\/crtech.fr\/wp-content\/uploads\/2017\/12\/Atelier-Orientation-4e.pdf\" target=\"_blank\" rel=\"noopener noreferrer\"><img decoding=\"async\" class=\"alignnone wp-image-68\" src=\"http:\/\/crtech.fr\/wp-content\/uploads\/2017\/12\/icone_pdf.png\" alt=\"\" width=\"50\" height=\"50\" \/><\/a><\/em><\/strong><\/span><\/p>\n<p style=\"text-align: justify;\"><span style=\"font-family: tahoma, arial, helvetica, sans-serif; font-size: 12pt;\"><strong>Une classe intitul\u00e9e 3<sup>\u00e8me<\/sup> Pr\u00e9pa Pro a \u00e9t\u00e9 mise en place depuis 2013, voici des informations concernant ce parcours de formation :<\/strong><\/span><\/p>\n<p style=\"text-align: justify;\"><span style=\"font-family: tahoma, arial, helvetica, sans-serif; font-size: 12pt;\"><strong>\u00a0<em><a href=\"http:\/\/crtech.fr\/wp-content\/uploads\/2017\/12\/3e-Prepa-Pro-descriptif.pdf\" target=\"_blank\" rel=\"noopener noreferrer\"><img decoding=\"async\" class=\"alignnone wp-image-68\" src=\"http:\/\/crtech.fr\/wp-content\/uploads\/2017\/12\/icone_pdf.png\" alt=\"\" width=\"50\" height=\"50\" \/><\/a><\/em>: Descriptif.\u00a0\u00a0\u00a0\u00a0\u00a0\u00a0\u00a0\u00a0\u00a0\u00a0\u00a0\u00a0\u00a0\u00a0\u00a0\u00a0\u00a0\u00a0\u00a0\u00a0\u00a0\u00a0\u00a0\u00a0\u00a0\u00a0\u00a0\u00a0\u00a0\u00a0\u00a0\u00a0\u00a0\u00a0<em><a href=\"http:\/\/crtech.fr\/wp-content\/uploads\/2017\/12\/3e-Prepa-Pro-documentation.pdf\" target=\"_blank\" rel=\"noopener noreferrer\"><img decoding=\"async\" class=\"alignnone wp-image-68\" src=\"http:\/\/crtech.fr\/wp-content\/uploads\/2017\/12\/icone_pdf.png\" alt=\"\" width=\"50\" height=\"50\" \/><\/a><\/em>\u00a0\u00a0\u00a0: Documentation<\/strong><\/span><\/p>\n<p style=\"text-align: justify;\"><span style=\"font-family: tahoma, arial, helvetica, sans-serif; font-size: 12pt;\"><strong><em>Cliquez ici pour acc\u00e9der au dossier orientation en fin de 4<sup>\u00e8me <\/sup><\/em><\/strong>\u00a0<\/span><strong style=\"font-family: tahoma, arial, helvetica, sans-serif; font-size: 16px;\"><em>\u00a0:\u00a0<\/em><\/strong><a href=\"http:\/\/crtech.fr\/wp-content\/uploads\/2017\/12\/Info-orientation.pdf\" target=\"_blank\" rel=\"noopener noreferrer\"><img decoding=\"async\" class=\"alignnone wp-image-68\" style=\"font-size: 1rem;\" src=\"http:\/\/crtech.fr\/wp-content\/uploads\/2017\/12\/icone_pdf.png\" alt=\"\" width=\"50\" height=\"50\" \/><\/a><\/p>\n","protected":false},"excerpt":{"rendered":"<p>4\u00e8me\u00a0: CYCLE CENTRAL\u00a0: L&rsquo;objectif du cycle central est de fortifier les apprentissages, d\u00e9velopper l\u2019autonomie et permettre aux \u00e9l\u00e8ves d&rsquo;approfondir et d&rsquo;\u00e9largir leurs champs de comp\u00e9tences. Consignes du Professeur Principal\u00a0: Merci de bien rendre les divers documents distribu\u00e9s dans les temps, v\u00e9rifier quotidiennement les devoirs des \u00e9l\u00e8ves dans leurs agendas et \u00e9ventuellement sur PRONOTE (NB : c&rsquo;est l&rsquo;agenda qui fait foi)<\/p>\n<p><a class=\"more-link\" href=\"https:\/\/crtech.fr\/?page_id=34\">Read More<\/a><\/p>\n","protected":false},"author":2,"featured_media":0,"parent":58,"menu_order":0,"comment_status":"closed","ping_status":"closed","template":"","meta":{"__cvm_playback_settings":[],"__cvm_video_id":"","footnotes":""},"class_list":["post-34","page","type-page","status-publish","hentry"],"yoast_head":"<!-- This site is optimized with the Yoast SEO plugin v27.4 - https:\/\/yoast.com\/product\/yoast-seo-wordpress\/ -->\n<title>Professeur principal des 4\u00b0D - Technologie cycle 4 au coll\u00e8ge Jean Monnet de Saint-Jorioz<\/title>\n<meta name=\"robots\" content=\"index, follow, max-snippet:-1, max-image-preview:large, max-video-preview:-1\" \/>\n<link rel=\"canonical\" href=\"https:\/\/crtech.fr\/?page_id=34\" \/>\n<meta property=\"og:locale\" content=\"fr_FR\" \/>\n<meta property=\"og:type\" content=\"article\" \/>\n<meta property=\"og:title\" content=\"Professeur principal des 4\u00b0D - Technologie cycle 4 au coll\u00e8ge Jean Monnet de Saint-Jorioz\" \/>\n<meta property=\"og:description\" content=\"4\u00e8me\u00a0: CYCLE CENTRAL\u00a0: L&rsquo;objectif du cycle central est de fortifier les apprentissages, d\u00e9velopper l\u2019autonomie et permettre aux \u00e9l\u00e8ves d&rsquo;approfondir et d&rsquo;\u00e9largir leurs champs de comp\u00e9tences. Consignes du Professeur Principal\u00a0: Merci de bien rendre les divers documents distribu\u00e9s dans les temps, v\u00e9rifier quotidiennement les devoirs des \u00e9l\u00e8ves dans leurs agendas et \u00e9ventuellement sur PRONOTE (NB : c&rsquo;est l&rsquo;agenda qui fait foi)Read More\" \/>\n<meta property=\"og:url\" content=\"https:\/\/crtech.fr\/?page_id=34\" \/>\n<meta property=\"og:site_name\" content=\"Technologie cycle 4 au coll\u00e8ge Jean Monnet de Saint-Jorioz\" \/>\n<meta property=\"article:modified_time\" content=\"2023-09-19T12:01:15+00:00\" \/>\n<meta property=\"og:image\" content=\"http:\/\/crtech.fr\/wp-content\/uploads\/2017\/12\/icone_pdf.png\" \/>\n<meta name=\"twitter:card\" content=\"summary_large_image\" \/>\n<meta name=\"twitter:label1\" content=\"Dur\u00e9e de lecture estim\u00e9e\" \/>\n\t<meta name=\"twitter:data1\" content=\"1 minute\" \/>\n<script type=\"application\/ld+json\" class=\"yoast-schema-graph\">{\"@context\":\"https:\\\/\\\/schema.org\",\"@graph\":[{\"@type\":\"WebPage\",\"@id\":\"https:\\\/\\\/crtech.fr\\\/?page_id=34\",\"url\":\"https:\\\/\\\/crtech.fr\\\/?page_id=34\",\"name\":\"Professeur principal des 4\u00b0D - Technologie cycle 4 au coll\u00e8ge Jean Monnet de Saint-Jorioz\",\"isPartOf\":{\"@id\":\"https:\\\/\\\/crtech.fr\\\/#website\"},\"primaryImageOfPage\":{\"@id\":\"https:\\\/\\\/crtech.fr\\\/?page_id=34#primaryimage\"},\"image\":{\"@id\":\"https:\\\/\\\/crtech.fr\\\/?page_id=34#primaryimage\"},\"thumbnailUrl\":\"http:\\\/\\\/crtech.fr\\\/wp-content\\\/uploads\\\/2017\\\/12\\\/icone_pdf.png\",\"datePublished\":\"2017-12-11T10:12:11+00:00\",\"dateModified\":\"2023-09-19T12:01:15+00:00\",\"breadcrumb\":{\"@id\":\"https:\\\/\\\/crtech.fr\\\/?page_id=34#breadcrumb\"},\"inLanguage\":\"fr-FR\",\"potentialAction\":[{\"@type\":\"ReadAction\",\"target\":[\"https:\\\/\\\/crtech.fr\\\/?page_id=34\"]}]},{\"@type\":\"ImageObject\",\"inLanguage\":\"fr-FR\",\"@id\":\"https:\\\/\\\/crtech.fr\\\/?page_id=34#primaryimage\",\"url\":\"https:\\\/\\\/crtech.fr\\\/wp-content\\\/uploads\\\/2017\\\/12\\\/icone_pdf.png\",\"contentUrl\":\"https:\\\/\\\/crtech.fr\\\/wp-content\\\/uploads\\\/2017\\\/12\\\/icone_pdf.png\",\"width\":100,\"height\":100},{\"@type\":\"BreadcrumbList\",\"@id\":\"https:\\\/\\\/crtech.fr\\\/?page_id=34#breadcrumb\",\"itemListElement\":[{\"@type\":\"ListItem\",\"position\":1,\"name\":\"Accueil\",\"item\":\"https:\\\/\\\/crtech.fr\\\/\"},{\"@type\":\"ListItem\",\"position\":2,\"name\":\"Accueil\",\"item\":\"https:\\\/\\\/crtech.fr\\\/\"},{\"@type\":\"ListItem\",\"position\":3,\"name\":\"Professeur principal des 4\u00b0D\"}]},{\"@type\":\"WebSite\",\"@id\":\"https:\\\/\\\/crtech.fr\\\/#website\",\"url\":\"https:\\\/\\\/crtech.fr\\\/\",\"name\":\"Technologie cycle 4 au coll\u00e8ge Jean Monnet de Saint-Jorioz\",\"description\":\"Bienvenue sur cette plateforme d&#039;activit\u00e9s et de ressources\",\"potentialAction\":[{\"@type\":\"SearchAction\",\"target\":{\"@type\":\"EntryPoint\",\"urlTemplate\":\"https:\\\/\\\/crtech.fr\\\/?s={search_term_string}\"},\"query-input\":{\"@type\":\"PropertyValueSpecification\",\"valueRequired\":true,\"valueName\":\"search_term_string\"}}],\"inLanguage\":\"fr-FR\"}]}<\/script>\n<!-- \/ Yoast SEO plugin. -->","yoast_head_json":{"title":"Professeur principal des 4\u00b0D - Technologie cycle 4 au coll\u00e8ge Jean Monnet de Saint-Jorioz","robots":{"index":"index","follow":"follow","max-snippet":"max-snippet:-1","max-image-preview":"max-image-preview:large","max-video-preview":"max-video-preview:-1"},"canonical":"https:\/\/crtech.fr\/?page_id=34","og_locale":"fr_FR","og_type":"article","og_title":"Professeur principal des 4\u00b0D - Technologie cycle 4 au coll\u00e8ge Jean Monnet de Saint-Jorioz","og_description":"4\u00e8me\u00a0: CYCLE CENTRAL\u00a0: L&rsquo;objectif du cycle central est de fortifier les apprentissages, d\u00e9velopper l\u2019autonomie et permettre aux \u00e9l\u00e8ves d&rsquo;approfondir et d&rsquo;\u00e9largir leurs champs de comp\u00e9tences. Consignes du Professeur Principal\u00a0: Merci de bien rendre les divers documents distribu\u00e9s dans les temps, v\u00e9rifier quotidiennement les devoirs des \u00e9l\u00e8ves dans leurs agendas et \u00e9ventuellement sur PRONOTE (NB : c&rsquo;est l&rsquo;agenda qui fait foi)Read More","og_url":"https:\/\/crtech.fr\/?page_id=34","og_site_name":"Technologie cycle 4 au coll\u00e8ge Jean Monnet de Saint-Jorioz","article_modified_time":"2023-09-19T12:01:15+00:00","og_image":[{"url":"http:\/\/crtech.fr\/wp-content\/uploads\/2017\/12\/icone_pdf.png","type":"","width":"","height":""}],"twitter_card":"summary_large_image","twitter_misc":{"Dur\u00e9e de lecture estim\u00e9e":"1 minute"},"schema":{"@context":"https:\/\/schema.org","@graph":[{"@type":"WebPage","@id":"https:\/\/crtech.fr\/?page_id=34","url":"https:\/\/crtech.fr\/?page_id=34","name":"Professeur principal des 4\u00b0D - Technologie cycle 4 au coll\u00e8ge Jean Monnet de Saint-Jorioz","isPartOf":{"@id":"https:\/\/crtech.fr\/#website"},"primaryImageOfPage":{"@id":"https:\/\/crtech.fr\/?page_id=34#primaryimage"},"image":{"@id":"https:\/\/crtech.fr\/?page_id=34#primaryimage"},"thumbnailUrl":"http:\/\/crtech.fr\/wp-content\/uploads\/2017\/12\/icone_pdf.png","datePublished":"2017-12-11T10:12:11+00:00","dateModified":"2023-09-19T12:01:15+00:00","breadcrumb":{"@id":"https:\/\/crtech.fr\/?page_id=34#breadcrumb"},"inLanguage":"fr-FR","potentialAction":[{"@type":"ReadAction","target":["https:\/\/crtech.fr\/?page_id=34"]}]},{"@type":"ImageObject","inLanguage":"fr-FR","@id":"https:\/\/crtech.fr\/?page_id=34#primaryimage","url":"https:\/\/crtech.fr\/wp-content\/uploads\/2017\/12\/icone_pdf.png","contentUrl":"https:\/\/crtech.fr\/wp-content\/uploads\/2017\/12\/icone_pdf.png","width":100,"height":100},{"@type":"BreadcrumbList","@id":"https:\/\/crtech.fr\/?page_id=34#breadcrumb","itemListElement":[{"@type":"ListItem","position":1,"name":"Accueil","item":"https:\/\/crtech.fr\/"},{"@type":"ListItem","position":2,"name":"Accueil","item":"https:\/\/crtech.fr\/"},{"@type":"ListItem","position":3,"name":"Professeur principal des 4\u00b0D"}]},{"@type":"WebSite","@id":"https:\/\/crtech.fr\/#website","url":"https:\/\/crtech.fr\/","name":"Technologie cycle 4 au coll\u00e8ge Jean Monnet de Saint-Jorioz","description":"Bienvenue sur cette plateforme d&#039;activit\u00e9s et de ressources","potentialAction":[{"@type":"SearchAction","target":{"@type":"EntryPoint","urlTemplate":"https:\/\/crtech.fr\/?s={search_term_string}"},"query-input":{"@type":"PropertyValueSpecification","valueRequired":true,"valueName":"search_term_string"}}],"inLanguage":"fr-FR"}]}},"_links":{"self":[{"href":"https:\/\/crtech.fr\/index.php?rest_route=\/wp\/v2\/pages\/34","targetHints":{"allow":["GET"]}}],"collection":[{"href":"https:\/\/crtech.fr\/index.php?rest_route=\/wp\/v2\/pages"}],"about":[{"href":"https:\/\/crtech.fr\/index.php?rest_route=\/wp\/v2\/types\/page"}],"author":[{"embeddable":true,"href":"https:\/\/crtech.fr\/index.php?rest_route=\/wp\/v2\/users\/2"}],"replies":[{"embeddable":true,"href":"https:\/\/crtech.fr\/index.php?rest_route=%2Fwp%2Fv2%2Fcomments&post=34"}],"version-history":[{"count":0,"href":"https:\/\/crtech.fr\/index.php?rest_route=\/wp\/v2\/pages\/34\/revisions"}],"up":[{"embeddable":true,"href":"https:\/\/crtech.fr\/index.php?rest_route=\/wp\/v2\/pages\/58"}],"wp:attachment":[{"href":"https:\/\/crtech.fr\/index.php?rest_route=%2Fwp%2Fv2%2Fmedia&parent=34"}],"curies":[{"name":"wp","href":"https:\/\/api.w.org\/{rel}","templated":true}]}}