{"id":541,"date":"2017-12-14T18:26:47","date_gmt":"2017-12-14T17:26:47","guid":{"rendered":"http:\/\/crtech.fr\/?page_id=541"},"modified":"2017-12-14T20:10:47","modified_gmt":"2017-12-14T19:10:47","slug":"domotique-ressources-activite","status":"publish","type":"page","link":"https:\/\/crtech.fr\/?page_id=541","title":{"rendered":"Domotique ressources activit\u00e9"},"content":{"rendered":"<p style=\"text-align: center;\"><span style=\"font-size: 14pt; font-family: tahoma, arial, helvetica, sans-serif; color: #000000;\"><em><u><strong>Qu&rsquo;est ce que la domotique ?<\/strong><\/u><\/em><\/span><\/p>\n<p style=\"text-align: justify;\"><span style=\"font-size: 12pt; font-family: tahoma, arial, helvetica, sans-serif; color: #000000;\">La\u00a0<strong>domotique<\/strong>\u00a0est l\u2019ensemble des\u00a0<a style=\"color: #000000;\" href=\"http:\/\/fr.wikipedia.org\/wiki\/Technologie\">technologies<\/a>\u00a0de l&rsquo;\u00e9lectronique, de physique du b\u00e2timent, d&rsquo;automatismes, de l&rsquo;informatique et des t\u00e9l\u00e9communications utilis\u00e9es dans les b\u00e2timents. La domotique vise \u00e0 apporter des fonctions de confort.<\/span><\/p>\n<p style=\"text-align: justify;\"><span style=\"font-size: 12pt; font-family: tahoma, arial, helvetica, sans-serif; color: #000000;\"><strong><u>Les principaux domaines d&rsquo;applications :<\/u><\/strong><\/span><\/p>\n<table style=\"width: 989.552px;\">\n<tbody>\n<tr>\n<td style=\"width: 229px; vertical-align: middle;\"><span style=\"font-size: 12pt; font-family: tahoma, arial, helvetica, sans-serif; color: #000000;\"><img fetchpriority=\"high\" decoding=\"async\" class=\"alignnone size-medium wp-image-545\" src=\"http:\/\/crtech.fr\/wp-content\/uploads\/2017\/12\/domotique-216x300.gif\" alt=\"\" width=\"216\" height=\"300\" \/><\/span><\/td>\n<td style=\"width: 745.552px; vertical-align: middle;\">\n<ul style=\"margin-bottom: 1.71429rem; line-height: 1.71429; color: #444444; font-size: 14px;\">\n<li style=\"margin-left: 1.71429rem; text-align: justify;\"><span style=\"font-size: 12pt; font-family: tahoma, arial, helvetica, sans-serif; color: #000000;\">la\u00a0<a style=\"color: #000000;\" href=\"http:\/\/fr.wikipedia.org\/wiki\/Programmation\">programmation<\/a>\u00a0des appareils \u00e9lectro-domestiques,\u00a0<a style=\"color: #000000;\" href=\"http:\/\/fr.wikipedia.org\/wiki\/%C3%89lectrom%C3%A9nager\">\u00e9lectrom\u00e9nagers<\/a>.<\/span><\/li>\n<li style=\"margin-left: 1.71429rem; text-align: justify;\"><span style=\"font-size: 12pt; font-family: tahoma, arial, helvetica, sans-serif; color: #000000;\">la gestion de l&rsquo;\u00e9nergie, du\u00a0<a style=\"color: #000000;\" href=\"http:\/\/fr.wikipedia.org\/wiki\/Chauffage\">chauffage<\/a>\u00a0(par exemple, il peut g\u00e9rer les apports naturels en fonction de l&rsquo;enveloppe thermique du b\u00e2timent), de la\u00a0<a style=\"color: #000000;\" href=\"http:\/\/fr.wikipedia.org\/wiki\/Climatisation\">climatisation<\/a>, de la ventilation, de l\u2019\u00e9clairage, de l\u2019ouverture et de la fermeture des volets (par exemple en fonction de l&rsquo;ensoleillement), de l&rsquo;eau (le remplissage de la baignoire peut s\u2019arr\u00eater automatiquement gr\u00e2ce \u00e0 un senseur, les robinets de lavabos peuvent ouvrir l\u2019eau \u00e0 l\u2019approche de mains, etc.).<\/span><\/li>\n<li style=\"margin-left: 1.71429rem; text-align: justify;\"><span style=\"font-size: 12pt; font-family: tahoma, arial, helvetica, sans-serif; color: #000000;\">la\u00a0<a style=\"color: #000000;\" href=\"http:\/\/fr.wikipedia.org\/wiki\/S%C3%A9curit%C3%A9\">s\u00e9curit\u00e9<\/a>\u00a0des biens et des personnes (<a style=\"color: #000000;\" href=\"http:\/\/fr.wikipedia.org\/wiki\/Alarme\">alarmes<\/a>, d\u00e9tecteur de mouvement,\u00a0<a style=\"color: #000000;\" href=\"http:\/\/fr.wikipedia.org\/wiki\/Interphone\">interphone<\/a>,\u00a0<a style=\"color: #000000;\" href=\"http:\/\/fr.wikipedia.org\/wiki\/Digicode\">digicode<\/a>).<\/span><\/li>\n<li style=\"margin-left: 1.71429rem; text-align: justify;\"><span style=\"font-size: 12pt; font-family: tahoma, arial, helvetica, sans-serif; color: #000000;\">Le \u00ab\u00a0<a style=\"color: #000000;\" href=\"http:\/\/fr.wikipedia.org\/wiki\/Confort\">confort<\/a>\u00a0<a style=\"color: #000000;\" href=\"http:\/\/fr.wikipedia.org\/wiki\/Acoustique\">acoustique<\/a>\u00a0\u00bb. Il peut provenir de l&rsquo;installation d&rsquo;un ensemble de haut-parleurs permettant de r\u00e9partir le\u00a0<a style=\"color: #000000;\" href=\"http:\/\/fr.wikipedia.org\/wiki\/Son\">son<\/a>\u00a0et de r\u00e9guler l\u2019intensit\u00e9\u00a0<a style=\"color: #000000;\" href=\"http:\/\/fr.wikipedia.org\/wiki\/Sonore\">sonore<\/a>.<\/span><\/li>\n<li style=\"margin-left: 1.71429rem; text-align: justify;\"><span style=\"font-size: 12pt; font-family: tahoma, arial, helvetica, sans-serif; color: #000000;\">La gestion des ambiances lumineuses.<\/span><\/li>\n<li style=\"margin-left: 1.71429rem; text-align: justify;\"><span style=\"font-size: 12pt; font-family: tahoma, arial, helvetica, sans-serif; color: #000000;\">La compensation des situations de handicap et de d\u00e9pendance.<\/span><\/li>\n<\/ul>\n<\/td>\n<\/tr>\n<\/tbody>\n<\/table>\n<p style=\"text-align: justify;\"><span style=\"font-size: 12pt; font-family: tahoma, arial, helvetica, sans-serif; color: #000000;\"><u><strong><em>La s\u00e9curit\u00e9 des biens et des personnes :<\/em><\/strong><\/u><\/span><\/p>\n<p style=\"text-align: justify;\"><span style=\"font-size: 12pt; font-family: tahoma, arial, helvetica, sans-serif; color: #000000;\">Le confort d\u2019un logement repose \u00e9galement sur la s\u00e9curit\u00e9 de ses occupants et de leurs biens.<\/span><\/p>\n<p style=\"text-align: justify;\"><span style=\"font-size: 12pt; font-family: tahoma, arial, helvetica, sans-serif; color: #000000;\"><u><strong>Les syst\u00e8mes d\u2019alarme permettent :<\/strong><\/u><\/span><\/p>\n<ul style=\"text-align: justify;\">\n<li><span style=\"font-size: 12pt; font-family: tahoma, arial, helvetica, sans-serif; color: #000000;\">De d\u00e9tecter les tentatives d\u2019intrusion,<\/span><\/li>\n<li><span style=\"font-size: 12pt; font-family: tahoma, arial, helvetica, sans-serif; color: #000000;\">de d\u00e9tecter les incidents \u00ab domestiques \u00bb tels que d\u00e9g\u00e2t des eaux, d\u00e9part de feu ou simple coupure de courant,<\/span><\/li>\n<li><span style=\"font-size: 12pt; font-family: tahoma, arial, helvetica, sans-serif; color: #000000;\">d\u2019\u00eatre alert\u00e9 localement ou \u00e0 distance.<\/span><\/li>\n<\/ul>\n<p style=\"text-align: justify;\"><span style=\"font-size: 12pt; font-family: tahoma, arial, helvetica, sans-serif; color: #000000;\">L&rsquo;alarme pour pr\u00e9venir les\u00a0<a style=\"color: #000000;\" href=\"http:\/\/fr.wikipedia.org\/wiki\/Cambriolage\">cambriolages<\/a>\u00a0est constitu\u00e9e par des\u00a0<a style=\"color: #000000;\" href=\"http:\/\/fr.wikipedia.org\/wiki\/D%C3%A9tecteur\">d\u00e9tecteurs<\/a>\u00a0de\u00a0<a style=\"color: #000000;\" href=\"http:\/\/fr.wikipedia.org\/wiki\/Mouvement_(m%C3%A9canique%2529\">mouvement<\/a>\u00a0plac\u00e9s \u00e0 la\u00a0<a style=\"color: #000000;\" href=\"http:\/\/fr.wikipedia.org\/wiki\/Porte_(architecture%2529\">porte<\/a>\u00a0d&rsquo;entr\u00e9e et \u00e9ventuellement aux\u00a0<a style=\"color: #000000;\" href=\"http:\/\/fr.wikipedia.org\/wiki\/Fen%C3%AAtre\">fen\u00eatres<\/a>\u00a0du local \u00e0 prot\u00e9ger. Si elle est amorc\u00e9e, toute personne qui p\u00e9n\u00e8tre les lieux dispose de quelques secondes pour composer un\u00a0<a style=\"color: #000000;\" href=\"http:\/\/fr.wikipedia.org\/wiki\/Mot_de_passe\">code<\/a>\u00a0permettant de la d\u00e9sactiver, faute de quoi une\u00a0<a style=\"color: #000000;\" href=\"http:\/\/fr.wikipedia.org\/wiki\/Sir%C3%A8ne_(appareil_sonore%2529\">sir\u00e8ne<\/a>\u00a0se d\u00e9clenche afin de faire fuir les intrus et de pr\u00e9venir les riverains.<\/span><\/p>\n<p style=\"text-align: justify;\"><span style=\"font-size: 12pt; font-family: tahoma, arial, helvetica, sans-serif; color: #000000;\"><u><strong>Un syst\u00e8me d&rsquo;alarme est un syst\u00e8me modulaire compos\u00e9\u00a0:<\/strong><\/u><\/span><\/p>\n<ul style=\"text-align: justify;\">\n<li><span style=\"font-size: 12pt; font-family: tahoma, arial, helvetica, sans-serif; color: #000000;\">d&rsquo;une centrale d&rsquo;alarmes, qui centralise les informations et prend la d\u00e9cision de lancer l&rsquo;alerte,<\/span><\/li>\n<li><span style=\"font-size: 12pt; font-family: tahoma, arial, helvetica, sans-serif; color: #000000;\">de d\u00e9tecteurs,<\/span><\/li>\n<li><span style=\"font-size: 12pt; font-family: tahoma, arial, helvetica, sans-serif; color: #000000;\">d&rsquo;un dispositif (sir\u00e8ne, syst\u00e8me d&rsquo;appel) destin\u00e9 \u00e0 donner l&rsquo;alerte et<\/span><\/li>\n<li><span style=\"font-size: 12pt; font-family: tahoma, arial, helvetica, sans-serif; color: #000000;\">de dispositifs de commande (t\u00e9l\u00e9commande, clavier) permettant aux utilisateurs de mettre le syst\u00e8me en marche ou \u00e0 l&rsquo;arr\u00eat.<\/span><\/li>\n<\/ul>\n<p style=\"text-align: justify;\"><span style=\"font-size: 12pt; font-family: tahoma, arial, helvetica, sans-serif; color: #000000;\">Dans certains syst\u00e8mes anti-intrusion pour de petits locaux, la centrale int\u00e8gre les dispositifs de commande et d&rsquo;alerte, les d\u00e9tecteurs \u00e9tant les seules parties s\u00e9par\u00e9es. Dans les syst\u00e8mes de d\u00e9tection de chute dans des bassins, il peut arriver que l&rsquo;alarme soit monobloc (d\u00e9tecteur, centrale, sir\u00e8ne et commande).<\/span><\/p>\n<p style=\"text-align: justify;\"><span style=\"font-size: 12pt; font-family: tahoma, arial, helvetica, sans-serif; color: #000000;\"><strong>Les d\u00e9tecteurs d&rsquo;intrusion se d\u00e9composent en deux groupes principaux\u00a0:<\/strong><\/span><\/p>\n<ul style=\"text-align: justify;\">\n<li><span style=\"font-size: 12pt; font-family: tahoma, arial, helvetica, sans-serif; color: #000000;\">les d\u00e9tecteurs p\u00e9rim\u00e9triques, comme les d\u00e9tecteurs d&rsquo;ouverture magn\u00e9tique, ils surveillent les p\u00e9rim\u00e8tres de la zone \u00e0 prot\u00e9ger, permettant notamment la protection d&rsquo;un local m\u00eame s&rsquo;il est occup\u00e9.<\/span><\/li>\n<li><span style=\"font-size: 12pt; font-family: tahoma, arial, helvetica, sans-serif; color: #000000;\">les d\u00e9tecteurs volum\u00e9triques, comme les d\u00e9tecteurs infrarouges, permettant de d\u00e9tecter les mouvements \u00e0 l&rsquo;int\u00e9rieur des zones prot\u00e9g\u00e9es.<\/span><\/li>\n<\/ul>\n<p style=\"text-align: justify;\"><span style=\"font-size: 12pt; font-family: tahoma, arial, helvetica, sans-serif; color: #000000;\">Dans les syst\u00e8mes en plusieurs modules, les communications entre les parties peuvent \u00eatre transmises\u00a0:<\/span><\/p>\n<ul style=\"text-align: justify;\">\n<li><span style=\"font-size: 12pt; font-family: tahoma, arial, helvetica, sans-serif; color: #000000;\">par un r\u00e9seau filaire, classiquement en \u00e9toile autour du central\u00a0;<\/span><\/li>\n<li><span style=\"font-size: 12pt; font-family: tahoma, arial, helvetica, sans-serif; color: #000000;\">par un r\u00e9seau hertzien, chaque module \u00e9tant alors \u00e9quip\u00e9 d&rsquo;une antenne radio et d&rsquo;un \u00e9metteur-r\u00e9cepteur.<\/span><\/li>\n<\/ul>\n<p style=\"text-align: justify;\"><span style=\"font-size: 12pt; font-family: tahoma, arial, helvetica, sans-serif; color: #000000;\">La centrale d&rsquo;alarme peut \u00e9galement \u00eatre coupl\u00e9e \u00e0 un transmetteur t\u00e9l\u00e9phonique afin de donner l&rsquo;alerte \u00e0 un centre de\u00a0<a style=\"color: #000000;\" href=\"http:\/\/fr.wikipedia.org\/wiki\/T%C3%A9l%C3%A9surveillance\">t\u00e9l\u00e9surveillance<\/a>. La centrale d&rsquo;alarme peut aussi g\u00e9rer des alarmes techniques, comme l&rsquo;incendie, le gel&#8230;\u00a0<\/span><\/p>\n","protected":false},"excerpt":{"rendered":"<p>Qu&rsquo;est ce que la domotique ? La\u00a0domotique\u00a0est l\u2019ensemble des\u00a0technologies\u00a0de l&rsquo;\u00e9lectronique, de physique du b\u00e2timent, d&rsquo;automatismes, de l&rsquo;informatique et des t\u00e9l\u00e9communications utilis\u00e9es dans les b\u00e2timents. La domotique vise \u00e0 apporter des fonctions de confort. Les principaux domaines d&rsquo;applications : la\u00a0programmation\u00a0des appareils \u00e9lectro-domestiques,\u00a0\u00e9lectrom\u00e9nagers. la gestion de l&rsquo;\u00e9nergie, du\u00a0chauffage\u00a0(par exemple, il peut g\u00e9rer les apports naturels en fonction de l&rsquo;enveloppe thermique du b\u00e2timent),<\/p>\n<p><a class=\"more-link\" href=\"https:\/\/crtech.fr\/?page_id=541\">Read More<\/a><\/p>\n","protected":false},"author":2,"featured_media":0,"parent":472,"menu_order":0,"comment_status":"closed","ping_status":"closed","template":"","meta":{"__cvm_playback_settings":[],"__cvm_video_id":"","footnotes":""},"class_list":["post-541","page","type-page","status-publish","hentry"],"yoast_head":"<!-- This site is optimized with the Yoast SEO plugin v27.4 - https:\/\/yoast.com\/product\/yoast-seo-wordpress\/ -->\n<title>Domotique ressources activit\u00e9 - Technologie cycle 4 au coll\u00e8ge Jean Monnet de Saint-Jorioz<\/title>\n<meta name=\"robots\" content=\"index, follow, max-snippet:-1, max-image-preview:large, max-video-preview:-1\" \/>\n<link rel=\"canonical\" href=\"https:\/\/crtech.fr\/?page_id=541\" \/>\n<meta property=\"og:locale\" content=\"fr_FR\" \/>\n<meta property=\"og:type\" content=\"article\" \/>\n<meta property=\"og:title\" content=\"Domotique ressources activit\u00e9 - Technologie cycle 4 au coll\u00e8ge Jean Monnet de Saint-Jorioz\" \/>\n<meta property=\"og:description\" content=\"Qu&rsquo;est ce que la domotique ? La\u00a0domotique\u00a0est l\u2019ensemble des\u00a0technologies\u00a0de l&rsquo;\u00e9lectronique, de physique du b\u00e2timent, d&rsquo;automatismes, de l&rsquo;informatique et des t\u00e9l\u00e9communications utilis\u00e9es dans les b\u00e2timents. La domotique vise \u00e0 apporter des fonctions de confort. Les principaux domaines d&rsquo;applications : la\u00a0programmation\u00a0des appareils \u00e9lectro-domestiques,\u00a0\u00e9lectrom\u00e9nagers. la gestion de l&rsquo;\u00e9nergie, du\u00a0chauffage\u00a0(par exemple, il peut g\u00e9rer les apports naturels en fonction de l&rsquo;enveloppe thermique du b\u00e2timent),Read More\" \/>\n<meta property=\"og:url\" content=\"https:\/\/crtech.fr\/?page_id=541\" \/>\n<meta property=\"og:site_name\" content=\"Technologie cycle 4 au coll\u00e8ge Jean Monnet de Saint-Jorioz\" \/>\n<meta property=\"article:modified_time\" content=\"2017-12-14T19:10:47+00:00\" \/>\n<meta property=\"og:image\" content=\"http:\/\/crtech.fr\/wp-content\/uploads\/2017\/12\/domotique-216x300.gif\" \/>\n<meta name=\"twitter:card\" content=\"summary_large_image\" \/>\n<meta name=\"twitter:label1\" content=\"Dur\u00e9e de lecture estim\u00e9e\" \/>\n\t<meta name=\"twitter:data1\" content=\"3 minutes\" \/>\n<script type=\"application\/ld+json\" class=\"yoast-schema-graph\">{\"@context\":\"https:\\\/\\\/schema.org\",\"@graph\":[{\"@type\":\"WebPage\",\"@id\":\"https:\\\/\\\/crtech.fr\\\/?page_id=541\",\"url\":\"https:\\\/\\\/crtech.fr\\\/?page_id=541\",\"name\":\"Domotique ressources activit\u00e9 - Technologie cycle 4 au coll\u00e8ge Jean Monnet de Saint-Jorioz\",\"isPartOf\":{\"@id\":\"https:\\\/\\\/crtech.fr\\\/#website\"},\"primaryImageOfPage\":{\"@id\":\"https:\\\/\\\/crtech.fr\\\/?page_id=541#primaryimage\"},\"image\":{\"@id\":\"https:\\\/\\\/crtech.fr\\\/?page_id=541#primaryimage\"},\"thumbnailUrl\":\"http:\\\/\\\/crtech.fr\\\/wp-content\\\/uploads\\\/2017\\\/12\\\/domotique-216x300.gif\",\"datePublished\":\"2017-12-14T17:26:47+00:00\",\"dateModified\":\"2017-12-14T19:10:47+00:00\",\"breadcrumb\":{\"@id\":\"https:\\\/\\\/crtech.fr\\\/?page_id=541#breadcrumb\"},\"inLanguage\":\"fr-FR\",\"potentialAction\":[{\"@type\":\"ReadAction\",\"target\":[\"https:\\\/\\\/crtech.fr\\\/?page_id=541\"]}]},{\"@type\":\"ImageObject\",\"inLanguage\":\"fr-FR\",\"@id\":\"https:\\\/\\\/crtech.fr\\\/?page_id=541#primaryimage\",\"url\":\"https:\\\/\\\/crtech.fr\\\/wp-content\\\/uploads\\\/2017\\\/12\\\/domotique.gif\",\"contentUrl\":\"https:\\\/\\\/crtech.fr\\\/wp-content\\\/uploads\\\/2017\\\/12\\\/domotique.gif\",\"width\":267,\"height\":370},{\"@type\":\"BreadcrumbList\",\"@id\":\"https:\\\/\\\/crtech.fr\\\/?page_id=541#breadcrumb\",\"itemListElement\":[{\"@type\":\"ListItem\",\"position\":1,\"name\":\"Accueil\",\"item\":\"https:\\\/\\\/crtech.fr\\\/\"},{\"@type\":\"ListItem\",\"position\":2,\"name\":\"Ressources 4\u00b0\",\"item\":\"https:\\\/\\\/crtech.fr\\\/?page_id=32\"},{\"@type\":\"ListItem\",\"position\":3,\"name\":\"Centre d\u2019int\u00e9r\u00eat N\u00b02 : S\u00e9curiser mon habitation\",\"item\":\"https:\\\/\\\/crtech.fr\\\/?page_id=472\"},{\"@type\":\"ListItem\",\"position\":4,\"name\":\"Domotique ressources activit\u00e9\"}]},{\"@type\":\"WebSite\",\"@id\":\"https:\\\/\\\/crtech.fr\\\/#website\",\"url\":\"https:\\\/\\\/crtech.fr\\\/\",\"name\":\"Technologie cycle 4 au coll\u00e8ge Jean Monnet de Saint-Jorioz\",\"description\":\"Bienvenue sur cette plateforme d&#039;activit\u00e9s et de ressources\",\"potentialAction\":[{\"@type\":\"SearchAction\",\"target\":{\"@type\":\"EntryPoint\",\"urlTemplate\":\"https:\\\/\\\/crtech.fr\\\/?s={search_term_string}\"},\"query-input\":{\"@type\":\"PropertyValueSpecification\",\"valueRequired\":true,\"valueName\":\"search_term_string\"}}],\"inLanguage\":\"fr-FR\"}]}<\/script>\n<!-- \/ Yoast SEO plugin. -->","yoast_head_json":{"title":"Domotique ressources activit\u00e9 - Technologie cycle 4 au coll\u00e8ge Jean Monnet de Saint-Jorioz","robots":{"index":"index","follow":"follow","max-snippet":"max-snippet:-1","max-image-preview":"max-image-preview:large","max-video-preview":"max-video-preview:-1"},"canonical":"https:\/\/crtech.fr\/?page_id=541","og_locale":"fr_FR","og_type":"article","og_title":"Domotique ressources activit\u00e9 - Technologie cycle 4 au coll\u00e8ge Jean Monnet de Saint-Jorioz","og_description":"Qu&rsquo;est ce que la domotique ? La\u00a0domotique\u00a0est l\u2019ensemble des\u00a0technologies\u00a0de l&rsquo;\u00e9lectronique, de physique du b\u00e2timent, d&rsquo;automatismes, de l&rsquo;informatique et des t\u00e9l\u00e9communications utilis\u00e9es dans les b\u00e2timents. La domotique vise \u00e0 apporter des fonctions de confort. Les principaux domaines d&rsquo;applications : la\u00a0programmation\u00a0des appareils \u00e9lectro-domestiques,\u00a0\u00e9lectrom\u00e9nagers. la gestion de l&rsquo;\u00e9nergie, du\u00a0chauffage\u00a0(par exemple, il peut g\u00e9rer les apports naturels en fonction de l&rsquo;enveloppe thermique du b\u00e2timent),Read More","og_url":"https:\/\/crtech.fr\/?page_id=541","og_site_name":"Technologie cycle 4 au coll\u00e8ge Jean Monnet de Saint-Jorioz","article_modified_time":"2017-12-14T19:10:47+00:00","og_image":[{"url":"http:\/\/crtech.fr\/wp-content\/uploads\/2017\/12\/domotique-216x300.gif","type":"","width":"","height":""}],"twitter_card":"summary_large_image","twitter_misc":{"Dur\u00e9e de lecture estim\u00e9e":"3 minutes"},"schema":{"@context":"https:\/\/schema.org","@graph":[{"@type":"WebPage","@id":"https:\/\/crtech.fr\/?page_id=541","url":"https:\/\/crtech.fr\/?page_id=541","name":"Domotique ressources activit\u00e9 - Technologie cycle 4 au coll\u00e8ge Jean Monnet de Saint-Jorioz","isPartOf":{"@id":"https:\/\/crtech.fr\/#website"},"primaryImageOfPage":{"@id":"https:\/\/crtech.fr\/?page_id=541#primaryimage"},"image":{"@id":"https:\/\/crtech.fr\/?page_id=541#primaryimage"},"thumbnailUrl":"http:\/\/crtech.fr\/wp-content\/uploads\/2017\/12\/domotique-216x300.gif","datePublished":"2017-12-14T17:26:47+00:00","dateModified":"2017-12-14T19:10:47+00:00","breadcrumb":{"@id":"https:\/\/crtech.fr\/?page_id=541#breadcrumb"},"inLanguage":"fr-FR","potentialAction":[{"@type":"ReadAction","target":["https:\/\/crtech.fr\/?page_id=541"]}]},{"@type":"ImageObject","inLanguage":"fr-FR","@id":"https:\/\/crtech.fr\/?page_id=541#primaryimage","url":"https:\/\/crtech.fr\/wp-content\/uploads\/2017\/12\/domotique.gif","contentUrl":"https:\/\/crtech.fr\/wp-content\/uploads\/2017\/12\/domotique.gif","width":267,"height":370},{"@type":"BreadcrumbList","@id":"https:\/\/crtech.fr\/?page_id=541#breadcrumb","itemListElement":[{"@type":"ListItem","position":1,"name":"Accueil","item":"https:\/\/crtech.fr\/"},{"@type":"ListItem","position":2,"name":"Ressources 4\u00b0","item":"https:\/\/crtech.fr\/?page_id=32"},{"@type":"ListItem","position":3,"name":"Centre d\u2019int\u00e9r\u00eat N\u00b02 : S\u00e9curiser mon habitation","item":"https:\/\/crtech.fr\/?page_id=472"},{"@type":"ListItem","position":4,"name":"Domotique ressources activit\u00e9"}]},{"@type":"WebSite","@id":"https:\/\/crtech.fr\/#website","url":"https:\/\/crtech.fr\/","name":"Technologie cycle 4 au coll\u00e8ge Jean Monnet de Saint-Jorioz","description":"Bienvenue sur cette plateforme d&#039;activit\u00e9s et de ressources","potentialAction":[{"@type":"SearchAction","target":{"@type":"EntryPoint","urlTemplate":"https:\/\/crtech.fr\/?s={search_term_string}"},"query-input":{"@type":"PropertyValueSpecification","valueRequired":true,"valueName":"search_term_string"}}],"inLanguage":"fr-FR"}]}},"_links":{"self":[{"href":"https:\/\/crtech.fr\/index.php?rest_route=\/wp\/v2\/pages\/541","targetHints":{"allow":["GET"]}}],"collection":[{"href":"https:\/\/crtech.fr\/index.php?rest_route=\/wp\/v2\/pages"}],"about":[{"href":"https:\/\/crtech.fr\/index.php?rest_route=\/wp\/v2\/types\/page"}],"author":[{"embeddable":true,"href":"https:\/\/crtech.fr\/index.php?rest_route=\/wp\/v2\/users\/2"}],"replies":[{"embeddable":true,"href":"https:\/\/crtech.fr\/index.php?rest_route=%2Fwp%2Fv2%2Fcomments&post=541"}],"version-history":[{"count":0,"href":"https:\/\/crtech.fr\/index.php?rest_route=\/wp\/v2\/pages\/541\/revisions"}],"up":[{"embeddable":true,"href":"https:\/\/crtech.fr\/index.php?rest_route=\/wp\/v2\/pages\/472"}],"wp:attachment":[{"href":"https:\/\/crtech.fr\/index.php?rest_route=%2Fwp%2Fv2%2Fmedia&parent=541"}],"curies":[{"name":"wp","href":"https:\/\/api.w.org\/{rel}","templated":true}]}}