{"id":58,"date":"2017-12-11T11:25:42","date_gmt":"2017-12-11T10:25:42","guid":{"rendered":"http:\/\/crtech.fr\/?page_id=58"},"modified":"2025-08-30T10:42:17","modified_gmt":"2025-08-30T08:42:17","slug":"accueil","status":"publish","type":"page","link":"https:\/\/crtech.fr\/","title":{"rendered":"Accueil"},"content":{"rendered":"<h4 style=\"text-align: center;\"><strong style=\"font-size: 14pt;\"><u><em>Ce site est un Espace\u00a0<\/em><em>Num\u00e9rique\u00a0<\/em><em>de Ressources pour les \u00e9l\u00e8ves<\/em><\/u><\/strong><\/h4>\n<p style=\"text-align: justify;\"><span style=\"font-size: 14pt;\"><em>\u00a0<span style=\"font-family: verdana, geneva, sans-serif; font-size: 12pt;\">Il est utilis\u00e9 :<\/span><\/em><\/span><\/p>\n<p style=\"font-weight: 400; text-align: justify;\"><span style=\"font-size: 12pt; font-family: verdana, geneva, sans-serif;\"><em>&#8211; En dehors de la classe,<\/em><em>\u00a0lors de s\u00e9ances pr\u00e9paratoires dites en \u00ab\u00a0classe invers\u00e9e\u00a0\u00bb.<\/em><\/span><\/p>\n<p style=\"font-weight: 400; text-align: justify;\"><span style=\"font-size: 12pt; font-family: verdana, geneva, sans-serif;\"><em>&#8211; En classe, au quotidien, pour les apprentissages, comme base de ressources.<\/em><\/span><\/p>\n<p style=\"font-weight: 400; text-align: justify;\"><span style=\"font-size: 12pt; font-family: verdana, geneva, sans-serif;\"><em>&#8211; Pour<\/em><em> l&rsquo;apprentissage\/perfectionnement des connaissances\/comp\u00e9tences d\u00e9velopp\u00e9es en cours, en consultant\/apprenant les notions importantes des synth\u00e8ses\/structurations mises \u00e0 disposition des \u00e9l\u00e8ves (colonne de gauche et en bas de page \u00ab\u00a0E-classeurs\u00a0\u00bb).<\/em><\/span><\/p>\n<p style=\"font-weight: 400; text-align: justify;\"><span style=\"font-size: 12pt; font-family: verdana, geneva, sans-serif;\"><em>&#8211; En cas d&rsquo;absence, chaque \u00e9l\u00e8ve a la possibilit\u00e9 de pr\u00e9parer\/rattraper son travail avec les ressources mises en ligne, depuis son domicile ou\u00a0<\/em><em>le CDI\u00a0<\/em><em>(ouvert r\u00e9guli\u00e8rement et mettant \u00e0 disposition des \u00e9l\u00e8ves des postes informatiques)<\/em><em>.<\/em><\/span><\/p>\n<p style=\"font-weight: 400; text-align: justify;\"><span style=\"font-size: 12pt; font-family: verdana, geneva, sans-serif;\"><em>L&rsquo;utilisation g\u00e9n\u00e9ralis\u00e9e d&rsquo;E-classeurs dynamiques rend nos pratiques p\u00e9dagogiques innovantes, \u00e9co-citoyennes et ayant pour objectif le \u00a0\u00bbz\u00e9ro papier\u00a0\u00bb.\u00a0 *<\/em><\/span><\/p>\n<p><iframe style=\"width: 1400px; max-width: 100%; height: 450px;\" title=\"Technologie au Coll\u00e8ge Jean Monnet St-Jorioz\" src=\"https:\/\/gamma.app\/embed\/qwiwi029d402uju\"><span data-mce-type=\"bookmark\" style=\"display: inline-block; width: 0px; overflow: hidden; line-height: 0;\" class=\"mce_SELRES_start\">\ufeff<\/span><span data-mce-type=\"bookmark\" style=\"display: inline-block; width: 0px; overflow: hidden; line-height: 0;\" class=\"mce_SELRES_start\">\ufeff<\/span><\/iframe><\/p>\n<p style=\"font-weight: 400; text-align: justify;\"><strong><span style=\"font-size: 12pt; color: #247ee5;\"><a style=\"color: #247ee5;\" href=\"http:\/\/crtech.fr\/?page_id=116\"><span style=\"font-family: verdana, geneva, sans-serif;\"><u>D\u00e9roulement des s\u00e9ances de cours en technologie :<\/u><\/span><\/a><u><\/u><\/span><\/strong><\/p>\n<p style=\"text-align: justify;\"><span style=\"font-size: 12pt; font-family: verdana, geneva, sans-serif;\">*\u00a0<u><em>Bien entendu, en cas de besoin particulier (PAP, PPS, etc.), les \u00e9l\u00e8ves peuvent obtenir (sur demande) une version papier des activit\u00e9s.<\/em><\/u><\/span><\/p>\n","protected":false},"excerpt":{"rendered":"<p>Ce site est un Espace\u00a0Num\u00e9rique\u00a0de Ressources pour les \u00e9l\u00e8ves \u00a0Il est utilis\u00e9 : &#8211; En dehors de la classe,\u00a0lors de s\u00e9ances pr\u00e9paratoires dites en \u00ab\u00a0classe invers\u00e9e\u00a0\u00bb. &#8211; En classe, au quotidien, pour les apprentissages, comme base de ressources. &#8211; Pour l&rsquo;apprentissage\/perfectionnement des connaissances\/comp\u00e9tences d\u00e9velopp\u00e9es en cours, en consultant\/apprenant les notions importantes des synth\u00e8ses\/structurations mises \u00e0 disposition des \u00e9l\u00e8ves (colonne de<\/p>\n<p><a class=\"more-link\" href=\"https:\/\/crtech.fr\/\">Read More<\/a><\/p>\n","protected":false},"author":2,"featured_media":0,"parent":0,"menu_order":0,"comment_status":"closed","ping_status":"closed","template":"","meta":{"__cvm_playback_settings":[],"__cvm_video_id":"","footnotes":""},"class_list":["post-58","page","type-page","status-publish","hentry"],"yoast_head":"<!-- This site is optimized with the Yoast SEO plugin v27.4 - https:\/\/yoast.com\/product\/yoast-seo-wordpress\/ -->\n<title>Accueil - Technologie cycle 4 au coll\u00e8ge Jean Monnet de Saint-Jorioz<\/title>\n<meta name=\"robots\" content=\"index, follow, max-snippet:-1, max-image-preview:large, max-video-preview:-1\" \/>\n<link rel=\"canonical\" href=\"https:\/\/crtech.fr\/\" \/>\n<meta property=\"og:locale\" content=\"fr_FR\" \/>\n<meta property=\"og:type\" content=\"article\" \/>\n<meta property=\"og:title\" content=\"Accueil - Technologie cycle 4 au coll\u00e8ge Jean Monnet de Saint-Jorioz\" \/>\n<meta property=\"og:description\" content=\"Ce site est un Espace\u00a0Num\u00e9rique\u00a0de Ressources pour les \u00e9l\u00e8ves \u00a0Il est utilis\u00e9 : &#8211; En dehors de la classe,\u00a0lors de s\u00e9ances pr\u00e9paratoires dites en \u00ab\u00a0classe invers\u00e9e\u00a0\u00bb. &#8211; En classe, au quotidien, pour les apprentissages, comme base de ressources. &#8211; Pour l&rsquo;apprentissage\/perfectionnement des connaissances\/comp\u00e9tences d\u00e9velopp\u00e9es en cours, en consultant\/apprenant les notions importantes des synth\u00e8ses\/structurations mises \u00e0 disposition des \u00e9l\u00e8ves (colonne deRead More\" \/>\n<meta property=\"og:url\" content=\"https:\/\/crtech.fr\/\" \/>\n<meta property=\"og:site_name\" content=\"Technologie cycle 4 au coll\u00e8ge Jean Monnet de Saint-Jorioz\" \/>\n<meta property=\"article:modified_time\" content=\"2025-08-30T08:42:17+00:00\" \/>\n<meta name=\"twitter:card\" content=\"summary_large_image\" \/>\n<meta name=\"twitter:label1\" content=\"Dur\u00e9e de lecture estim\u00e9e\" \/>\n\t<meta name=\"twitter:data1\" content=\"1 minute\" \/>\n<script type=\"application\/ld+json\" class=\"yoast-schema-graph\">{\"@context\":\"https:\\\/\\\/schema.org\",\"@graph\":[{\"@type\":\"WebPage\",\"@id\":\"https:\\\/\\\/crtech.fr\\\/\",\"url\":\"https:\\\/\\\/crtech.fr\\\/\",\"name\":\"Accueil - Technologie cycle 4 au coll\u00e8ge Jean Monnet de Saint-Jorioz\",\"isPartOf\":{\"@id\":\"https:\\\/\\\/crtech.fr\\\/#website\"},\"datePublished\":\"2017-12-11T10:25:42+00:00\",\"dateModified\":\"2025-08-30T08:42:17+00:00\",\"breadcrumb\":{\"@id\":\"https:\\\/\\\/crtech.fr\\\/#breadcrumb\"},\"inLanguage\":\"fr-FR\",\"potentialAction\":[{\"@type\":\"ReadAction\",\"target\":[\"https:\\\/\\\/crtech.fr\\\/\"]}]},{\"@type\":\"BreadcrumbList\",\"@id\":\"https:\\\/\\\/crtech.fr\\\/#breadcrumb\",\"itemListElement\":[{\"@type\":\"ListItem\",\"position\":1,\"name\":\"Accueil\",\"item\":\"https:\\\/\\\/crtech.fr\\\/\"},{\"@type\":\"ListItem\",\"position\":2,\"name\":\"Accueil\"}]},{\"@type\":\"WebSite\",\"@id\":\"https:\\\/\\\/crtech.fr\\\/#website\",\"url\":\"https:\\\/\\\/crtech.fr\\\/\",\"name\":\"Technologie cycle 4 au coll\u00e8ge Jean Monnet de Saint-Jorioz\",\"description\":\"Bienvenue sur cette plateforme d&#039;activit\u00e9s et de ressources\",\"potentialAction\":[{\"@type\":\"SearchAction\",\"target\":{\"@type\":\"EntryPoint\",\"urlTemplate\":\"https:\\\/\\\/crtech.fr\\\/?s={search_term_string}\"},\"query-input\":{\"@type\":\"PropertyValueSpecification\",\"valueRequired\":true,\"valueName\":\"search_term_string\"}}],\"inLanguage\":\"fr-FR\"}]}<\/script>\n<!-- \/ Yoast SEO plugin. -->","yoast_head_json":{"title":"Accueil - Technologie cycle 4 au coll\u00e8ge Jean Monnet de Saint-Jorioz","robots":{"index":"index","follow":"follow","max-snippet":"max-snippet:-1","max-image-preview":"max-image-preview:large","max-video-preview":"max-video-preview:-1"},"canonical":"https:\/\/crtech.fr\/","og_locale":"fr_FR","og_type":"article","og_title":"Accueil - Technologie cycle 4 au coll\u00e8ge Jean Monnet de Saint-Jorioz","og_description":"Ce site est un Espace\u00a0Num\u00e9rique\u00a0de Ressources pour les \u00e9l\u00e8ves \u00a0Il est utilis\u00e9 : &#8211; En dehors de la classe,\u00a0lors de s\u00e9ances pr\u00e9paratoires dites en \u00ab\u00a0classe invers\u00e9e\u00a0\u00bb. &#8211; En classe, au quotidien, pour les apprentissages, comme base de ressources. &#8211; Pour l&rsquo;apprentissage\/perfectionnement des connaissances\/comp\u00e9tences d\u00e9velopp\u00e9es en cours, en consultant\/apprenant les notions importantes des synth\u00e8ses\/structurations mises \u00e0 disposition des \u00e9l\u00e8ves (colonne deRead More","og_url":"https:\/\/crtech.fr\/","og_site_name":"Technologie cycle 4 au coll\u00e8ge Jean Monnet de Saint-Jorioz","article_modified_time":"2025-08-30T08:42:17+00:00","twitter_card":"summary_large_image","twitter_misc":{"Dur\u00e9e de lecture estim\u00e9e":"1 minute"},"schema":{"@context":"https:\/\/schema.org","@graph":[{"@type":"WebPage","@id":"https:\/\/crtech.fr\/","url":"https:\/\/crtech.fr\/","name":"Accueil - Technologie cycle 4 au coll\u00e8ge Jean Monnet de Saint-Jorioz","isPartOf":{"@id":"https:\/\/crtech.fr\/#website"},"datePublished":"2017-12-11T10:25:42+00:00","dateModified":"2025-08-30T08:42:17+00:00","breadcrumb":{"@id":"https:\/\/crtech.fr\/#breadcrumb"},"inLanguage":"fr-FR","potentialAction":[{"@type":"ReadAction","target":["https:\/\/crtech.fr\/"]}]},{"@type":"BreadcrumbList","@id":"https:\/\/crtech.fr\/#breadcrumb","itemListElement":[{"@type":"ListItem","position":1,"name":"Accueil","item":"https:\/\/crtech.fr\/"},{"@type":"ListItem","position":2,"name":"Accueil"}]},{"@type":"WebSite","@id":"https:\/\/crtech.fr\/#website","url":"https:\/\/crtech.fr\/","name":"Technologie cycle 4 au coll\u00e8ge Jean Monnet de Saint-Jorioz","description":"Bienvenue sur cette plateforme d&#039;activit\u00e9s et de ressources","potentialAction":[{"@type":"SearchAction","target":{"@type":"EntryPoint","urlTemplate":"https:\/\/crtech.fr\/?s={search_term_string}"},"query-input":{"@type":"PropertyValueSpecification","valueRequired":true,"valueName":"search_term_string"}}],"inLanguage":"fr-FR"}]}},"_links":{"self":[{"href":"https:\/\/crtech.fr\/index.php?rest_route=\/wp\/v2\/pages\/58","targetHints":{"allow":["GET"]}}],"collection":[{"href":"https:\/\/crtech.fr\/index.php?rest_route=\/wp\/v2\/pages"}],"about":[{"href":"https:\/\/crtech.fr\/index.php?rest_route=\/wp\/v2\/types\/page"}],"author":[{"embeddable":true,"href":"https:\/\/crtech.fr\/index.php?rest_route=\/wp\/v2\/users\/2"}],"replies":[{"embeddable":true,"href":"https:\/\/crtech.fr\/index.php?rest_route=%2Fwp%2Fv2%2Fcomments&post=58"}],"version-history":[{"count":3,"href":"https:\/\/crtech.fr\/index.php?rest_route=\/wp\/v2\/pages\/58\/revisions"}],"predecessor-version":[{"id":2254,"href":"https:\/\/crtech.fr\/index.php?rest_route=\/wp\/v2\/pages\/58\/revisions\/2254"}],"wp:attachment":[{"href":"https:\/\/crtech.fr\/index.php?rest_route=%2Fwp%2Fv2%2Fmedia&parent=58"}],"curies":[{"name":"wp","href":"https:\/\/api.w.org\/{rel}","templated":true}]}}