{"id":584,"date":"2017-12-14T19:56:18","date_gmt":"2017-12-14T18:56:18","guid":{"rendered":"http:\/\/crtech.fr\/?page_id=584"},"modified":"2019-11-25T13:59:56","modified_gmt":"2019-11-25T12:59:56","slug":"les-organigrammes","status":"publish","type":"page","link":"https:\/\/crtech.fr\/?page_id=584","title":{"rendered":"Les organigrammes"},"content":{"rendered":"<table style=\"width: 130.97%;\">\n<tbody>\n<tr style=\"height: 54px;\">\n<td style=\"width: 138%; height: 54px;\" colspan=\"2\">\n<p style=\"text-align: center;\"><span style=\"font-family: tahoma, arial, helvetica, sans-serif; font-size: 14pt; color: #000000;\"><u>Les symboles normalis\u00e9s des organigrammes<\/u><\/span><\/p>\n<p>&nbsp;<\/p>\n<p><span style=\"font-size: 12pt; font-family: tahoma, arial, helvetica, sans-serif; color: #000000;\">Un\u00a0<b>organigramme<\/b> est une repr\u00e9sentation sch\u00e9matique des liens et des relations fonctionnelles, organisationnelles et hi\u00e9rarchiques qui existent entre les \u00e9l\u00e9ments et les individus d&rsquo;une organisation formelle (association, entreprise, r\u00e9seau, etc.), d&rsquo;un programme, etc. et met en \u00e9vidence sa structure organisationnelle<\/span><\/td>\n<\/tr>\n<\/tbody>\n<\/table>\n<table style=\"width: 130.561%;\">\n<tbody>\n<tr style=\"height: 182px;\">\n<td style=\"width: 46%; text-align: center; height: 182px; vertical-align: middle;\">\n<p style=\"text-align: center;\"><span style=\"font-family: tahoma, arial, helvetica, sans-serif; font-size: 12pt; color: #000000;\"><u><strong>D\u00e9but \/ Fin<\/strong><\/u><\/span><\/p>\n<p><span style=\"font-family: tahoma, arial, helvetica, sans-serif; font-size: 12pt; color: #000000;\">Ce symbole repr\u00e9sente la situation de d\u00e9but ou de fin de programme.<\/span><\/td>\n<td style=\"width: 89.9948%; height: 182px; text-align: center; vertical-align: middle;\"><span style=\"font-family: tahoma, arial, helvetica, sans-serif; font-size: 12pt; color: #000000;\"><img decoding=\"async\" class=\"size-full wp-image-585 aligncenter\" src=\"http:\/\/crtech.fr\/wp-content\/uploads\/2017\/12\/debut.jpg\" alt=\"\" width=\"123\" height=\"96\" \/> \u00a0\u00a0\u00a0<\/span><\/td>\n<\/tr>\n<tr style=\"height: 154px;\">\n<td style=\"width: 46%; text-align: center; height: 154px; vertical-align: middle;\">\n<p style=\"text-align: center;\"><span style=\"font-family: tahoma, arial, helvetica, sans-serif; font-size: 12pt; color: #000000;\"><u><strong>Case ACTION<\/strong><\/u><\/span><\/p>\n<p><span style=\"font-family: tahoma, arial, helvetica, sans-serif; font-size: 12pt; color: #000000;\">Ce symbole repr\u00e9sente une action \u00e0 r\u00e9aliser.<\/span><\/td>\n<td style=\"width: 89.9948%; height: 154px; text-align: center; vertical-align: middle;\"><span style=\"font-family: tahoma, arial, helvetica, sans-serif; font-size: 12pt; color: #000000;\"><img decoding=\"async\" class=\"size-full wp-image-588 aligncenter\" src=\"http:\/\/crtech.fr\/wp-content\/uploads\/2017\/12\/Action.jpg\" alt=\"\" width=\"194\" height=\"100\" \/><\/span><\/td>\n<\/tr>\n<tr style=\"height: 96.0966px;\">\n<td style=\"width: 46%; text-align: center; height: 96.0966px; vertical-align: middle;\">\n<p style=\"text-align: center;\"><span style=\"font-family: tahoma, arial, helvetica, sans-serif; font-size: 12pt; color: #000000;\"><u><strong>Case TEST<\/strong><\/u><\/span><\/p>\n<p><span style=\"font-family: tahoma, arial, helvetica, sans-serif; font-size: 12pt; color: #000000;\">Ce symbole repr\u00e9sente un test sous forme de question.<\/span><\/td>\n<td style=\"width: 89.9948%; text-align: center; height: 96.0966px; vertical-align: middle;\"><span style=\"font-family: tahoma, arial, helvetica, sans-serif; font-size: 12pt; color: #000000;\">\u00a0<img decoding=\"async\" class=\"alignnone size-full wp-image-589\" src=\"http:\/\/crtech.fr\/wp-content\/uploads\/2017\/12\/condition.jpg\" alt=\"\" width=\"188\" height=\"95\" \/><\/span><\/td>\n<\/tr>\n<tr style=\"height: 50px;\">\n<td style=\"width: 135.995%; text-align: center; height: 50px; vertical-align: middle;\" colspan=\"2\"><span style=\"font-family: tahoma, arial, helvetica, sans-serif; font-size: 12pt; color: #000000;\"><u><span style=\"color: #000000; font-family: tahoma, arial, helvetica, sans-serif;\"><span style=\"font-size: 12pt;\"><b>Exemple de <\/b><\/span><span style=\"font-size: 16px;\"><b>sc\u00e9nario<\/b><\/span><span style=\"font-size: 12pt;\"><b>\u00a0:<\/b><\/span><\/span><\/u><\/span><\/td>\n<\/tr>\n<tr style=\"height: 745px;\">\n<td style=\"width: 46%; text-align: center; height: 745px; vertical-align: middle;\">&nbsp;<\/p>\n<p><span style=\"font-family: tahoma, arial, helvetica, sans-serif; font-size: 12pt; color: #000000;\"><u><strong>\u00ab\u00a0Cahier des charges\u00a0\u00bb<\/strong><\/u><\/span><\/p>\n<p style=\"text-align: justify;\"><span style=\"font-family: tahoma, arial, helvetica, sans-serif; font-size: 12pt; color: #000000;\"><strong><u>Situation de d\u00e9part<\/u><\/strong>\u00a0: les lampadaires ext\u00e9rieurs sont \u00e9teints et l\u2019alarme est activ\u00e9e.<\/span><\/p>\n<p style=\"text-align: justify;\"><span style=\"font-family: tahoma, arial, helvetica, sans-serif; font-size: 12pt; color: #000000;\"><span style=\"color: #00ff00;\"><span style=\"color: #000000;\">Apr\u00e8s avoir<\/span> <span style=\"color: #800080;\">remis \u00e0 z\u00e9ro le compteur<\/span><span style=\"color: #000000;\"> ;<\/span><br \/>\nS\u2019il fait nuit<\/span>\u00a0et qu\u2019une\u00a0<span style=\"color: #00ff00;\">pr\u00e9sence ext\u00e9rieure\u00a0est\u00a0d\u00e9tect\u00e9e<\/span>, <span style=\"color: #800080;\">les\u00a0lampadaires ext\u00e9rieurs s\u2019allument<\/span> et <span style=\"color: #800080;\">l\u2019alarme retentit<\/span>.\u00a0<span style=\"color: #00ff00;\">Au bout de 5 secondes<\/span>\u00a0<span style=\"color: #800080;\">les lampadaires ext\u00e9rieurs et l&rsquo;alarme s\u2019\u00e9teignent<\/span>. Cette suite d\u2019op\u00e9rations peut\u00a0se <span style=\"color: #00ff00;\">r\u00e9p\u00e9ter jusqu\u2019\u00e0 4 fois<\/span>.<img loading=\"lazy\" decoding=\"async\" class=\"wp-image-586 aligncenter\" src=\"http:\/\/crtech.fr\/wp-content\/uploads\/2017\/12\/exterieur.jpg\" alt=\"\" width=\"363\" height=\"311\" srcset=\"https:\/\/crtech.fr\/wp-content\/uploads\/2017\/12\/exterieur.jpg 563w, https:\/\/crtech.fr\/wp-content\/uploads\/2017\/12\/exterieur-300x257.jpg 300w\" sizes=\"(max-width: 363px) 100vw, 363px\" \/><\/span><\/p>\n<\/td>\n<td style=\"width: 89.9948%; text-align: center; height: 745px; vertical-align: middle;\"><span style=\"font-family: tahoma, arial, helvetica, sans-serif; font-size: 12pt; color: #000000;\">\u00a0<img loading=\"lazy\" decoding=\"async\" class=\"alignnone wp-image-587 \" src=\"http:\/\/crtech.fr\/wp-content\/uploads\/2017\/12\/Orga1.jpg\" alt=\"\" width=\"355\" height=\"527\" srcset=\"https:\/\/crtech.fr\/wp-content\/uploads\/2017\/12\/Orga1.jpg 327w, https:\/\/crtech.fr\/wp-content\/uploads\/2017\/12\/Orga1-202x300.jpg 202w\" sizes=\"(max-width: 355px) 100vw, 355px\" \/><\/span><\/td>\n<\/tr>\n<\/tbody>\n<\/table>\n<p>&nbsp;<\/p>\n","protected":false},"excerpt":{"rendered":"<p>Les symboles normalis\u00e9s des organigrammes &nbsp; Un\u00a0organigramme est une repr\u00e9sentation sch\u00e9matique des liens et des relations fonctionnelles, organisationnelles et hi\u00e9rarchiques qui existent entre les \u00e9l\u00e9ments et les individus d&rsquo;une organisation formelle (association, entreprise, r\u00e9seau, etc.), d&rsquo;un programme, etc. et met en \u00e9vidence sa structure organisationnelle D\u00e9but \/ Fin Ce symbole repr\u00e9sente la situation de d\u00e9but ou de fin de programme.<\/p>\n<p><a class=\"more-link\" href=\"https:\/\/crtech.fr\/?page_id=584\">Read More<\/a><\/p>\n","protected":false},"author":2,"featured_media":0,"parent":472,"menu_order":0,"comment_status":"closed","ping_status":"closed","template":"","meta":{"__cvm_playback_settings":[],"__cvm_video_id":"","footnotes":""},"class_list":["post-584","page","type-page","status-publish","hentry"],"yoast_head":"<!-- This site is optimized with the Yoast SEO plugin v27.4 - https:\/\/yoast.com\/product\/yoast-seo-wordpress\/ -->\n<title>Les organigrammes - Technologie cycle 4 au coll\u00e8ge Jean Monnet de Saint-Jorioz<\/title>\n<meta name=\"robots\" content=\"index, follow, max-snippet:-1, max-image-preview:large, max-video-preview:-1\" \/>\n<link rel=\"canonical\" href=\"https:\/\/crtech.fr\/?page_id=584\" \/>\n<meta property=\"og:locale\" content=\"fr_FR\" \/>\n<meta property=\"og:type\" content=\"article\" \/>\n<meta property=\"og:title\" content=\"Les organigrammes - Technologie cycle 4 au coll\u00e8ge Jean Monnet de Saint-Jorioz\" \/>\n<meta property=\"og:description\" content=\"Les symboles normalis\u00e9s des organigrammes &nbsp; Un\u00a0organigramme est une repr\u00e9sentation sch\u00e9matique des liens et des relations fonctionnelles, organisationnelles et hi\u00e9rarchiques qui existent entre les \u00e9l\u00e9ments et les individus d&rsquo;une organisation formelle (association, entreprise, r\u00e9seau, etc.), d&rsquo;un programme, etc. et met en \u00e9vidence sa structure organisationnelle D\u00e9but \/ Fin Ce symbole repr\u00e9sente la situation de d\u00e9but ou de fin de programme.Read More\" \/>\n<meta property=\"og:url\" content=\"https:\/\/crtech.fr\/?page_id=584\" \/>\n<meta property=\"og:site_name\" content=\"Technologie cycle 4 au coll\u00e8ge Jean Monnet de Saint-Jorioz\" \/>\n<meta property=\"article:modified_time\" content=\"2019-11-25T12:59:56+00:00\" \/>\n<meta property=\"og:image\" content=\"http:\/\/crtech.fr\/wp-content\/uploads\/2017\/12\/debut.jpg\" \/>\n<meta name=\"twitter:card\" content=\"summary_large_image\" \/>\n<meta name=\"twitter:label1\" content=\"Dur\u00e9e de lecture estim\u00e9e\" \/>\n\t<meta name=\"twitter:data1\" content=\"1 minute\" \/>\n<script type=\"application\/ld+json\" class=\"yoast-schema-graph\">{\"@context\":\"https:\\\/\\\/schema.org\",\"@graph\":[{\"@type\":\"WebPage\",\"@id\":\"https:\\\/\\\/crtech.fr\\\/?page_id=584\",\"url\":\"https:\\\/\\\/crtech.fr\\\/?page_id=584\",\"name\":\"Les organigrammes - Technologie cycle 4 au coll\u00e8ge Jean Monnet de Saint-Jorioz\",\"isPartOf\":{\"@id\":\"https:\\\/\\\/crtech.fr\\\/#website\"},\"primaryImageOfPage\":{\"@id\":\"https:\\\/\\\/crtech.fr\\\/?page_id=584#primaryimage\"},\"image\":{\"@id\":\"https:\\\/\\\/crtech.fr\\\/?page_id=584#primaryimage\"},\"thumbnailUrl\":\"http:\\\/\\\/crtech.fr\\\/wp-content\\\/uploads\\\/2017\\\/12\\\/debut.jpg\",\"datePublished\":\"2017-12-14T18:56:18+00:00\",\"dateModified\":\"2019-11-25T12:59:56+00:00\",\"breadcrumb\":{\"@id\":\"https:\\\/\\\/crtech.fr\\\/?page_id=584#breadcrumb\"},\"inLanguage\":\"fr-FR\",\"potentialAction\":[{\"@type\":\"ReadAction\",\"target\":[\"https:\\\/\\\/crtech.fr\\\/?page_id=584\"]}]},{\"@type\":\"ImageObject\",\"inLanguage\":\"fr-FR\",\"@id\":\"https:\\\/\\\/crtech.fr\\\/?page_id=584#primaryimage\",\"url\":\"https:\\\/\\\/crtech.fr\\\/wp-content\\\/uploads\\\/2017\\\/12\\\/debut.jpg\",\"contentUrl\":\"https:\\\/\\\/crtech.fr\\\/wp-content\\\/uploads\\\/2017\\\/12\\\/debut.jpg\",\"width\":123,\"height\":96},{\"@type\":\"BreadcrumbList\",\"@id\":\"https:\\\/\\\/crtech.fr\\\/?page_id=584#breadcrumb\",\"itemListElement\":[{\"@type\":\"ListItem\",\"position\":1,\"name\":\"Accueil\",\"item\":\"https:\\\/\\\/crtech.fr\\\/\"},{\"@type\":\"ListItem\",\"position\":2,\"name\":\"Ressources 4\u00b0\",\"item\":\"https:\\\/\\\/crtech.fr\\\/?page_id=32\"},{\"@type\":\"ListItem\",\"position\":3,\"name\":\"Centre d\u2019int\u00e9r\u00eat N\u00b02 : S\u00e9curiser mon habitation\",\"item\":\"https:\\\/\\\/crtech.fr\\\/?page_id=472\"},{\"@type\":\"ListItem\",\"position\":4,\"name\":\"Les organigrammes\"}]},{\"@type\":\"WebSite\",\"@id\":\"https:\\\/\\\/crtech.fr\\\/#website\",\"url\":\"https:\\\/\\\/crtech.fr\\\/\",\"name\":\"Technologie cycle 4 au coll\u00e8ge Jean Monnet de Saint-Jorioz\",\"description\":\"Bienvenue sur cette plateforme d&#039;activit\u00e9s et de ressources\",\"potentialAction\":[{\"@type\":\"SearchAction\",\"target\":{\"@type\":\"EntryPoint\",\"urlTemplate\":\"https:\\\/\\\/crtech.fr\\\/?s={search_term_string}\"},\"query-input\":{\"@type\":\"PropertyValueSpecification\",\"valueRequired\":true,\"valueName\":\"search_term_string\"}}],\"inLanguage\":\"fr-FR\"}]}<\/script>\n<!-- \/ Yoast SEO plugin. -->","yoast_head_json":{"title":"Les organigrammes - Technologie cycle 4 au coll\u00e8ge Jean Monnet de Saint-Jorioz","robots":{"index":"index","follow":"follow","max-snippet":"max-snippet:-1","max-image-preview":"max-image-preview:large","max-video-preview":"max-video-preview:-1"},"canonical":"https:\/\/crtech.fr\/?page_id=584","og_locale":"fr_FR","og_type":"article","og_title":"Les organigrammes - Technologie cycle 4 au coll\u00e8ge Jean Monnet de Saint-Jorioz","og_description":"Les symboles normalis\u00e9s des organigrammes &nbsp; Un\u00a0organigramme est une repr\u00e9sentation sch\u00e9matique des liens et des relations fonctionnelles, organisationnelles et hi\u00e9rarchiques qui existent entre les \u00e9l\u00e9ments et les individus d&rsquo;une organisation formelle (association, entreprise, r\u00e9seau, etc.), d&rsquo;un programme, etc. et met en \u00e9vidence sa structure organisationnelle D\u00e9but \/ Fin Ce symbole repr\u00e9sente la situation de d\u00e9but ou de fin de programme.Read More","og_url":"https:\/\/crtech.fr\/?page_id=584","og_site_name":"Technologie cycle 4 au coll\u00e8ge Jean Monnet de Saint-Jorioz","article_modified_time":"2019-11-25T12:59:56+00:00","og_image":[{"url":"http:\/\/crtech.fr\/wp-content\/uploads\/2017\/12\/debut.jpg","type":"","width":"","height":""}],"twitter_card":"summary_large_image","twitter_misc":{"Dur\u00e9e de lecture estim\u00e9e":"1 minute"},"schema":{"@context":"https:\/\/schema.org","@graph":[{"@type":"WebPage","@id":"https:\/\/crtech.fr\/?page_id=584","url":"https:\/\/crtech.fr\/?page_id=584","name":"Les organigrammes - Technologie cycle 4 au coll\u00e8ge Jean Monnet de Saint-Jorioz","isPartOf":{"@id":"https:\/\/crtech.fr\/#website"},"primaryImageOfPage":{"@id":"https:\/\/crtech.fr\/?page_id=584#primaryimage"},"image":{"@id":"https:\/\/crtech.fr\/?page_id=584#primaryimage"},"thumbnailUrl":"http:\/\/crtech.fr\/wp-content\/uploads\/2017\/12\/debut.jpg","datePublished":"2017-12-14T18:56:18+00:00","dateModified":"2019-11-25T12:59:56+00:00","breadcrumb":{"@id":"https:\/\/crtech.fr\/?page_id=584#breadcrumb"},"inLanguage":"fr-FR","potentialAction":[{"@type":"ReadAction","target":["https:\/\/crtech.fr\/?page_id=584"]}]},{"@type":"ImageObject","inLanguage":"fr-FR","@id":"https:\/\/crtech.fr\/?page_id=584#primaryimage","url":"https:\/\/crtech.fr\/wp-content\/uploads\/2017\/12\/debut.jpg","contentUrl":"https:\/\/crtech.fr\/wp-content\/uploads\/2017\/12\/debut.jpg","width":123,"height":96},{"@type":"BreadcrumbList","@id":"https:\/\/crtech.fr\/?page_id=584#breadcrumb","itemListElement":[{"@type":"ListItem","position":1,"name":"Accueil","item":"https:\/\/crtech.fr\/"},{"@type":"ListItem","position":2,"name":"Ressources 4\u00b0","item":"https:\/\/crtech.fr\/?page_id=32"},{"@type":"ListItem","position":3,"name":"Centre d\u2019int\u00e9r\u00eat N\u00b02 : S\u00e9curiser mon habitation","item":"https:\/\/crtech.fr\/?page_id=472"},{"@type":"ListItem","position":4,"name":"Les organigrammes"}]},{"@type":"WebSite","@id":"https:\/\/crtech.fr\/#website","url":"https:\/\/crtech.fr\/","name":"Technologie cycle 4 au coll\u00e8ge Jean Monnet de Saint-Jorioz","description":"Bienvenue sur cette plateforme d&#039;activit\u00e9s et de ressources","potentialAction":[{"@type":"SearchAction","target":{"@type":"EntryPoint","urlTemplate":"https:\/\/crtech.fr\/?s={search_term_string}"},"query-input":{"@type":"PropertyValueSpecification","valueRequired":true,"valueName":"search_term_string"}}],"inLanguage":"fr-FR"}]}},"_links":{"self":[{"href":"https:\/\/crtech.fr\/index.php?rest_route=\/wp\/v2\/pages\/584","targetHints":{"allow":["GET"]}}],"collection":[{"href":"https:\/\/crtech.fr\/index.php?rest_route=\/wp\/v2\/pages"}],"about":[{"href":"https:\/\/crtech.fr\/index.php?rest_route=\/wp\/v2\/types\/page"}],"author":[{"embeddable":true,"href":"https:\/\/crtech.fr\/index.php?rest_route=\/wp\/v2\/users\/2"}],"replies":[{"embeddable":true,"href":"https:\/\/crtech.fr\/index.php?rest_route=%2Fwp%2Fv2%2Fcomments&post=584"}],"version-history":[{"count":0,"href":"https:\/\/crtech.fr\/index.php?rest_route=\/wp\/v2\/pages\/584\/revisions"}],"up":[{"embeddable":true,"href":"https:\/\/crtech.fr\/index.php?rest_route=\/wp\/v2\/pages\/472"}],"wp:attachment":[{"href":"https:\/\/crtech.fr\/index.php?rest_route=%2Fwp%2Fv2%2Fmedia&parent=584"}],"curies":[{"name":"wp","href":"https:\/\/api.w.org\/{rel}","templated":true}]}}