{"id":595,"date":"2017-12-14T20:02:32","date_gmt":"2017-12-14T19:02:32","guid":{"rendered":"http:\/\/crtech.fr\/?page_id=595"},"modified":"2018-01-05T14:56:52","modified_gmt":"2018-01-05T13:56:52","slug":"la-representation-fonctionnelle","status":"publish","type":"page","link":"https:\/\/crtech.fr\/?page_id=595","title":{"rendered":"La repr\u00e9sentation fonctionnelle"},"content":{"rendered":"<p style=\"text-align: center;\"><b style=\"font-family: tahoma, arial, helvetica, sans-serif; font-size: 14pt; color: #000000; text-decoration-line: underline;\"><i>La repr\u00e9sentation fonctionnelle<\/i><\/b><\/p>\n<div align=\"center\"><\/div>\n<div align=\"center\">\n<table style=\"width: 122.096%;\" border=\"1\">\n<tbody>\n<tr>\n<td style=\"width: 100%;\" bgcolor=\"#FFFFFF\">\n<p align=\"left\"><span style=\"font-size: large;\">\u00a0\u00a0\u00a0\u00a0\u00a0<span style=\"font-family: tahoma, arial, helvetica, sans-serif; font-size: 12pt; color: #000000;\">\u00a0\u00a0\u00a0\u00a0<\/span><\/span><span style=\"font-family: tahoma, arial, helvetica, sans-serif; font-size: 12pt; color: #000000;\">La repr\u00e9sentation fonctionnelle est un outil qui permet\u00a0au moyen de graphiques adapt\u00e9s :<\/span><\/p>\n<ul>\n<li>\n<p align=\"left\"><span dir=\"LTR\" style=\"font-family: tahoma, arial, helvetica, sans-serif; font-size: 12pt; color: #000000;\">de\u00a0<b>d\u00e9crire<\/b>\u00a0le fonctionnement de l\u2019objet technique, par ses fonctions techniques, sous forme de blocs fonctionnels.<\/span><\/p>\n<\/li>\n<li>\n<p align=\"left\"><span style=\"font-family: tahoma, arial, helvetica, sans-serif; font-size: 12pt; color: #000000;\">d\u2019<b>associer<\/b>\u00a0des solutions techniques assur\u00e9es par des composants \u00e0 la fonction technique qu\u2019il r\u00e9alise.<\/span><\/p>\n<\/li>\n<\/ul>\n<\/td>\n<\/tr>\n<\/tbody>\n<\/table>\n<\/div>\n<div align=\"center\">\n<table style=\"width: 121.936%;\" border=\"1\">\n<tbody>\n<tr style=\"height: 515px;\">\n<td style=\"width: 100%; height: 515px;\" bgcolor=\"#FFFFFF\">\n<p align=\"center\"><span style=\"font-family: tahoma, arial, helvetica, sans-serif; font-size: 12pt; color: #000000;\"><img fetchpriority=\"high\" decoding=\"async\" class=\"alignnone wp-image-1231 size-full\" src=\"http:\/\/crtech.fr\/wp-content\/uploads\/2018\/01\/RepFon1.gif\" alt=\"\" width=\"683\" height=\"362\" \/> \u00a0<\/span><\/p>\n<p style=\"text-align: justify;\" align=\"center\"><span style=\"font-family: tahoma, arial, helvetica, sans-serif; font-size: 12pt; color: #000000;\"><i><u>NB: Les Blocs fonctionnels et Composants \u00e9tant variables d&rsquo;un syst\u00e8me \u00e0 un autre, ils sont bien \u00e9videment \u00e0 compl\u00e9ter en fonction de <strong>votre<\/strong> <strong>syst\u00e8me<\/strong>.<\/u><\/i><\/span><\/p>\n<p align=\"center\">\n<\/td>\n<\/tr>\n<tr style=\"height: 389px;\">\n<td style=\"width: 100%; text-align: center; height: 389px;\" bgcolor=\"#FFFFFF\"><span style=\"font-family: tahoma, arial, helvetica, sans-serif; font-size: 12pt; color: #000000;\"><u><b>Exemple de description pour un syst\u00e8me pilotant un store automatis\u00e9 :<\/b><\/u><\/span><\/p>\n<p align=\"center\"><span style=\"font-family: tahoma, arial, helvetica, sans-serif; font-size: 12pt; color: #000000;\"><img decoding=\"async\" class=\"alignnone wp-image-1233 size-full\" src=\"http:\/\/crtech.fr\/wp-content\/uploads\/2018\/01\/RepFon2.jpg\" alt=\"\" width=\"710\" height=\"256\" srcset=\"https:\/\/crtech.fr\/wp-content\/uploads\/2018\/01\/RepFon2.jpg 710w, https:\/\/crtech.fr\/wp-content\/uploads\/2018\/01\/RepFon2-300x108.jpg 300w\" sizes=\"(max-width: 710px) 100vw, 710px\" \/><\/span><\/p>\n<p><span style=\"font-family: tahoma, arial, helvetica, sans-serif; font-size: 12pt; color: #000000;\"><b><u>Sch\u00e9ma fonctionnel du\u00a0<\/u><\/b><u><b>store a<\/b><\/u><\/span><u style=\"color: #000000; font-family: tahoma, arial, helvetica, sans-serif; font-size: 12pt;\"><b>utomatis\u00e9<\/b><\/u><\/td>\n<\/tr>\n<tr style=\"height: 290px;\">\n<td style=\"width: 100%; height: 290px;\" bgcolor=\"#FFFFFF\">\n<p align=\"center\"><span style=\"font-family: tahoma, arial, helvetica, sans-serif; font-size: 12pt; color: #000000;\"><img decoding=\"async\" class=\"alignnone wp-image-1234 size-full\" style=\"color: #757575; font-family: inherit; font-size: inherit;\" src=\"http:\/\/crtech.fr\/wp-content\/uploads\/2018\/01\/RepFon3.gif\" alt=\"\" width=\"755\" height=\"348\" \/><\/span><\/p>\n<\/td>\n<\/tr>\n<\/tbody>\n<\/table>\n<\/div>\n","protected":false},"excerpt":{"rendered":"<p>La repr\u00e9sentation fonctionnelle \u00a0\u00a0\u00a0\u00a0\u00a0\u00a0\u00a0\u00a0\u00a0La repr\u00e9sentation fonctionnelle est un outil qui permet\u00a0au moyen de graphiques adapt\u00e9s : de\u00a0d\u00e9crire\u00a0le fonctionnement de l\u2019objet technique, par ses fonctions techniques, sous forme de blocs fonctionnels. d\u2019associer\u00a0des solutions techniques assur\u00e9es par des composants \u00e0 la fonction technique qu\u2019il r\u00e9alise. \u00a0 NB: Les Blocs fonctionnels et Composants \u00e9tant variables d&rsquo;un syst\u00e8me \u00e0 un autre, ils sont bien<\/p>\n<p><a class=\"more-link\" href=\"https:\/\/crtech.fr\/?page_id=595\">Read More<\/a><\/p>\n","protected":false},"author":2,"featured_media":0,"parent":472,"menu_order":0,"comment_status":"closed","ping_status":"closed","template":"","meta":{"__cvm_playback_settings":[],"__cvm_video_id":"","footnotes":""},"class_list":["post-595","page","type-page","status-publish","hentry"],"yoast_head":"<!-- This site is optimized with the Yoast SEO plugin v27.4 - https:\/\/yoast.com\/product\/yoast-seo-wordpress\/ -->\n<title>La repr\u00e9sentation fonctionnelle - Technologie cycle 4 au coll\u00e8ge Jean Monnet de Saint-Jorioz<\/title>\n<meta name=\"robots\" content=\"index, follow, max-snippet:-1, max-image-preview:large, max-video-preview:-1\" \/>\n<link rel=\"canonical\" href=\"https:\/\/crtech.fr\/?page_id=595\" \/>\n<meta property=\"og:locale\" content=\"fr_FR\" \/>\n<meta property=\"og:type\" content=\"article\" \/>\n<meta property=\"og:title\" content=\"La repr\u00e9sentation fonctionnelle - Technologie cycle 4 au coll\u00e8ge Jean Monnet de Saint-Jorioz\" \/>\n<meta property=\"og:description\" content=\"La repr\u00e9sentation fonctionnelle \u00a0\u00a0\u00a0\u00a0\u00a0\u00a0\u00a0\u00a0\u00a0La repr\u00e9sentation fonctionnelle est un outil qui permet\u00a0au moyen de graphiques adapt\u00e9s : de\u00a0d\u00e9crire\u00a0le fonctionnement de l\u2019objet technique, par ses fonctions techniques, sous forme de blocs fonctionnels. d\u2019associer\u00a0des solutions techniques assur\u00e9es par des composants \u00e0 la fonction technique qu\u2019il r\u00e9alise. \u00a0 NB: Les Blocs fonctionnels et Composants \u00e9tant variables d&rsquo;un syst\u00e8me \u00e0 un autre, ils sont bienRead More\" \/>\n<meta property=\"og:url\" content=\"https:\/\/crtech.fr\/?page_id=595\" \/>\n<meta property=\"og:site_name\" content=\"Technologie cycle 4 au coll\u00e8ge Jean Monnet de Saint-Jorioz\" \/>\n<meta property=\"article:modified_time\" content=\"2018-01-05T13:56:52+00:00\" \/>\n<meta property=\"og:image\" content=\"http:\/\/crtech.fr\/wp-content\/uploads\/2018\/01\/RepFon1.gif\" \/>\n<meta name=\"twitter:card\" content=\"summary_large_image\" \/>\n<script type=\"application\/ld+json\" class=\"yoast-schema-graph\">{\"@context\":\"https:\\\/\\\/schema.org\",\"@graph\":[{\"@type\":\"WebPage\",\"@id\":\"https:\\\/\\\/crtech.fr\\\/?page_id=595\",\"url\":\"https:\\\/\\\/crtech.fr\\\/?page_id=595\",\"name\":\"La repr\u00e9sentation fonctionnelle - Technologie cycle 4 au coll\u00e8ge Jean Monnet de Saint-Jorioz\",\"isPartOf\":{\"@id\":\"https:\\\/\\\/crtech.fr\\\/#website\"},\"primaryImageOfPage\":{\"@id\":\"https:\\\/\\\/crtech.fr\\\/?page_id=595#primaryimage\"},\"image\":{\"@id\":\"https:\\\/\\\/crtech.fr\\\/?page_id=595#primaryimage\"},\"thumbnailUrl\":\"http:\\\/\\\/crtech.fr\\\/wp-content\\\/uploads\\\/2018\\\/01\\\/RepFon1.gif\",\"datePublished\":\"2017-12-14T19:02:32+00:00\",\"dateModified\":\"2018-01-05T13:56:52+00:00\",\"breadcrumb\":{\"@id\":\"https:\\\/\\\/crtech.fr\\\/?page_id=595#breadcrumb\"},\"inLanguage\":\"fr-FR\",\"potentialAction\":[{\"@type\":\"ReadAction\",\"target\":[\"https:\\\/\\\/crtech.fr\\\/?page_id=595\"]}]},{\"@type\":\"ImageObject\",\"inLanguage\":\"fr-FR\",\"@id\":\"https:\\\/\\\/crtech.fr\\\/?page_id=595#primaryimage\",\"url\":\"https:\\\/\\\/crtech.fr\\\/wp-content\\\/uploads\\\/2018\\\/01\\\/RepFon1.gif\",\"contentUrl\":\"https:\\\/\\\/crtech.fr\\\/wp-content\\\/uploads\\\/2018\\\/01\\\/RepFon1.gif\",\"width\":683,\"height\":362},{\"@type\":\"BreadcrumbList\",\"@id\":\"https:\\\/\\\/crtech.fr\\\/?page_id=595#breadcrumb\",\"itemListElement\":[{\"@type\":\"ListItem\",\"position\":1,\"name\":\"Accueil\",\"item\":\"https:\\\/\\\/crtech.fr\\\/\"},{\"@type\":\"ListItem\",\"position\":2,\"name\":\"Ressources 4\u00b0\",\"item\":\"https:\\\/\\\/crtech.fr\\\/?page_id=32\"},{\"@type\":\"ListItem\",\"position\":3,\"name\":\"Centre d\u2019int\u00e9r\u00eat N\u00b02 : S\u00e9curiser mon habitation\",\"item\":\"https:\\\/\\\/crtech.fr\\\/?page_id=472\"},{\"@type\":\"ListItem\",\"position\":4,\"name\":\"La repr\u00e9sentation fonctionnelle\"}]},{\"@type\":\"WebSite\",\"@id\":\"https:\\\/\\\/crtech.fr\\\/#website\",\"url\":\"https:\\\/\\\/crtech.fr\\\/\",\"name\":\"Technologie cycle 4 au coll\u00e8ge Jean Monnet de Saint-Jorioz\",\"description\":\"Bienvenue sur cette plateforme d&#039;activit\u00e9s et de ressources\",\"potentialAction\":[{\"@type\":\"SearchAction\",\"target\":{\"@type\":\"EntryPoint\",\"urlTemplate\":\"https:\\\/\\\/crtech.fr\\\/?s={search_term_string}\"},\"query-input\":{\"@type\":\"PropertyValueSpecification\",\"valueRequired\":true,\"valueName\":\"search_term_string\"}}],\"inLanguage\":\"fr-FR\"}]}<\/script>\n<!-- \/ Yoast SEO plugin. -->","yoast_head_json":{"title":"La repr\u00e9sentation fonctionnelle - Technologie cycle 4 au coll\u00e8ge Jean Monnet de Saint-Jorioz","robots":{"index":"index","follow":"follow","max-snippet":"max-snippet:-1","max-image-preview":"max-image-preview:large","max-video-preview":"max-video-preview:-1"},"canonical":"https:\/\/crtech.fr\/?page_id=595","og_locale":"fr_FR","og_type":"article","og_title":"La repr\u00e9sentation fonctionnelle - Technologie cycle 4 au coll\u00e8ge Jean Monnet de Saint-Jorioz","og_description":"La repr\u00e9sentation fonctionnelle \u00a0\u00a0\u00a0\u00a0\u00a0\u00a0\u00a0\u00a0\u00a0La repr\u00e9sentation fonctionnelle est un outil qui permet\u00a0au moyen de graphiques adapt\u00e9s : de\u00a0d\u00e9crire\u00a0le fonctionnement de l\u2019objet technique, par ses fonctions techniques, sous forme de blocs fonctionnels. d\u2019associer\u00a0des solutions techniques assur\u00e9es par des composants \u00e0 la fonction technique qu\u2019il r\u00e9alise. \u00a0 NB: Les Blocs fonctionnels et Composants \u00e9tant variables d&rsquo;un syst\u00e8me \u00e0 un autre, ils sont bienRead More","og_url":"https:\/\/crtech.fr\/?page_id=595","og_site_name":"Technologie cycle 4 au coll\u00e8ge Jean Monnet de Saint-Jorioz","article_modified_time":"2018-01-05T13:56:52+00:00","og_image":[{"url":"http:\/\/crtech.fr\/wp-content\/uploads\/2018\/01\/RepFon1.gif","type":"","width":"","height":""}],"twitter_card":"summary_large_image","schema":{"@context":"https:\/\/schema.org","@graph":[{"@type":"WebPage","@id":"https:\/\/crtech.fr\/?page_id=595","url":"https:\/\/crtech.fr\/?page_id=595","name":"La repr\u00e9sentation fonctionnelle - Technologie cycle 4 au coll\u00e8ge Jean Monnet de Saint-Jorioz","isPartOf":{"@id":"https:\/\/crtech.fr\/#website"},"primaryImageOfPage":{"@id":"https:\/\/crtech.fr\/?page_id=595#primaryimage"},"image":{"@id":"https:\/\/crtech.fr\/?page_id=595#primaryimage"},"thumbnailUrl":"http:\/\/crtech.fr\/wp-content\/uploads\/2018\/01\/RepFon1.gif","datePublished":"2017-12-14T19:02:32+00:00","dateModified":"2018-01-05T13:56:52+00:00","breadcrumb":{"@id":"https:\/\/crtech.fr\/?page_id=595#breadcrumb"},"inLanguage":"fr-FR","potentialAction":[{"@type":"ReadAction","target":["https:\/\/crtech.fr\/?page_id=595"]}]},{"@type":"ImageObject","inLanguage":"fr-FR","@id":"https:\/\/crtech.fr\/?page_id=595#primaryimage","url":"https:\/\/crtech.fr\/wp-content\/uploads\/2018\/01\/RepFon1.gif","contentUrl":"https:\/\/crtech.fr\/wp-content\/uploads\/2018\/01\/RepFon1.gif","width":683,"height":362},{"@type":"BreadcrumbList","@id":"https:\/\/crtech.fr\/?page_id=595#breadcrumb","itemListElement":[{"@type":"ListItem","position":1,"name":"Accueil","item":"https:\/\/crtech.fr\/"},{"@type":"ListItem","position":2,"name":"Ressources 4\u00b0","item":"https:\/\/crtech.fr\/?page_id=32"},{"@type":"ListItem","position":3,"name":"Centre d\u2019int\u00e9r\u00eat N\u00b02 : S\u00e9curiser mon habitation","item":"https:\/\/crtech.fr\/?page_id=472"},{"@type":"ListItem","position":4,"name":"La repr\u00e9sentation fonctionnelle"}]},{"@type":"WebSite","@id":"https:\/\/crtech.fr\/#website","url":"https:\/\/crtech.fr\/","name":"Technologie cycle 4 au coll\u00e8ge Jean Monnet de Saint-Jorioz","description":"Bienvenue sur cette plateforme d&#039;activit\u00e9s et de ressources","potentialAction":[{"@type":"SearchAction","target":{"@type":"EntryPoint","urlTemplate":"https:\/\/crtech.fr\/?s={search_term_string}"},"query-input":{"@type":"PropertyValueSpecification","valueRequired":true,"valueName":"search_term_string"}}],"inLanguage":"fr-FR"}]}},"_links":{"self":[{"href":"https:\/\/crtech.fr\/index.php?rest_route=\/wp\/v2\/pages\/595","targetHints":{"allow":["GET"]}}],"collection":[{"href":"https:\/\/crtech.fr\/index.php?rest_route=\/wp\/v2\/pages"}],"about":[{"href":"https:\/\/crtech.fr\/index.php?rest_route=\/wp\/v2\/types\/page"}],"author":[{"embeddable":true,"href":"https:\/\/crtech.fr\/index.php?rest_route=\/wp\/v2\/users\/2"}],"replies":[{"embeddable":true,"href":"https:\/\/crtech.fr\/index.php?rest_route=%2Fwp%2Fv2%2Fcomments&post=595"}],"version-history":[{"count":0,"href":"https:\/\/crtech.fr\/index.php?rest_route=\/wp\/v2\/pages\/595\/revisions"}],"up":[{"embeddable":true,"href":"https:\/\/crtech.fr\/index.php?rest_route=\/wp\/v2\/pages\/472"}],"wp:attachment":[{"href":"https:\/\/crtech.fr\/index.php?rest_route=%2Fwp%2Fv2%2Fmedia&parent=595"}],"curies":[{"name":"wp","href":"https:\/\/api.w.org\/{rel}","templated":true}]}}